{"id":2458,"date":"2021-11-25T11:18:23","date_gmt":"2021-11-25T10:18:23","guid":{"rendered":"https:\/\/aj-teriele.nl\/startseite-muehle\/"},"modified":"2022-02-22T10:48:20","modified_gmt":"2022-02-22T09:48:20","slug":"startseite-muehle","status":"publish","type":"page","link":"https:\/\/aj-teriele.nl\/de\/startseite-muehle\/","title":{"rendered":"Startseite M\u00fchle"},"content":{"rendered":"<div class=\"wpb-content-wrapper\"><p>[vc_row][vc_column][vc_empty_space][vc_column_text]<\/p>\n<h1><span style=\"color: #0c1967;\">Cannenburgh&#8217;s Molen<\/span><\/h1>\n<p>[\/vc_column_text][\/vc_column][\/vc_row][vc_row][vc_column width=&#8221;1\/4&#8243;][vc_single_image image=&#8221;2551&#8243; img_size=&#8221;full&#8221; alignment=&#8221;center&#8221; style=&#8221;vc_box_shadow_3d&#8221;][vc_empty_space height=&#8221;32&#8243;][vc_separator color=&#8221;custom&#8221; accent_color=&#8221;#1e73be&#8221; css=&#8221;.vc_custom_1523305136202{margin-top: -20px !important;}&#8221;][vc_column_text]<\/p>\n<h4><strong><span lang=\"DE\">Zerkleinern \/ Granulieren von Produkten<\/span><\/strong><\/h4>\n<p>[\/vc_column_text][vc_empty_space height=&#8221;12px&#8221;][vc_column_text]<span lang=\"DE\">M\u00fchle A.J. te Riele Vaassen MT ist seit 1946 auf das Zerkleinern und Granulieren einer Vielzahl von Konsumg\u00fctern spezialisiert.<\/span><\/p>\n<ul>\n<li><span lang=\"DE\">Getrocknetes Gem\u00fcse.<\/span><\/li>\n<li><span lang=\"DE\">Gew\u00fcrze.<\/span><\/li>\n<li><span lang=\"DE\">Gew\u00fcrze.<\/span><\/li>\n<\/ul>\n<p><span lang=\"DE\">Die Verarbeitung und Siebung dieser Produkte erfolgt in einer kontinuierlichen Reihe von Maschinen.<\/span><\/p>\n<p><span lang=\"DE\">Die Kostenkalkulation f\u00fcr diese Vorg\u00e4nge basiert auf Maschinen-\/Stundenl\u00f6hnen.<\/span>[\/vc_column_text][\/vc_column][vc_column width=&#8221;1\/4&#8243;][vc_single_image image=&#8221;2049&#8243; img_size=&#8221;full&#8221; alignment=&#8221;center&#8221; style=&#8221;vc_box_shadow_3d&#8221;][vc_empty_space height=&#8221;32&#8243;][vc_separator color=&#8221;custom&#8221; accent_color=&#8221;#1e73be&#8221; css=&#8221;.vc_custom_1523305577504{margin-top: -20px !important;}&#8221;][vc_column_text]<\/p>\n<h4><strong><span lang=\"DE\">Zu Pulver zermahlen<\/span><\/strong><\/h4>\n<p>[\/vc_column_text][vc_empty_space height=&#8221;6px&#8221;][vc_column_text]<span lang=\"DE\">Die zuverl\u00e4ssige Zerkleinerung eines Produkts zu Pulver (&lt;250 micron) ist ein komplizierter Prozess.<br \/>\nDie M\u00fchle beherrscht diesen Prozess und kann verschiedene Lebensmittelprodukte auf weniger als 250 Mikrometer reduzieren.<\/span><\/p>\n<p><span lang=\"DE\">Der Auftragserfassung liegen unterschiedliche Muster zugrunde.<\/span><\/p>\n<ul>\n<li><span lang=\"DE\">Einstiegsprodukt.<\/span><\/li>\n<li><span lang=\"DE\">Gew\u00fcnschtes Endergebnis.<\/span><\/li>\n<\/ul>\n<p><span lang=\"DE\">Am wichtigsten sind dabei die Eigenschaften und der Feuchtigkeitsanteil des Inputmaterials.<\/span>[\/vc_column_text][\/vc_column][vc_column width=&#8221;1\/4&#8243;][vc_single_image image=&#8221;2512&#8243; img_size=&#8221;full&#8221; alignment=&#8221;center&#8221; style=&#8221;vc_box_shadow_3d&#8221;][vc_empty_space][vc_separator color=&#8221;custom&#8221; accent_color=&#8221;#1e73be&#8221; css=&#8221;.vc_custom_1523305083667{margin-top: -20px !important;}&#8221;][vc_column_text]<\/p>\n<h4><strong><span lang=\"DE\">Auf \/ Absacken von Waren<\/span><\/strong><\/h4>\n<p>[\/vc_column_text][vc_empty_space height=&#8221;12px&#8221;][vc_column_text]<span lang=\"DE\">Die ungemahlene Verarbeitung von Produkten wie Absacken \/ <\/span><span lang=\"DE\">Um<\/span><span lang=\"DE\">sacken verschiedener<\/span> <span lang=\"DE\">Produkte erfolgt bei A.J. te Riele Vaassen MT auch f\u00fcr Sie gesorgt.<\/span><\/p>\n<ul>\n<li><span lang=\"DE\">10 kg netto<\/span><\/li>\n<li><span lang=\"DE\">25 kg netto<\/span><\/li>\n<li><span lang=\"DE\">50 kg netto<\/span><\/li>\n<\/ul>\n<p><span lang=\"DE\">A. J. te Riele Vaassen MT kann hierf\u00fcr neue (beschichtete) <\/span><span lang=\"DE\">Sacken<\/span><span lang=\"DE\"> liefern.<\/span>[\/vc_column_text][\/vc_column][vc_column width=&#8221;1\/4&#8243;][vc_single_image image=&#8221;2491&#8243; img_size=&#8221;full&#8221; style=&#8221;vc_box_shadow_3d&#8221;][vc_empty_space height=&#8221;12px&#8221;][vc_separator color=&#8221;custom&#8221; accent_color=&#8221;#1e73be&#8221;][vc_column_text]<\/p>\n<h4><strong><span lang=\"DE\">Verkauf eigener Produkte<\/span><\/strong><\/h4>\n<p>[\/vc_column_text][vc_empty_space height=&#8221;12px&#8221;][vc_column_text]<span lang=\"DE\">Verkauf von diversen Produkten<\/span><\/p>\n<ul>\n<li><span lang=\"DE\">Buchweizenmehl<\/span><\/li>\n<li><span lang=\"DE\">Schlacht Mehlen<\/span><\/li>\n<li><span lang=\"DE\">Graues Mehl<\/span><\/li>\n<li><span lang=\"DE\">Erbsenmehl<\/span><\/li>\n<li><span lang=\"DE\">Spinaterbsen<\/span><\/li>\n<li><span lang=\"DE\">Kidneybohnen<\/span><\/li>\n<li><span lang=\"DE\">Wei\u00dfe Bohnen<\/span><\/li>\n<li><span lang=\"DE\">Kichererbsen<\/span><\/li>\n<li><span lang=\"DE\">CIA-Samen<\/span><\/li>\n<\/ul>\n<p>[\/vc_column_text][\/vc_column][\/vc_row][vc_row][vc_column width=&#8221;1\/3&#8243;][\/vc_column][vc_column width=&#8221;1\/3&#8243;][vc_custom_heading text=&#8221;Kontakt M\u00fchle&#8221; font_container=&#8221;tag:h2|text_align:center|color:%231e73be&#8221; link=&#8221;url:https%3A%2F%2Faj-teriele.nl%2Fde%2Fstartseite-muehle%2Fkontakt-muehle%2F|&#8221;][\/vc_column][vc_column width=&#8221;1\/3&#8243;][\/vc_column][\/vc_row][vc_row type=&#8221;vc_default&#8221; full_width_row=&#8221;true&#8221; bg_type=&#8221;image&#8221; parallax_style=&#8221;vcpb-default&#8221; bg_image_new=&#8221;id^1754|url^http:\/\/aj-teriele.nl\/wp-content\/uploads\/2017\/03\/IMG_0533.jpg|caption^null|alt^null|title^IMG_0533|description^null&#8221; bg_image_repeat=&#8221;no-repeat&#8221; bg_img_attach=&#8221;fixed&#8221; bg_override=&#8221;ex-full&#8221;][vc_column][vc_empty_space height=&#8221;250&#8243;][\/vc_column][\/vc_row]<\/p>\n<\/div>","protected":false},"excerpt":{"rendered":"<p>[vc_row][vc_column][vc_empty_space][vc_column_text] Cannenburgh&#8217;s Molen [\/vc_column_text][\/vc_column][\/vc_row][vc_row][vc_column width=&#8221;1\/4&#8243;][vc_single_image image=&#8221;2551&#8243; img_size=&#8221;full&#8221; alignment=&#8221;center&#8221; style=&#8221;vc_box_shadow_3d&#8221;][vc_empty_space height=&#8221;32&#8243;][vc_separator color=&#8221;custom&#8221; accent_color=&#8221;#1e73be&#8221; css=&#8221;.vc_custom_1523305136202{margin-top: -20px !important;}&#8221;][vc_column_text] Zerkleinern \/ Granulieren von Produkten [\/vc_column_text][vc_empty_space height=&#8221;12px&#8221;][vc_column_text]M\u00fchle A.J. te Riele Vaassen MT ist seit 1946 auf das Zerkleinern und Granulieren einer Vielzahl von Konsumg\u00fctern spezialisiert. Getrocknetes Gem\u00fcse. Gew\u00fcrze. Gew\u00fcrze. Die Verarbeitung und Siebung dieser Produkte erfolgt in einer kontinuierlichen Reihe&hellip;<\/p>\n","protected":false},"author":6,"featured_media":0,"parent":0,"menu_order":0,"comment_status":"closed","ping_status":"closed","template":"template-microsite.php","meta":{"footnotes":""},"class_list":["post-2458","page","type-page","status-publish","hentry","description-off"],"yoast_head":"<!-- This site is optimized with the Yoast SEO plugin v27.4 - https:\/\/yoast.com\/product\/yoast-seo-wordpress\/ -->\n<title>Startseite M\u00fchle - A.J. te Riele<\/title>\n<meta name=\"robots\" content=\"index, follow, max-snippet:-1, max-image-preview:large, max-video-preview:-1\" \/>\n<link rel=\"canonical\" href=\"https:\/\/aj-teriele.nl\/de\/startseite-muehle\/\" \/>\n<meta property=\"og:locale\" content=\"de_DE\" \/>\n<meta property=\"og:type\" content=\"article\" \/>\n<meta property=\"og:title\" content=\"Startseite M\u00fchle - A.J. te Riele\" \/>\n<meta property=\"og:description\" content=\"[vc_row][vc_column][vc_empty_space][vc_column_text] Cannenburgh&#8217;s Molen [\/vc_column_text][\/vc_column][\/vc_row][vc_row][vc_column width=&#8221;1\/4&#8243;][vc_single_image image=&#8221;2551&#8243; img_size=&#8221;full&#8221; alignment=&#8221;center&#8221; style=&#8221;vc_box_shadow_3d&#8221;][vc_empty_space height=&#8221;32&#8243;][vc_separator color=&#8221;custom&#8221; accent_color=&#8221;#1e73be&#8221; css=&#8221;.vc_custom_1523305136202{margin-top: -20px !important;}&#8221;][vc_column_text] Zerkleinern \/ Granulieren von Produkten [\/vc_column_text][vc_empty_space height=&#8221;12px&#8221;][vc_column_text]M\u00fchle A.J. te Riele Vaassen MT ist seit 1946 auf das Zerkleinern und Granulieren einer Vielzahl von Konsumg\u00fctern spezialisiert. Getrocknetes Gem\u00fcse. Gew\u00fcrze. Gew\u00fcrze. Die Verarbeitung und Siebung dieser Produkte erfolgt in einer kontinuierlichen Reihe&hellip;\" \/>\n<meta property=\"og:url\" content=\"https:\/\/aj-teriele.nl\/de\/startseite-muehle\/\" \/>\n<meta property=\"og:site_name\" content=\"A.J. te Riele\" \/>\n<meta property=\"article:modified_time\" content=\"2022-02-22T09:48:20+00:00\" \/>\n<meta name=\"twitter:card\" content=\"summary_large_image\" \/>\n<meta name=\"twitter:label1\" content=\"Gesch\u00e4tzte Lesezeit\" \/>\n\t<meta name=\"twitter:data1\" content=\"2\u00a0Minuten\" \/>\n<!-- \/ Yoast SEO plugin. -->","yoast_head_json":{"title":"Startseite M\u00fchle - A.J. te Riele","robots":{"index":"index","follow":"follow","max-snippet":"max-snippet:-1","max-image-preview":"max-image-preview:large","max-video-preview":"max-video-preview:-1"},"canonical":"https:\/\/aj-teriele.nl\/de\/startseite-muehle\/","og_locale":"de_DE","og_type":"article","og_title":"Startseite M\u00fchle - A.J. te Riele","og_description":"[vc_row][vc_column][vc_empty_space][vc_column_text] Cannenburgh&#8217;s Molen [\/vc_column_text][\/vc_column][\/vc_row][vc_row][vc_column width=&#8221;1\/4&#8243;][vc_single_image image=&#8221;2551&#8243; img_size=&#8221;full&#8221; alignment=&#8221;center&#8221; style=&#8221;vc_box_shadow_3d&#8221;][vc_empty_space height=&#8221;32&#8243;][vc_separator color=&#8221;custom&#8221; accent_color=&#8221;#1e73be&#8221; css=&#8221;.vc_custom_1523305136202{margin-top: -20px !important;}&#8221;][vc_column_text] Zerkleinern \/ Granulieren von Produkten [\/vc_column_text][vc_empty_space height=&#8221;12px&#8221;][vc_column_text]M\u00fchle A.J. te Riele Vaassen MT ist seit 1946 auf das Zerkleinern und Granulieren einer Vielzahl von Konsumg\u00fctern spezialisiert. Getrocknetes Gem\u00fcse. Gew\u00fcrze. Gew\u00fcrze. Die Verarbeitung und Siebung dieser Produkte erfolgt in einer kontinuierlichen Reihe&hellip;","og_url":"https:\/\/aj-teriele.nl\/de\/startseite-muehle\/","og_site_name":"A.J. te Riele","article_modified_time":"2022-02-22T09:48:20+00:00","twitter_card":"summary_large_image","twitter_misc":{"Gesch\u00e4tzte Lesezeit":"2\u00a0Minuten"},"schema":{"@context":"https:\/\/schema.org","@graph":[{"@type":"WebPage","@id":"https:\/\/aj-teriele.nl\/de\/startseite-muehle\/","url":"https:\/\/aj-teriele.nl\/de\/startseite-muehle\/","name":"Startseite M\u00fchle - A.J. te Riele","isPartOf":{"@id":"https:\/\/aj-teriele.nl\/de\/#website"},"datePublished":"2021-11-25T10:18:23+00:00","dateModified":"2022-02-22T09:48:20+00:00","breadcrumb":{"@id":"https:\/\/aj-teriele.nl\/de\/startseite-muehle\/#breadcrumb"},"inLanguage":"de","potentialAction":[{"@type":"ReadAction","target":["https:\/\/aj-teriele.nl\/de\/startseite-muehle\/"]}]},{"@type":"BreadcrumbList","@id":"https:\/\/aj-teriele.nl\/de\/startseite-muehle\/#breadcrumb","itemListElement":[{"@type":"ListItem","position":1,"name":"Home","item":"https:\/\/aj-teriele.nl\/de\/"},{"@type":"ListItem","position":2,"name":"Startseite M\u00fchle"}]},{"@type":"WebSite","@id":"https:\/\/aj-teriele.nl\/de\/#website","url":"https:\/\/aj-teriele.nl\/de\/","name":"A.J. te Riele","description":"Maalderij in Vaassen","potentialAction":[{"@type":"SearchAction","target":{"@type":"EntryPoint","urlTemplate":"https:\/\/aj-teriele.nl\/de\/?s={search_term_string}"},"query-input":{"@type":"PropertyValueSpecification","valueRequired":true,"valueName":"search_term_string"}}],"inLanguage":"de"}]}},"_links":{"self":[{"href":"https:\/\/aj-teriele.nl\/de\/wp-json\/wp\/v2\/pages\/2458","targetHints":{"allow":["GET"]}}],"collection":[{"href":"https:\/\/aj-teriele.nl\/de\/wp-json\/wp\/v2\/pages"}],"about":[{"href":"https:\/\/aj-teriele.nl\/de\/wp-json\/wp\/v2\/types\/page"}],"author":[{"embeddable":true,"href":"https:\/\/aj-teriele.nl\/de\/wp-json\/wp\/v2\/users\/6"}],"replies":[{"embeddable":true,"href":"https:\/\/aj-teriele.nl\/de\/wp-json\/wp\/v2\/comments?post=2458"}],"version-history":[{"count":5,"href":"https:\/\/aj-teriele.nl\/de\/wp-json\/wp\/v2\/pages\/2458\/revisions"}],"predecessor-version":[{"id":3031,"href":"https:\/\/aj-teriele.nl\/de\/wp-json\/wp\/v2\/pages\/2458\/revisions\/3031"}],"wp:attachment":[{"href":"https:\/\/aj-teriele.nl\/de\/wp-json\/wp\/v2\/media?parent=2458"}],"curies":[{"name":"wp","href":"https:\/\/api.w.org\/{rel}","templated":true}]}}