{"id":2465,"date":"2021-11-25T11:20:16","date_gmt":"2021-11-25T10:20:16","guid":{"rendered":"https:\/\/aj-teriele.nl\/montage-vor-ort\/"},"modified":"2022-02-22T10:26:55","modified_gmt":"2022-02-22T09:26:55","slug":"montage-vor-ort","status":"publish","type":"page","link":"https:\/\/aj-teriele.nl\/de\/home-fa-aj-te-riele-mt\/montage-vor-ort\/","title":{"rendered":"Montage vor Ort"},"content":{"rendered":"<div class=\"wpb-content-wrapper\"><p>[vc_row][vc_column][vc_empty_space]<div id=\"ultimate-heading-816269e5fa0a95e02\" class=\"uvc-heading ult-adjust-bottom-margin ultimate-heading-816269e5fa0a95e02 uvc-7043  uvc-heading-default-font-sizes\" data-hspacer=\"no_spacer\"  data-halign=\"left\" style=\"text-align:left\"><div class=\"uvc-heading-spacer no_spacer\" style=\"top\"><\/div><div class=\"uvc-main-heading ult-responsive\"  data-ultimate-target='.uvc-heading.ultimate-heading-816269e5fa0a95e02 h2'  data-responsive-json-new='{\"font-size\":\"\",\"line-height\":\"\"}' ><h2 style=\"--font-weight:theme;color:#0c1967;\">Montage vor Ort<\/h2><\/div><\/div>[vc_empty_space height=&#8221;12px&#8221;][vc_separator color=&#8221;custom&#8221; border_width=&#8221;2&#8243; accent_color=&#8221;#0c1967&#8243;][vc_empty_space height=&#8221;15px&#8221;][\/vc_column][\/vc_row][vc_row][vc_column width=&#8221;2\/3&#8243;][vc_column_text]Wir haben spezialisierte Kollegen f\u00fcr alle T\u00e4tigkeiten an Ihrem Standort. Wir f\u00fchren unter anderem folgende T\u00e4tigkeiten aus:<\/p>\n<ul>\n<li>Demontage und Montage von Rollen;<\/li>\n<li>Demontage und Montage von Lagern und Lagergeh\u00e4usen;<\/li>\n<li>Einstellen und Einstellen der automatischen Mahlgradeinstellung;<\/li>\n<li>Umstellung von manueller auf automatische servogesteuerte Mahlwerk-Spaltverstellung;<\/li>\n<li>Umbau von Keilriemenantrieb auf Doppelzahnriemenantrieb;<\/li>\n<li>Verschlei\u00dfteile ersetzen (wir verwenden nur Originalmaterialien);<\/li>\n<li>Umstellung von Sch\u00fcttlerzuf\u00fchrung auf Rollenzuf\u00fchrung.<\/li>\n<\/ul>\n<p>[\/vc_column_text][\/vc_column][vc_column width=&#8221;1\/3&#8243;][vc_single_image image=&#8221;2380&#8243; img_size=&#8221;full&#8221;][\/vc_column][\/vc_row][vc_row][vc_column][vc_column_text][\/vc_column_text][\/vc_column][\/vc_row][vc_row full_width=&#8221;stretch_row_content_no_spaces&#8221; bg_type=&#8221;image&#8221; parallax_style=&#8221;vcpb-default&#8221; bg_image_repeat=&#8221;no-repeat&#8221; bg_img_attach=&#8221;fixed&#8221; bg_override=&#8221;ex-full&#8221;][vc_column width=&#8221;1\/6&#8243; css=&#8221;.vc_custom_1491981268892{margin-bottom: 0px !important;}&#8221;][vc_single_image image=&#8221;2058&#8243;][\/vc_column][vc_column width=&#8221;2\/3&#8243;][vc_single_image image=&#8221;1596&#8243; img_size=&#8221;full&#8221; alignment=&#8221;center&#8221; image_hovers=&#8221;false&#8221;][\/vc_column][vc_column width=&#8221;1\/6&#8243;][vc_single_image image=&#8221;2521&#8243;][\/vc_column][\/vc_row]<\/p>\n<\/div>","protected":false},"excerpt":{"rendered":"<p>[vc_row][vc_column][vc_empty_space][vc_empty_space height=&#8221;12px&#8221;][vc_separator color=&#8221;custom&#8221; border_width=&#8221;2&#8243; accent_color=&#8221;#0c1967&#8243;][vc_empty_space height=&#8221;15px&#8221;][\/vc_column][\/vc_row][vc_row][vc_column width=&#8221;2\/3&#8243;][vc_column_text]Wir haben spezialisierte Kollegen f\u00fcr alle T\u00e4tigkeiten an Ihrem Standort. Wir f\u00fchren unter anderem folgende T\u00e4tigkeiten aus: Demontage und Montage von Rollen; Demontage und Montage von Lagern und Lagergeh\u00e4usen; Einstellen und Einstellen der automatischen Mahlgradeinstellung; Umstellung von manueller auf automatische servogesteuerte Mahlwerk-Spaltverstellung; Umbau von Keilriemenantrieb auf Doppelzahnriemenantrieb; Verschlei\u00dfteile ersetzen&hellip;<\/p>\n","protected":false},"author":6,"featured_media":0,"parent":2473,"menu_order":0,"comment_status":"closed","ping_status":"closed","template":"template-microsite.php","meta":{"footnotes":""},"class_list":["post-2465","page","type-page","status-publish","hentry","description-off"],"yoast_head":"<!-- This site is optimized with the Yoast SEO plugin v27.4 - https:\/\/yoast.com\/product\/yoast-seo-wordpress\/ -->\n<title>Montage vor Ort - A.J. te Riele<\/title>\n<meta name=\"robots\" content=\"index, follow, max-snippet:-1, max-image-preview:large, max-video-preview:-1\" \/>\n<link rel=\"canonical\" href=\"https:\/\/aj-teriele.nl\/de\/home-fa-aj-te-riele-mt\/montage-vor-ort\/\" \/>\n<meta property=\"og:locale\" content=\"de_DE\" \/>\n<meta property=\"og:type\" content=\"article\" \/>\n<meta property=\"og:title\" content=\"Montage vor Ort - A.J. te Riele\" \/>\n<meta property=\"og:description\" content=\"[vc_row][vc_column][vc_empty_space][vc_empty_space height=&#8221;12px&#8221;][vc_separator color=&#8221;custom&#8221; border_width=&#8221;2&#8243; accent_color=&#8221;#0c1967&#8243;][vc_empty_space height=&#8221;15px&#8221;][\/vc_column][\/vc_row][vc_row][vc_column width=&#8221;2\/3&#8243;][vc_column_text]Wir haben spezialisierte Kollegen f\u00fcr alle T\u00e4tigkeiten an Ihrem Standort. Wir f\u00fchren unter anderem folgende T\u00e4tigkeiten aus: Demontage und Montage von Rollen; Demontage und Montage von Lagern und Lagergeh\u00e4usen; Einstellen und Einstellen der automatischen Mahlgradeinstellung; Umstellung von manueller auf automatische servogesteuerte Mahlwerk-Spaltverstellung; Umbau von Keilriemenantrieb auf Doppelzahnriemenantrieb; Verschlei\u00dfteile ersetzen&hellip;\" \/>\n<meta property=\"og:url\" content=\"https:\/\/aj-teriele.nl\/de\/home-fa-aj-te-riele-mt\/montage-vor-ort\/\" \/>\n<meta property=\"og:site_name\" content=\"A.J. te Riele\" \/>\n<meta property=\"article:modified_time\" content=\"2022-02-22T09:26:55+00:00\" \/>\n<meta name=\"twitter:card\" content=\"summary_large_image\" \/>\n<meta name=\"twitter:label1\" content=\"Gesch\u00e4tzte Lesezeit\" \/>\n\t<meta name=\"twitter:data1\" content=\"1\u00a0Minute\" \/>\n<!-- \/ Yoast SEO plugin. -->","yoast_head_json":{"title":"Montage vor Ort - A.J. te Riele","robots":{"index":"index","follow":"follow","max-snippet":"max-snippet:-1","max-image-preview":"max-image-preview:large","max-video-preview":"max-video-preview:-1"},"canonical":"https:\/\/aj-teriele.nl\/de\/home-fa-aj-te-riele-mt\/montage-vor-ort\/","og_locale":"de_DE","og_type":"article","og_title":"Montage vor Ort - A.J. te Riele","og_description":"[vc_row][vc_column][vc_empty_space][vc_empty_space height=&#8221;12px&#8221;][vc_separator color=&#8221;custom&#8221; border_width=&#8221;2&#8243; accent_color=&#8221;#0c1967&#8243;][vc_empty_space height=&#8221;15px&#8221;][\/vc_column][\/vc_row][vc_row][vc_column width=&#8221;2\/3&#8243;][vc_column_text]Wir haben spezialisierte Kollegen f\u00fcr alle T\u00e4tigkeiten an Ihrem Standort. Wir f\u00fchren unter anderem folgende T\u00e4tigkeiten aus: Demontage und Montage von Rollen; Demontage und Montage von Lagern und Lagergeh\u00e4usen; Einstellen und Einstellen der automatischen Mahlgradeinstellung; Umstellung von manueller auf automatische servogesteuerte Mahlwerk-Spaltverstellung; Umbau von Keilriemenantrieb auf Doppelzahnriemenantrieb; Verschlei\u00dfteile ersetzen&hellip;","og_url":"https:\/\/aj-teriele.nl\/de\/home-fa-aj-te-riele-mt\/montage-vor-ort\/","og_site_name":"A.J. te Riele","article_modified_time":"2022-02-22T09:26:55+00:00","twitter_card":"summary_large_image","twitter_misc":{"Gesch\u00e4tzte Lesezeit":"1\u00a0Minute"},"schema":{"@context":"https:\/\/schema.org","@graph":[{"@type":"WebPage","@id":"https:\/\/aj-teriele.nl\/de\/home-fa-aj-te-riele-mt\/montage-vor-ort\/","url":"https:\/\/aj-teriele.nl\/de\/home-fa-aj-te-riele-mt\/montage-vor-ort\/","name":"Montage vor Ort - A.J. te Riele","isPartOf":{"@id":"https:\/\/aj-teriele.nl\/de\/#website"},"datePublished":"2021-11-25T10:20:16+00:00","dateModified":"2022-02-22T09:26:55+00:00","breadcrumb":{"@id":"https:\/\/aj-teriele.nl\/de\/home-fa-aj-te-riele-mt\/montage-vor-ort\/#breadcrumb"},"inLanguage":"de","potentialAction":[{"@type":"ReadAction","target":["https:\/\/aj-teriele.nl\/de\/home-fa-aj-te-riele-mt\/montage-vor-ort\/"]}]},{"@type":"BreadcrumbList","@id":"https:\/\/aj-teriele.nl\/de\/home-fa-aj-te-riele-mt\/montage-vor-ort\/#breadcrumb","itemListElement":[{"@type":"ListItem","position":1,"name":"Home","item":"https:\/\/aj-teriele.nl\/de\/"},{"@type":"ListItem","position":2,"name":"Home Fa. AJ te Riele MT","item":"https:\/\/aj-teriele.nl\/de\/home-aj-te-riele\/"},{"@type":"ListItem","position":3,"name":"Montage vor Ort"}]},{"@type":"WebSite","@id":"https:\/\/aj-teriele.nl\/de\/#website","url":"https:\/\/aj-teriele.nl\/de\/","name":"A.J. te Riele","description":"Maalderij in Vaassen","potentialAction":[{"@type":"SearchAction","target":{"@type":"EntryPoint","urlTemplate":"https:\/\/aj-teriele.nl\/de\/?s={search_term_string}"},"query-input":{"@type":"PropertyValueSpecification","valueRequired":true,"valueName":"search_term_string"}}],"inLanguage":"de"}]}},"_links":{"self":[{"href":"https:\/\/aj-teriele.nl\/de\/wp-json\/wp\/v2\/pages\/2465","targetHints":{"allow":["GET"]}}],"collection":[{"href":"https:\/\/aj-teriele.nl\/de\/wp-json\/wp\/v2\/pages"}],"about":[{"href":"https:\/\/aj-teriele.nl\/de\/wp-json\/wp\/v2\/types\/page"}],"author":[{"embeddable":true,"href":"https:\/\/aj-teriele.nl\/de\/wp-json\/wp\/v2\/users\/6"}],"replies":[{"embeddable":true,"href":"https:\/\/aj-teriele.nl\/de\/wp-json\/wp\/v2\/comments?post=2465"}],"version-history":[{"count":5,"href":"https:\/\/aj-teriele.nl\/de\/wp-json\/wp\/v2\/pages\/2465\/revisions"}],"predecessor-version":[{"id":3013,"href":"https:\/\/aj-teriele.nl\/de\/wp-json\/wp\/v2\/pages\/2465\/revisions\/3013"}],"up":[{"embeddable":true,"href":"https:\/\/aj-teriele.nl\/de\/wp-json\/wp\/v2\/pages\/2473"}],"wp:attachment":[{"href":"https:\/\/aj-teriele.nl\/de\/wp-json\/wp\/v2\/media?parent=2465"}],"curies":[{"name":"wp","href":"https:\/\/api.w.org\/{rel}","templated":true}]}}