{"id":2579,"date":"2021-11-25T14:33:22","date_gmt":"2021-11-25T13:33:22","guid":{"rendered":"https:\/\/aj-teriele.nl\/startseite-muehle\/walzwerk\/"},"modified":"2022-02-22T10:26:08","modified_gmt":"2022-02-22T09:26:08","slug":"walzwerk","status":"publish","type":"page","link":"https:\/\/aj-teriele.nl\/de\/startseite-muehle\/walzwerk\/","title":{"rendered":"Walzwerk"},"content":{"rendered":"<div class=\"wpb-content-wrapper\"><p>[vc_row][vc_column][vc_empty_space]<div id=\"ultimate-heading-722869f4594d02ebf\" class=\"uvc-heading ult-adjust-bottom-margin ultimate-heading-722869f4594d02ebf uvc-2232  uvc-heading-default-font-sizes\" data-hspacer=\"no_spacer\"  data-halign=\"left\" style=\"text-align:left\"><div class=\"uvc-heading-spacer no_spacer\" style=\"top\"><\/div><div class=\"uvc-main-heading ult-responsive\"  data-ultimate-target='.uvc-heading.ultimate-heading-722869f4594d02ebf h2'  data-responsive-json-new='{\"font-size\":\"\",\"line-height\":\"\"}' ><h2 style=\"--font-weight:theme;color:#0c1967;\">Walzen, Kr\u00fcmelwalzen und Quetschwalzen<\/h2><\/div><\/div>[vc_separator color=&#8221;custom&#8221; border_width=&#8221;2&#8243; accent_color=&#8221;#0c1967&#8243;][vc_empty_space height=&#8221;16px&#8221;][\/vc_column][\/vc_row][vc_row][vc_column width=&#8221;1\/3&#8243;]<div tabindex=\"0\" class=\"ult-new-ib ult-ib-effect-style11  ult-ib-resp  \" data-min-width=\"768\" data-max-width=\"900\" style=\"\" data-opacity=\"1\" data-hover-opacity=\"1\" ><img decoding=\"async\" class=\"ult-new-ib-img\" style=\"opacity:1;\" alt=\"null\" src=\"https:\/\/aj-teriele.nl\/wp-content\/uploads\/2017\/02\/IMG_0451.jpg\"   \/><div id=\"interactive-banner-wrap-9218\" class=\"ult-new-ib-desc\" style=\"\"><h2 class=\"ult-new-ib-title ult-responsive\"  data-ultimate-target='#interactive-banner-wrap-9218 .ult-new-ib-title'  data-responsive-json-new='{\"font-size\":\"desktop:22px;\",\"line-height\":\"\"}'  style=\"font-weight:bold;color:#0c1967;\">Mehlm\u00fchle vom Typ M\u00fchle<\/h2><\/div><\/div>[\/vc_column][vc_column width=&#8221;1\/3&#8243;]<div tabindex=\"0\" class=\"ult-new-ib ult-ib-effect-style11  ult-ib-resp  \" data-min-width=\"768\" data-max-width=\"900\" style=\"\" data-opacity=\"1\" data-hover-opacity=\"1\" ><img decoding=\"async\" class=\"ult-new-ib-img\" style=\"opacity:1;\" alt=\"null\" src=\"https:\/\/aj-teriele.nl\/wp-content\/uploads\/2015\/05\/IMG_0451.jpg\"   \/><div id=\"interactive-banner-wrap-6710\" class=\"ult-new-ib-desc\" style=\"\"><h2 class=\"ult-new-ib-title ult-responsive\"  data-ultimate-target='#interactive-banner-wrap-6710 .ult-new-ib-title'  data-responsive-json-new='{\"font-size\":\"desktop:22px;\",\"line-height\":\"\"}'  style=\"font-weight:bold;color:#0c1967;\">Granulierwalzentyp<\/h2><\/div><\/div>[\/vc_column][vc_column width=&#8221;1\/3&#8243;]<div tabindex=\"0\" class=\"ult-new-ib ult-ib-effect-style11  ult-ib-resp  \" data-min-width=\"768\" data-max-width=\"900\" style=\"\" data-opacity=\"1\" data-hover-opacity=\"1\" ><img decoding=\"async\" class=\"ult-new-ib-img\" style=\"opacity:1;\" alt=\"null\" src=\"https:\/\/aj-teriele.nl\/wp-content\/uploads\/2017\/02\/IMG_0451.jpg\"   \/><div id=\"interactive-banner-wrap-2197\" class=\"ult-new-ib-desc\" style=\"\"><h2 class=\"ult-new-ib-title ult-responsive\"  data-ultimate-target='#interactive-banner-wrap-2197 .ult-new-ib-title'  data-responsive-json-new='{\"font-size\":\"desktop:22px;\",\"line-height\":\"\"}'  style=\"font-weight:bold;color:#0c1967;\">Typ Flockenwalze<\/h2><\/div><\/div>[\/vc_column][\/vc_row][vc_row][vc_column][vc_empty_space height=&#8221;12px&#8221;][vc_column_text]Auf der ganzen Welt werden viele Arten von Walzenm\u00fchlen zum Mahlen verschiedener Produkte verwendet.<\/p>\n<p>Die Haupttypen lassen sich in drei Kategorien einteilen:<\/p>\n<ul>\n<li>Getreidemahlen f\u00fcr die Brotindustrie;<\/li>\n<li>Granulation f\u00fcr andere Produkte;<\/li>\n<li>Flaken\/Quetschen.<\/li>\n<\/ul>\n<p><strong><em>Getreide- und Saatmahlung f\u00fcr Backwaren<\/em><\/strong>.<\/p>\n<p>Wo fr\u00fcher das Getreide in 1 M\u00fchlstein zu Mehl gemahlen wurde, kennen wir heute ein Diagramm von mehreren Walzenpaaren, die das Getreide zu&#8221;Mehl\u201c mahlen. Der gro\u00dfe Unterschied bei diesem Prinzip ist die Trennung von Kleie, Keimen und dem Mehlk\u00f6rper, zum Beispiel:<br \/>\nFr\u00fcher wurde das Vollkorn in einem Arbeitsgang zu Vollkornmehl reduziert.<br \/>\nHeutige Tag: Das Mehl (150 Mikron) wird durch mehrere Profilarten und durch Sieben\/Separieren hergestellt und sp\u00e4ter beispielsweise in Halb-\/Vollkornmehl eingemischt.<\/p>\n<p>Das&#8221;Diagramm\u201c (die Zusammensetzung der Mahllinie und der Siebmaschen) ist das Herzst\u00fcck der M\u00fchle. Diese Zusammensetzung ist f\u00fcr jede M\u00fchle anders, sie bestimmt die Qualit\u00e4t und die Extraktion. Jede M\u00fchle h\u00e4lt dieses Diagramm geheim, dieses Wissen wird nicht weitergegeben oder mit anderen geteilt.<\/p>\n<p><em><strong>Andere Produkte granulieren.<\/strong><\/em><\/p>\n<p>Viele Produkte sind f\u00fcr diese Anwendung geeignet.<\/p>\n<p>Einzelprodukte:<\/p>\n<ul>\n<li>Futter;<\/li>\n<li>Zucker;<\/li>\n<li>Kaffee;<\/li>\n<li>recycling;<\/li>\n<li>Salz;<\/li>\n<li>getrocknetes Gem\u00fcse;<\/li>\n<li>Gew\u00fcrze;<\/li>\n<li>Gew\u00fcrze.<\/li>\n<\/ul>\n<p>Die Anzahl der Profile und deren Neigung bestimmen die Qualit\u00e4t des Granulats. Basis sind 2 L\u00e4ngsriffelwalzen mit mind. 8% Drall und einem Winkel von 20\/60 Grad. Dieses Profil hat ein gutes Qualit\u00e4ts-\/Mengenverh\u00e4ltnis. Wenn wir an dem Verh\u00e4ltnis herumbasteln, wird das Ergebnis sein:<\/p>\n<ul>\n<li>steigende Qualit\u00e4t verringert Quantit\u00e4t;<\/li>\n<li>eine Verringerung der Qualit\u00e4t erh\u00f6ht die Quantit\u00e4t.<\/li>\n<\/ul>\n<p>A.J. te Riele Vaassen MT hat das Wissen, Ihre speziellen W\u00fcnsche zu erarbeiten und Sie gut zu beraten.<\/p>\n<p><b><i>Florieren oder Quetschen<\/i><\/b><\/p>\n<p>Das Abflachen erfolgt zwischen Walzen mit gro\u00dfem Durchmesser. Der Durchmesser sorgt f\u00fcr eine l\u00e4ngere Kontaktfl\u00e4che mit dem Produkt. Der gro\u00dfe Durchmesser verleiht den Rollen auch ein gr\u00f6\u00dferes Gewicht. Die Aussage lautet:<\/p>\n<p>Druck x Mahlen = Ergebnis<br \/>\nJe h\u00f6her der Mahldruck und je l\u00e4nger der Mahlweg, desto d\u00fcnnerer Flake. Dabei spielt der Geschwindigkeitsunterschied zwischen den beiden Walzen und der Abstand (Mahlspalte) eine gro\u00dfe Rolle. Ein wichtiger Faktor ist nat\u00fcrlich das Inputmaterial (nat\u00fcrliche Eigenschaften, Feuchtigkeit und Spr\u00f6digkeit).[\/vc_column_text][\/vc_column][\/vc_row][vc_row][vc_column][vc_empty_space][vc_row_inner][vc_column_inner width=&#8221;1\/3&#8243;][\/vc_column_inner][vc_column_inner width=&#8221;1\/3&#8243;][vc_single_image image=&#8221;2180&#8243; img_size=&#8221;full&#8221; alignment=&#8221;center&#8221;][\/vc_column_inner][vc_column_inner width=&#8221;1\/3&#8243;][\/vc_column_inner][\/vc_row_inner][\/vc_column][\/vc_row]<\/p>\n<\/div>","protected":false},"excerpt":{"rendered":"<p>[vc_row][vc_column][vc_empty_space][vc_separator color=&#8221;custom&#8221; border_width=&#8221;2&#8243; accent_color=&#8221;#0c1967&#8243;][vc_empty_space height=&#8221;16px&#8221;][\/vc_column][\/vc_row][vc_row][vc_column width=&#8221;1\/3&#8243;][\/vc_column][vc_column width=&#8221;1\/3&#8243;][\/vc_column][vc_column width=&#8221;1\/3&#8243;][\/vc_column][\/vc_row][vc_row][vc_column][vc_empty_space height=&#8221;12px&#8221;][vc_column_text]Auf der ganzen Welt werden viele Arten von Walzenm\u00fchlen zum Mahlen verschiedener Produkte verwendet. Die Haupttypen lassen sich in drei Kategorien einteilen: Getreidemahlen f\u00fcr die Brotindustrie; Granulation f\u00fcr andere Produkte; Flaken\/Quetschen. Getreide- und Saatmahlung f\u00fcr Backwaren. Wo fr\u00fcher das Getreide in 1 M\u00fchlstein zu Mehl gemahlen wurde,&hellip;<\/p>\n","protected":false},"author":6,"featured_media":0,"parent":2458,"menu_order":0,"comment_status":"closed","ping_status":"closed","template":"template-microsite.php","meta":{"footnotes":""},"class_list":["post-2579","page","type-page","status-publish","hentry","description-off"],"yoast_head":"<!-- This site is optimized with the Yoast SEO plugin v27.5 - https:\/\/yoast.com\/product\/yoast-seo-wordpress\/ -->\n<title>Walzwerk - A.J. te Riele<\/title>\n<meta name=\"robots\" content=\"index, follow, max-snippet:-1, max-image-preview:large, max-video-preview:-1\" \/>\n<link rel=\"canonical\" href=\"https:\/\/aj-teriele.nl\/de\/startseite-muehle\/walzwerk\/\" \/>\n<meta property=\"og:locale\" content=\"de_DE\" \/>\n<meta property=\"og:type\" content=\"article\" \/>\n<meta property=\"og:title\" content=\"Walzwerk - A.J. te Riele\" \/>\n<meta property=\"og:description\" content=\"[vc_row][vc_column][vc_empty_space][vc_separator color=&#8221;custom&#8221; border_width=&#8221;2&#8243; accent_color=&#8221;#0c1967&#8243;][vc_empty_space height=&#8221;16px&#8221;][\/vc_column][\/vc_row][vc_row][vc_column width=&#8221;1\/3&#8243;][\/vc_column][vc_column width=&#8221;1\/3&#8243;][\/vc_column][vc_column width=&#8221;1\/3&#8243;][\/vc_column][\/vc_row][vc_row][vc_column][vc_empty_space height=&#8221;12px&#8221;][vc_column_text]Auf der ganzen Welt werden viele Arten von Walzenm\u00fchlen zum Mahlen verschiedener Produkte verwendet. Die Haupttypen lassen sich in drei Kategorien einteilen: Getreidemahlen f\u00fcr die Brotindustrie; Granulation f\u00fcr andere Produkte; Flaken\/Quetschen. Getreide- und Saatmahlung f\u00fcr Backwaren. Wo fr\u00fcher das Getreide in 1 M\u00fchlstein zu Mehl gemahlen wurde,&hellip;\" \/>\n<meta property=\"og:url\" content=\"https:\/\/aj-teriele.nl\/de\/startseite-muehle\/walzwerk\/\" \/>\n<meta property=\"og:site_name\" content=\"A.J. te Riele\" \/>\n<meta property=\"article:modified_time\" content=\"2022-02-22T09:26:08+00:00\" \/>\n<meta name=\"twitter:card\" content=\"summary_large_image\" \/>\n<meta name=\"twitter:label1\" content=\"Gesch\u00e4tzte Lesezeit\" \/>\n\t<meta name=\"twitter:data1\" content=\"3\u00a0Minuten\" \/>\n<!-- \/ Yoast SEO plugin. -->","yoast_head_json":{"title":"Walzwerk - A.J. te Riele","robots":{"index":"index","follow":"follow","max-snippet":"max-snippet:-1","max-image-preview":"max-image-preview:large","max-video-preview":"max-video-preview:-1"},"canonical":"https:\/\/aj-teriele.nl\/de\/startseite-muehle\/walzwerk\/","og_locale":"de_DE","og_type":"article","og_title":"Walzwerk - A.J. te Riele","og_description":"[vc_row][vc_column][vc_empty_space][vc_separator color=&#8221;custom&#8221; border_width=&#8221;2&#8243; accent_color=&#8221;#0c1967&#8243;][vc_empty_space height=&#8221;16px&#8221;][\/vc_column][\/vc_row][vc_row][vc_column width=&#8221;1\/3&#8243;][\/vc_column][vc_column width=&#8221;1\/3&#8243;][\/vc_column][vc_column width=&#8221;1\/3&#8243;][\/vc_column][\/vc_row][vc_row][vc_column][vc_empty_space height=&#8221;12px&#8221;][vc_column_text]Auf der ganzen Welt werden viele Arten von Walzenm\u00fchlen zum Mahlen verschiedener Produkte verwendet. Die Haupttypen lassen sich in drei Kategorien einteilen: Getreidemahlen f\u00fcr die Brotindustrie; Granulation f\u00fcr andere Produkte; Flaken\/Quetschen. Getreide- und Saatmahlung f\u00fcr Backwaren. Wo fr\u00fcher das Getreide in 1 M\u00fchlstein zu Mehl gemahlen wurde,&hellip;","og_url":"https:\/\/aj-teriele.nl\/de\/startseite-muehle\/walzwerk\/","og_site_name":"A.J. te Riele","article_modified_time":"2022-02-22T09:26:08+00:00","twitter_card":"summary_large_image","twitter_misc":{"Gesch\u00e4tzte Lesezeit":"3\u00a0Minuten"},"schema":{"@context":"https:\/\/schema.org","@graph":[{"@type":"WebPage","@id":"https:\/\/aj-teriele.nl\/de\/startseite-muehle\/walzwerk\/","url":"https:\/\/aj-teriele.nl\/de\/startseite-muehle\/walzwerk\/","name":"Walzwerk - A.J. te Riele","isPartOf":{"@id":"https:\/\/aj-teriele.nl\/de\/#website"},"datePublished":"2021-11-25T13:33:22+00:00","dateModified":"2022-02-22T09:26:08+00:00","breadcrumb":{"@id":"https:\/\/aj-teriele.nl\/de\/startseite-muehle\/walzwerk\/#breadcrumb"},"inLanguage":"de","potentialAction":[{"@type":"ReadAction","target":["https:\/\/aj-teriele.nl\/de\/startseite-muehle\/walzwerk\/"]}]},{"@type":"BreadcrumbList","@id":"https:\/\/aj-teriele.nl\/de\/startseite-muehle\/walzwerk\/#breadcrumb","itemListElement":[{"@type":"ListItem","position":1,"name":"Home","item":"https:\/\/aj-teriele.nl\/de\/"},{"@type":"ListItem","position":2,"name":"Startseite M\u00fchle","item":"https:\/\/aj-teriele.nl\/de\/startseite-muehle\/"},{"@type":"ListItem","position":3,"name":"Walzwerk"}]},{"@type":"WebSite","@id":"https:\/\/aj-teriele.nl\/de\/#website","url":"https:\/\/aj-teriele.nl\/de\/","name":"A.J. te Riele","description":"Maalderij in Vaassen","potentialAction":[{"@type":"SearchAction","target":{"@type":"EntryPoint","urlTemplate":"https:\/\/aj-teriele.nl\/de\/?s={search_term_string}"},"query-input":{"@type":"PropertyValueSpecification","valueRequired":true,"valueName":"search_term_string"}}],"inLanguage":"de"}]}},"_links":{"self":[{"href":"https:\/\/aj-teriele.nl\/de\/wp-json\/wp\/v2\/pages\/2579","targetHints":{"allow":["GET"]}}],"collection":[{"href":"https:\/\/aj-teriele.nl\/de\/wp-json\/wp\/v2\/pages"}],"about":[{"href":"https:\/\/aj-teriele.nl\/de\/wp-json\/wp\/v2\/types\/page"}],"author":[{"embeddable":true,"href":"https:\/\/aj-teriele.nl\/de\/wp-json\/wp\/v2\/users\/6"}],"replies":[{"embeddable":true,"href":"https:\/\/aj-teriele.nl\/de\/wp-json\/wp\/v2\/comments?post=2579"}],"version-history":[{"count":4,"href":"https:\/\/aj-teriele.nl\/de\/wp-json\/wp\/v2\/pages\/2579\/revisions"}],"predecessor-version":[{"id":3009,"href":"https:\/\/aj-teriele.nl\/de\/wp-json\/wp\/v2\/pages\/2579\/revisions\/3009"}],"up":[{"embeddable":true,"href":"https:\/\/aj-teriele.nl\/de\/wp-json\/wp\/v2\/pages\/2458"}],"wp:attachment":[{"href":"https:\/\/aj-teriele.nl\/de\/wp-json\/wp\/v2\/media?parent=2579"}],"curies":[{"name":"wp","href":"https:\/\/api.w.org\/{rel}","templated":true}]}}