{"id":2582,"date":"2021-11-25T14:36:08","date_gmt":"2021-11-25T13:36:08","guid":{"rendered":"https:\/\/aj-teriele.nl\/startseite-muehle\/kontakt-muehle\/"},"modified":"2022-02-15T15:51:04","modified_gmt":"2022-02-15T14:51:04","slug":"kontakt-muehle","status":"publish","type":"page","link":"https:\/\/aj-teriele.nl\/de\/startseite-muehle\/kontakt-muehle\/","title":{"rendered":"Kontakt &#8211; M\u00fchle"},"content":{"rendered":"<div class=\"wpb-content-wrapper\"><p>[vc_row][vc_column][vc_empty_space][vc_row_inner css=&#8221;.vc_custom_1491991080826{margin-bottom: 0px !important;}&#8221;][vc_column_inner width=&#8221;1\/2&#8243;][vc_empty_space]<div id=\"ultimate-heading-796669e7485c46b6f\" class=\"uvc-heading ult-adjust-bottom-margin ultimate-heading-796669e7485c46b6f uvc-9326 \" data-hspacer=\"no_spacer\"  data-halign=\"center\" style=\"text-align:center\"><div class=\"uvc-heading-spacer no_spacer\" style=\"top\"><\/div><div class=\"uvc-main-heading ult-responsive\"  data-ultimate-target='.uvc-heading.ultimate-heading-796669e7485c46b6f h2'  data-responsive-json-new='{\"font-size\":\"desktop:22px;\",\"line-height\":\"\"}' ><h2 style=\"--font-weight:theme;color:#0c1967;\">Cannenburgh's m\u00fchle Vaassen<\/h2><\/div><\/div>[vc_separator color=&#8221;custom&#8221; border_width=&#8221;2&#8243; accent_color=&#8221;#0c1967&#8243;][vc_column_text]<\/p>\n<p style=\"text-align: left;\">Wir sind gerne f\u00fcr Sie da.<br \/>\nWenn Sie eine Frage oder eine Bestellung haben, k\u00f6nnen Sie diese hier eingeben.<br \/>\nWir werden Sie so schnell wie m\u00f6glich kontaktieren.<\/p>\n<p>[\/vc_column_text][\/vc_column_inner][vc_column_inner width=&#8221;1\/2&#8243; offset=&#8221;vc_hidden-sm vc_hidden-xs&#8221;][vc_empty_space]<div id=\"ultimate-heading-403669e7485c46c41\" class=\"uvc-heading ult-adjust-bottom-margin ultimate-heading-403669e7485c46c41 uvc-9216 \" data-hspacer=\"no_spacer\"  data-halign=\"center\" style=\"text-align:center\"><div class=\"uvc-heading-spacer no_spacer\" style=\"top\"><\/div><div class=\"uvc-main-heading ult-responsive\"  data-ultimate-target='.uvc-heading.ultimate-heading-403669e7485c46c41 h2'  data-responsive-json-new='{\"font-size\":\"desktop:22px;\",\"line-height\":\"\"}' ><h2 style=\"--font-weight:theme;color:#0c1967;\">Direkten Kontakt<\/h2><\/div><\/div>[vc_separator color=&#8221;custom&#8221; border_width=&#8221;2&#8243; accent_color=&#8221;#0c1967&#8243;]\n<div class=\"wpcf7 no-js\" id=\"wpcf7-f2608-o1\" lang=\"de-DE\" dir=\"ltr\" data-wpcf7-id=\"2608\">\n<div class=\"screen-reader-response\"><p role=\"status\" aria-live=\"polite\" aria-atomic=\"true\"><\/p> <ul><\/ul><\/div>\n<form action=\"\/de\/wp-json\/wp\/v2\/pages\/2582#wpcf7-f2608-o1\" method=\"post\" class=\"wpcf7-form init\" aria-label=\"Kontaktformular\" novalidate=\"novalidate\" data-status=\"init\">\n<fieldset class=\"hidden-fields-container\"><input type=\"hidden\" name=\"_wpcf7\" value=\"2608\" \/><input type=\"hidden\" name=\"_wpcf7_version\" value=\"6.1.5\" \/><input type=\"hidden\" name=\"_wpcf7_locale\" value=\"de_DE\" \/><input type=\"hidden\" name=\"_wpcf7_unit_tag\" value=\"wpcf7-f2608-o1\" \/><input type=\"hidden\" name=\"_wpcf7_container_post\" value=\"0\" \/><input type=\"hidden\" name=\"_wpcf7_posted_data_hash\" value=\"\" \/><input type=\"hidden\" name=\"_wpcf7_recaptcha_response\" value=\"\" \/>\n<\/fieldset>\n<p><span id=\"wpcf7-69e7485c48680-wrapper\" class=\"wpcf7-form-control-wrap email-661-wrap\" ><input type=\"hidden\" name=\"email-661-time-start\" value=\"1776765020\"><input type=\"hidden\" name=\"email-661-time-check\" value=\"4\"><label for=\"wpcf7-69e7485c48680-field\" class=\"hp-message\">Bitte lasse dieses Feld leer.<\/label><input id=\"wpcf7-69e7485c48680-field\"  class=\"wpcf7-form-control wpcf7-text\" type=\"text\" name=\"email-661\" value=\"\" size=\"40\" tabindex=\"-1\" autocomplete=\"new-password\" \/><\/span><br \/>\n\t<font color=\"14145c\" original=\"PGg0Pg==\">\n\t<\/font>\n<\/p>\n<p>Name:<br\/h4 \/><br \/>\n<span class=\"wpcf7-form-control-wrap\" data-name=\"your-name\"><input size=\"40\" maxlength=\"400\" class=\"wpcf7-form-control wpcf7-text wpcf7-validates-as-required\" aria-required=\"true\" aria-invalid=\"false\" value=\"\" type=\"text\" name=\"your-name\" \/><\/span>\n<\/p>\n<p>Name der Firma:\n<\/p>\n<p><span class=\"wpcf7-form-control-wrap\" data-name=\"Bedrijfsnaam\"><input size=\"40\" maxlength=\"400\" class=\"wpcf7-form-control wpcf7-text wpcf7-validates-as-required\" aria-required=\"true\" aria-invalid=\"false\" value=\"\" type=\"text\" name=\"Bedrijfsnaam\" \/><\/span>\n<\/p>\n<p>E-mail:\n<\/p>\n<p><span class=\"wpcf7-form-control-wrap\" data-name=\"your-email\"><input size=\"40\" maxlength=\"400\" class=\"wpcf7-form-control wpcf7-email wpcf7-validates-as-required wpcf7-text wpcf7-validates-as-email\" aria-required=\"true\" aria-invalid=\"false\" value=\"\" type=\"email\" name=\"your-email\" \/><\/span>\n<\/p>\n<p>Telefon:\n<\/p>\n<p><span class=\"wpcf7-form-control-wrap\" data-name=\"your-email\"><input size=\"40\" maxlength=\"400\" class=\"wpcf7-form-control wpcf7-text wpcf7-validates-as-required\" aria-required=\"true\" aria-invalid=\"false\" value=\"\" type=\"text\" name=\"your-email\" \/><\/span>\n<\/p>\n<p>Frage\/Bestellung:<br \/>\n<br \/>\n<span class=\"wpcf7-form-control-wrap\" data-name=\"your-message\"><textarea cols=\"40\" rows=\"10\" maxlength=\"2000\" class=\"wpcf7-form-control wpcf7-textarea\" aria-invalid=\"false\" name=\"your-message\"><\/textarea><\/span>\n<\/p>\n<p><input class=\"wpcf7-form-control wpcf7-submit has-spinner\" type=\"submit\" value=\"Verzenden\" \/>\n<\/p><div class=\"wpcf7-response-output\" aria-hidden=\"true\"><\/div>\n<\/form>\n<\/div>\n[\/vc_column_inner][\/vc_row_inner][vc_row_inner][vc_column_inner el_class=&#8221;top&#8221; width=&#8221;1\/2&#8243; offset=&#8221;vc_hidden-sm vc_hidden-xs&#8221;]<div id=\"ultimate-heading-384569e7485c489cb\" class=\"uvc-heading ult-adjust-bottom-margin ultimate-heading-384569e7485c489cb uvc-2283 \" data-hspacer=\"no_spacer\"  data-halign=\"center\" style=\"text-align:center\"><div class=\"uvc-heading-spacer no_spacer\" style=\"top\"><\/div><div class=\"uvc-main-heading ult-responsive\"  data-ultimate-target='.uvc-heading.ultimate-heading-384569e7485c489cb h2'  data-responsive-json-new='{\"font-size\":\"desktop:22px;\",\"line-height\":\"\"}' ><h2 style=\"--font-weight:theme;color:#0c1967;\">Direktwerbung<\/h2><\/div><\/div>[vc_separator color=&#8221;custom&#8221; border_width=&#8221;2&#8243; accent_color=&#8221;#0c1967&#8243;][vc_column_text]<\/p>\n<p style=\"text-align: left;\"><span class=\"normaltekst\" style=\"color: #4d4d4d;\">Die Anfrage geht an unsere M\u00fchlen-E-Mail-Adresse.<\/span><\/p>\n<p>[\/vc_column_text][\/vc_column_inner][\/vc_row_inner][vc_row_inner][vc_column_inner el_class=&#8221;height&#8221; width=&#8221;1\/2&#8243; offset=&#8221;vc_hidden-sm vc_hidden-xs&#8221;]<div id=\"ultimate-heading-35569e7485c48a75\" class=\"uvc-heading ult-adjust-bottom-margin ultimate-heading-35569e7485c48a75 uvc-7418 \" data-hspacer=\"no_spacer\"  data-halign=\"center\" style=\"text-align:center\"><div class=\"uvc-heading-spacer no_spacer\" style=\"top\"><\/div><div class=\"uvc-main-heading ult-responsive\"  data-ultimate-target='.uvc-heading.ultimate-heading-35569e7485c48a75 h2'  data-responsive-json-new='{\"font-size\":\"desktop:22px;\",\"line-height\":\"\"}' ><h2 style=\"--font-weight:theme;color:#0c1967;\">Kontakt<\/h2><\/div><\/div>[vc_separator color=&#8221;custom&#8221; border_width=&#8221;2&#8243; accent_color=&#8221;#0c1967&#8243;][vc_column_text css=&#8221;.vc_custom_1644936661129{margin-left: 0px !important;}&#8221;]<\/p>\n<p style=\"text-align: left;\"><span style=\"color: #4d4d4d;\">A.J. te Riele Vaassen MT<\/span><br \/>\n<span style=\"color: #4d4d4d;\">Prins Bernhardlaan 7<\/span><br \/>\n<span style=\"color: #4d4d4d;\">8171 PN Vaassen<\/span><br \/>\n<span style=\"color: #4d4d4d;\">Telefonnummer: <a href=\"tel:0031578571316\">+31(0)578-57 13 16<\/a><\/span><br \/>\n<span style=\"color: #4d4d4d;\">Email: <a href=\"mailto:maalderij@aj-teriele.nl\">maalderij@aj-teriele.nl<\/a><\/span><\/p>\n<p>[\/vc_column_text][\/vc_column_inner][\/vc_row_inner][vc_row_inner][vc_column_inner width=&#8221;1\/2&#8243; offset=&#8221;vc_hidden-lg vc_hidden-md&#8221;]<div id=\"ultimate-heading-900969e7485c48ad0\" class=\"uvc-heading ult-adjust-bottom-margin ultimate-heading-900969e7485c48ad0 uvc-2850 \" data-hspacer=\"no_spacer\"  data-halign=\"center\" style=\"text-align:center\"><div class=\"uvc-heading-spacer no_spacer\" style=\"top\"><\/div><div class=\"uvc-main-heading ult-responsive\"  data-ultimate-target='.uvc-heading.ultimate-heading-900969e7485c48ad0 h2'  data-responsive-json-new='{\"font-size\":\"desktop:22px;\",\"line-height\":\"\"}' ><h2 style=\"--font-weight:theme;color:#0c1967;\">Direktwerbung<\/h2><\/div><\/div>[vc_separator color=&#8221;custom&#8221; border_width=&#8221;2&#8243; accent_color=&#8221;#0c1967&#8243;][vc_column_text]<\/p>\n<p style=\"text-align: left;\"><span class=\"normaltekst\" style=\"color: #4d4d4d;\">Die Anfrage geht an unsere Infomailadresse.<\/span><\/p>\n<p>[\/vc_column_text][\/vc_column_inner][vc_column_inner width=&#8221;1\/2&#8243; offset=&#8221;vc_hidden-lg vc_hidden-md&#8221;]<div id=\"ultimate-heading-333769e7485c48b26\" class=\"uvc-heading ult-adjust-bottom-margin ultimate-heading-333769e7485c48b26 uvc-3677 \" data-hspacer=\"no_spacer\"  data-halign=\"center\" style=\"text-align:center\"><div class=\"uvc-heading-spacer no_spacer\" style=\"top\"><\/div><div class=\"uvc-main-heading ult-responsive\"  data-ultimate-target='.uvc-heading.ultimate-heading-333769e7485c48b26 h2'  data-responsive-json-new='{\"font-size\":\"desktop:22px;\",\"line-height\":\"\"}' ><h2 style=\"--font-weight:theme;color:#0c1967;\">Kontakt<\/h2><\/div><\/div>[vc_separator color=&#8221;custom&#8221; border_width=&#8221;2&#8243; accent_color=&#8221;#0c1967&#8243;][vc_column_text css=&#8221;.vc_custom_1528295794466{margin-left: 0px !important;}&#8221;]<\/p>\n<p style=\"text-align: left;\"><span style=\"color: #4d4d4d;\">A.J. te Riele Vaassen b.v.<\/span><br \/>\n<span style=\"color: #4d4d4d;\">Prins Bernhardlaan 7<\/span><br \/>\n<span style=\"color: #4d4d4d;\">8171 PN Vaassen<\/span><br \/>\n<span style=\"color: #4d4d4d;\">Telefonnummer: <a href=\"tel:0031578571316\">+31(0)578-57 13 16<\/a><\/span><br \/>\n<span style=\"color: #4d4d4d;\">Fax: <a href=\"fax:0578571316\">0578-57 43 00<\/a><\/span><br \/>\n<span style=\"color: #4d4d4d;\">Email: <a href=\"mailto:info@aj-teriele.test.hkbo.nl\">info@aj-teriele.test.hkbo.nl<\/a><\/span><\/p>\n<p>[\/vc_column_text][\/vc_column_inner][\/vc_row_inner][vc_row_inner][vc_column_inner width=&#8221;1\/2&#8243; offset=&#8221;vc_hidden-lg vc_hidden-md&#8221;][\/vc_column_inner][vc_column_inner width=&#8221;1\/2&#8243; offset=&#8221;vc_hidden-lg vc_hidden-md&#8221;]<div id=\"ultimate-heading-936869e7485c48b7a\" class=\"uvc-heading ult-adjust-bottom-margin ultimate-heading-936869e7485c48b7a uvc-9762 \" data-hspacer=\"no_spacer\"  data-halign=\"center\" style=\"text-align:center\"><div class=\"uvc-heading-spacer no_spacer\" style=\"top\"><\/div><div class=\"uvc-main-heading ult-responsive\"  data-ultimate-target='.uvc-heading.ultimate-heading-936869e7485c48b7a h2'  data-responsive-json-new='{\"font-size\":\"desktop:22px;\",\"line-height\":\"\"}' ><h2 style=\"--font-weight:theme;color:#0c1967;\">Direkten Kontakt<\/h2><\/div><\/div>[vc_separator color=&#8221;custom&#8221; border_width=&#8221;2&#8243; accent_color=&#8221;#0c1967&#8243;]\n<div class=\"wpcf7 no-js\" id=\"wpcf7-f2608-o2\" lang=\"de-DE\" dir=\"ltr\" data-wpcf7-id=\"2608\">\n<div class=\"screen-reader-response\"><p role=\"status\" aria-live=\"polite\" aria-atomic=\"true\"><\/p> <ul><\/ul><\/div>\n<form action=\"\/de\/wp-json\/wp\/v2\/pages\/2582#wpcf7-f2608-o2\" method=\"post\" class=\"wpcf7-form init\" aria-label=\"Kontaktformular\" novalidate=\"novalidate\" data-status=\"init\">\n<fieldset class=\"hidden-fields-container\"><input type=\"hidden\" name=\"_wpcf7\" value=\"2608\" \/><input type=\"hidden\" name=\"_wpcf7_version\" value=\"6.1.5\" \/><input type=\"hidden\" name=\"_wpcf7_locale\" value=\"de_DE\" \/><input type=\"hidden\" name=\"_wpcf7_unit_tag\" value=\"wpcf7-f2608-o2\" \/><input type=\"hidden\" name=\"_wpcf7_container_post\" value=\"0\" \/><input type=\"hidden\" name=\"_wpcf7_posted_data_hash\" value=\"\" \/><input type=\"hidden\" name=\"_wpcf7_recaptcha_response\" value=\"\" \/>\n<\/fieldset>\n<p><span id=\"wpcf7-69e7485c4951f-wrapper\" class=\"wpcf7-form-control-wrap email-661-wrap\" ><input type=\"hidden\" name=\"email-661-time-start\" value=\"1776765020\"><input type=\"hidden\" name=\"email-661-time-check\" value=\"4\"><label for=\"wpcf7-69e7485c4951f-field\" class=\"hp-message\">Bitte lasse dieses Feld leer.<\/label><input id=\"wpcf7-69e7485c4951f-field\"  class=\"wpcf7-form-control wpcf7-text\" type=\"text\" name=\"email-661\" value=\"\" size=\"40\" tabindex=\"-1\" autocomplete=\"new-password\" \/><\/span><br \/>\n\t<font color=\"14145c\" original=\"PGg0Pg==\">\n\t<\/font>\n<\/p>\n<p>Name:<br\/h4 \/><br \/>\n<span class=\"wpcf7-form-control-wrap\" data-name=\"your-name\"><input size=\"40\" maxlength=\"400\" class=\"wpcf7-form-control wpcf7-text wpcf7-validates-as-required\" aria-required=\"true\" aria-invalid=\"false\" value=\"\" type=\"text\" name=\"your-name\" \/><\/span>\n<\/p>\n<p>Name der Firma:\n<\/p>\n<p><span class=\"wpcf7-form-control-wrap\" data-name=\"Bedrijfsnaam\"><input size=\"40\" maxlength=\"400\" class=\"wpcf7-form-control wpcf7-text wpcf7-validates-as-required\" aria-required=\"true\" aria-invalid=\"false\" value=\"\" type=\"text\" name=\"Bedrijfsnaam\" \/><\/span>\n<\/p>\n<p>E-mail:\n<\/p>\n<p><span class=\"wpcf7-form-control-wrap\" data-name=\"your-email\"><input size=\"40\" maxlength=\"400\" class=\"wpcf7-form-control wpcf7-email wpcf7-validates-as-required wpcf7-text wpcf7-validates-as-email\" aria-required=\"true\" aria-invalid=\"false\" value=\"\" type=\"email\" name=\"your-email\" \/><\/span>\n<\/p>\n<p>Telefon:\n<\/p>\n<p><span class=\"wpcf7-form-control-wrap\" data-name=\"your-email\"><input size=\"40\" maxlength=\"400\" class=\"wpcf7-form-control wpcf7-text wpcf7-validates-as-required\" aria-required=\"true\" aria-invalid=\"false\" value=\"\" type=\"text\" name=\"your-email\" \/><\/span>\n<\/p>\n<p>Frage\/Bestellung:<br \/>\n<br \/>\n<span class=\"wpcf7-form-control-wrap\" data-name=\"your-message\"><textarea cols=\"40\" rows=\"10\" maxlength=\"2000\" class=\"wpcf7-form-control wpcf7-textarea\" aria-invalid=\"false\" name=\"your-message\"><\/textarea><\/span>\n<\/p>\n<p><input class=\"wpcf7-form-control wpcf7-submit has-spinner\" type=\"submit\" value=\"Verzenden\" \/>\n<\/p><div class=\"wpcf7-response-output\" aria-hidden=\"true\"><\/div>\n<\/form>\n<\/div>\n[\/vc_column_inner][\/vc_row_inner][\/vc_column][\/vc_row][vc_row][vc_column][vc_gmaps link=&#8221;#E-8_JTNDaWZyYW1lJTIwc3JjJTNEJTIyaHR0cHMlM0ElMkYlMkZ3d3cuZ29vZ2xlLmNvbSUyRm1hcHMlMkZlbWJlZCUzRnBiJTNEJTIxMW0xOCUyMTFtMTIlMjExbTMlMjExZDI0NDAuMjgyNDg2MzQzOTY0JTIxMmQ1Ljk2NTA1NzQxNjIxNDUyMSUyMTNkNTIuMjkyNzI3MDc5NzcxODElMjEybTMlMjExZjAlMjEyZjAlMjEzZjAlMjEzbTIlMjExaTEwMjQlMjEyaTc2OCUyMTRmMTMuMSUyMTNtMyUyMTFtMiUyMTFzMHg0N2M3YzY3OWI3NTJhNzk1JTI1M0EweDZhNDdmNzEwNmE0ZmIzZWUlMjEyc1ByaW5zJTJCQmVybmhhcmRsYWFuJTJCNyUyNTJDJTJCODE3MSUyQlBOJTJCVmFhc3NlbiUyMTVlMCUyMTNtMiUyMTFzbmwlMjEyc25sJTIxNHYxNDkxOTkwNjgxNTk5JTIyJTIwd2lkdGglM0QlMjIxMDAlMjUlMjIlMjBoZWlnaHQlM0QlMjI0NTAlMjIlMjBmcmFtZWJvcmRlciUzRCUyMjAlMjIlMjBzdHlsZSUzRCUyMmJvcmRlciUzQTAlMjIlMjBhbGxvd2Z1bGxzY3JlZW4lM0UlM0MlMkZpZnJhbWUlM0U=&#8221;][\/vc_column][\/vc_row]<\/p>\n<\/div>","protected":false},"excerpt":{"rendered":"<p>[vc_row][vc_column][vc_empty_space][vc_row_inner css=&#8221;.vc_custom_1491991080826{margin-bottom: 0px !important;}&#8221;][vc_column_inner width=&#8221;1\/2&#8243;][vc_empty_space][vc_separator color=&#8221;custom&#8221; border_width=&#8221;2&#8243; accent_color=&#8221;#0c1967&#8243;][vc_column_text] Wir sind gerne f\u00fcr Sie da. Wenn Sie eine Frage oder eine Bestellung haben, k\u00f6nnen Sie diese hier eingeben. Wir werden Sie so schnell wie m\u00f6glich kontaktieren. [\/vc_column_text][\/vc_column_inner][vc_column_inner width=&#8221;1\/2&#8243; offset=&#8221;vc_hidden-sm vc_hidden-xs&#8221;][vc_empty_space][vc_separator color=&#8221;custom&#8221; border_width=&#8221;2&#8243; accent_color=&#8221;#0c1967&#8243;][\/vc_column_inner][\/vc_row_inner][vc_row_inner][vc_column_inner el_class=&#8221;top&#8221; width=&#8221;1\/2&#8243; offset=&#8221;vc_hidden-sm vc_hidden-xs&#8221;][vc_separator color=&#8221;custom&#8221; border_width=&#8221;2&#8243; accent_color=&#8221;#0c1967&#8243;][vc_column_text] Die Anfrage geht an unsere M\u00fchlen-E-Mail-Adresse.&hellip;<\/p>\n","protected":false},"author":6,"featured_media":0,"parent":2458,"menu_order":0,"comment_status":"closed","ping_status":"closed","template":"template-microsite.php","meta":{"footnotes":""},"class_list":["post-2582","page","type-page","status-publish","hentry","description-off"],"yoast_head":"<!-- This site is optimized with the Yoast SEO plugin v27.4 - https:\/\/yoast.com\/product\/yoast-seo-wordpress\/ -->\n<title>Kontakt - M\u00fchle - A.J. te Riele<\/title>\n<meta name=\"robots\" content=\"index, follow, max-snippet:-1, max-image-preview:large, max-video-preview:-1\" \/>\n<link rel=\"canonical\" href=\"https:\/\/aj-teriele.nl\/de\/startseite-muehle\/kontakt-muehle\/\" \/>\n<meta property=\"og:locale\" content=\"de_DE\" \/>\n<meta property=\"og:type\" content=\"article\" \/>\n<meta property=\"og:title\" content=\"Kontakt - M\u00fchle - A.J. te Riele\" \/>\n<meta property=\"og:description\" content=\"[vc_row][vc_column][vc_empty_space][vc_row_inner css=&#8221;.vc_custom_1491991080826{margin-bottom: 0px !important;}&#8221;][vc_column_inner width=&#8221;1\/2&#8243;][vc_empty_space][vc_separator color=&#8221;custom&#8221; border_width=&#8221;2&#8243; accent_color=&#8221;#0c1967&#8243;][vc_column_text] Wir sind gerne f\u00fcr Sie da. Wenn Sie eine Frage oder eine Bestellung haben, k\u00f6nnen Sie diese hier eingeben. Wir werden Sie so schnell wie m\u00f6glich kontaktieren. [\/vc_column_text][\/vc_column_inner][vc_column_inner width=&#8221;1\/2&#8243; offset=&#8221;vc_hidden-sm vc_hidden-xs&#8221;][vc_empty_space][vc_separator color=&#8221;custom&#8221; border_width=&#8221;2&#8243; accent_color=&#8221;#0c1967&#8243;][\/vc_column_inner][\/vc_row_inner][vc_row_inner][vc_column_inner el_class=&#8221;top&#8221; width=&#8221;1\/2&#8243; offset=&#8221;vc_hidden-sm vc_hidden-xs&#8221;][vc_separator color=&#8221;custom&#8221; border_width=&#8221;2&#8243; accent_color=&#8221;#0c1967&#8243;][vc_column_text] Die Anfrage geht an unsere M\u00fchlen-E-Mail-Adresse.&hellip;\" \/>\n<meta property=\"og:url\" content=\"https:\/\/aj-teriele.nl\/de\/startseite-muehle\/kontakt-muehle\/\" \/>\n<meta property=\"og:site_name\" content=\"A.J. te Riele\" \/>\n<meta property=\"article:modified_time\" content=\"2022-02-15T14:51:04+00:00\" \/>\n<meta name=\"twitter:card\" content=\"summary_large_image\" \/>\n<meta name=\"twitter:label1\" content=\"Gesch\u00e4tzte Lesezeit\" \/>\n\t<meta name=\"twitter:data1\" content=\"3\u00a0Minuten\" \/>\n<!-- \/ Yoast SEO plugin. -->","yoast_head_json":{"title":"Kontakt - M\u00fchle - A.J. te Riele","robots":{"index":"index","follow":"follow","max-snippet":"max-snippet:-1","max-image-preview":"max-image-preview:large","max-video-preview":"max-video-preview:-1"},"canonical":"https:\/\/aj-teriele.nl\/de\/startseite-muehle\/kontakt-muehle\/","og_locale":"de_DE","og_type":"article","og_title":"Kontakt - M\u00fchle - A.J. te Riele","og_description":"[vc_row][vc_column][vc_empty_space][vc_row_inner css=&#8221;.vc_custom_1491991080826{margin-bottom: 0px !important;}&#8221;][vc_column_inner width=&#8221;1\/2&#8243;][vc_empty_space][vc_separator color=&#8221;custom&#8221; border_width=&#8221;2&#8243; accent_color=&#8221;#0c1967&#8243;][vc_column_text] Wir sind gerne f\u00fcr Sie da. Wenn Sie eine Frage oder eine Bestellung haben, k\u00f6nnen Sie diese hier eingeben. Wir werden Sie so schnell wie m\u00f6glich kontaktieren. [\/vc_column_text][\/vc_column_inner][vc_column_inner width=&#8221;1\/2&#8243; offset=&#8221;vc_hidden-sm vc_hidden-xs&#8221;][vc_empty_space][vc_separator color=&#8221;custom&#8221; border_width=&#8221;2&#8243; accent_color=&#8221;#0c1967&#8243;][\/vc_column_inner][\/vc_row_inner][vc_row_inner][vc_column_inner el_class=&#8221;top&#8221; width=&#8221;1\/2&#8243; offset=&#8221;vc_hidden-sm vc_hidden-xs&#8221;][vc_separator color=&#8221;custom&#8221; border_width=&#8221;2&#8243; accent_color=&#8221;#0c1967&#8243;][vc_column_text] Die Anfrage geht an unsere M\u00fchlen-E-Mail-Adresse.&hellip;","og_url":"https:\/\/aj-teriele.nl\/de\/startseite-muehle\/kontakt-muehle\/","og_site_name":"A.J. te Riele","article_modified_time":"2022-02-15T14:51:04+00:00","twitter_card":"summary_large_image","twitter_misc":{"Gesch\u00e4tzte Lesezeit":"3\u00a0Minuten"},"schema":{"@context":"https:\/\/schema.org","@graph":[{"@type":"WebPage","@id":"https:\/\/aj-teriele.nl\/de\/startseite-muehle\/kontakt-muehle\/","url":"https:\/\/aj-teriele.nl\/de\/startseite-muehle\/kontakt-muehle\/","name":"Kontakt - M\u00fchle - A.J. te Riele","isPartOf":{"@id":"https:\/\/aj-teriele.nl\/de\/#website"},"datePublished":"2021-11-25T13:36:08+00:00","dateModified":"2022-02-15T14:51:04+00:00","breadcrumb":{"@id":"https:\/\/aj-teriele.nl\/de\/startseite-muehle\/kontakt-muehle\/#breadcrumb"},"inLanguage":"de","potentialAction":[{"@type":"ReadAction","target":["https:\/\/aj-teriele.nl\/de\/startseite-muehle\/kontakt-muehle\/"]}]},{"@type":"BreadcrumbList","@id":"https:\/\/aj-teriele.nl\/de\/startseite-muehle\/kontakt-muehle\/#breadcrumb","itemListElement":[{"@type":"ListItem","position":1,"name":"Home","item":"https:\/\/aj-teriele.nl\/de\/"},{"@type":"ListItem","position":2,"name":"Startseite M\u00fchle","item":"https:\/\/aj-teriele.nl\/de\/startseite-muehle\/"},{"@type":"ListItem","position":3,"name":"Kontakt &#8211; M\u00fchle"}]},{"@type":"WebSite","@id":"https:\/\/aj-teriele.nl\/de\/#website","url":"https:\/\/aj-teriele.nl\/de\/","name":"A.J. te Riele","description":"Maalderij in Vaassen","potentialAction":[{"@type":"SearchAction","target":{"@type":"EntryPoint","urlTemplate":"https:\/\/aj-teriele.nl\/de\/?s={search_term_string}"},"query-input":{"@type":"PropertyValueSpecification","valueRequired":true,"valueName":"search_term_string"}}],"inLanguage":"de"}]}},"_links":{"self":[{"href":"https:\/\/aj-teriele.nl\/de\/wp-json\/wp\/v2\/pages\/2582","targetHints":{"allow":["GET"]}}],"collection":[{"href":"https:\/\/aj-teriele.nl\/de\/wp-json\/wp\/v2\/pages"}],"about":[{"href":"https:\/\/aj-teriele.nl\/de\/wp-json\/wp\/v2\/types\/page"}],"author":[{"embeddable":true,"href":"https:\/\/aj-teriele.nl\/de\/wp-json\/wp\/v2\/users\/6"}],"replies":[{"embeddable":true,"href":"https:\/\/aj-teriele.nl\/de\/wp-json\/wp\/v2\/comments?post=2582"}],"version-history":[{"count":4,"href":"https:\/\/aj-teriele.nl\/de\/wp-json\/wp\/v2\/pages\/2582\/revisions"}],"predecessor-version":[{"id":2898,"href":"https:\/\/aj-teriele.nl\/de\/wp-json\/wp\/v2\/pages\/2582\/revisions\/2898"}],"up":[{"embeddable":true,"href":"https:\/\/aj-teriele.nl\/de\/wp-json\/wp\/v2\/pages\/2458"}],"wp:attachment":[{"href":"https:\/\/aj-teriele.nl\/de\/wp-json\/wp\/v2\/media?parent=2582"}],"curies":[{"name":"wp","href":"https:\/\/api.w.org\/{rel}","templated":true}]}}