{"id":2586,"date":"2021-11-25T14:42:59","date_gmt":"2021-11-25T13:42:59","guid":{"rendered":"https:\/\/aj-teriele.nl\/home-dpt\/"},"modified":"2022-02-22T10:41:57","modified_gmt":"2022-02-22T09:41:57","slug":"home-dpt","status":"publish","type":"page","link":"https:\/\/aj-teriele.nl\/de\/home-dpt\/","title":{"rendered":"Home &#8211; DPT"},"content":{"rendered":"<div class=\"wpb-content-wrapper\"><p>[vc_row][vc_column][vc_column_text]<\/p>\n<h1><span style=\"color: #0c1967;\">DPT-Netherlands BV<\/span><\/h1>\n<p>[\/vc_column_text][\/vc_column][\/vc_row][vc_row][vc_column width=&#8221;2\/3&#8243;][vc_column_text]<span lang=\"DE\">DPT-Netherlands BV ist auf die Verarbeitung (Profilierung) von Flockierwalzen spezialisiert.<\/span><\/p>\n<p><span lang=\"DE\">Seit 2015 besitzt die DPT-Netherlands BV eine vollautomatische Riffelmaschine, die nach den neuesten W\u00fcnschen und Innovationen konstruiert und komplett in eigener Regie gef\u00fchrt wird. Zusammen mit Rodomach, dem Besten in der Automatisierungs- und Robotertechnik <\/span><span lang=\"DE\">und<\/span><span lang=\"DE\"> A.J. te Riele Vaassen MT baute eine Maschine, die ihre Leistungsf\u00e4higkeit auch in Zukunft unter Beweis stellen wird.<\/span><\/p>\n<p><span lang=\"DE\">Der tR810 hat eine Kapazit\u00e4t f\u00fcr Walzen mit einem Durchmesser von 810 mm, einer L\u00e4nge von bis zu 3000 mm und einem Gewicht von bis zu 6\u2019500 kg. Die Geschwindigkeiten beim Profilieren dieser schweren Walzen erreichen weit \u00fcber 22 m\/min und 105 m\/min im R\u00fccklauf.<\/span><\/p>\n<p><span lang=\"DE\">Ein Karussell mit 12 Mei\u00dfeln sorgt f\u00fcr eine reibungslose kontinuierliche Verarbeitung der Rolle. Die Geschwindigkeit und Anzahl der verwendeten Mei\u00dfel h\u00e4ngt von der H\u00e4rte und Verschlei\u00dffestigkeit des Materials ab, aus dem die Walze besteht. Wenn die 12 <\/span><span lang=\"DE\">Mei\u00dfel<\/span><span lang=\"DE\"> im Karussell abgenutzt sind, werden sie von einem Roboter gesch\u00e4rft und die Profilierung kann dort fortgesetzt werden, wo sie aufgeh\u00f6rt hat.<\/span>[\/vc_column_text][vc_empty_space][\/vc_column][vc_column width=&#8221;1\/3&#8243;][vc_video link=&#8221;https:\/\/youtu.be\/LEGoX8gkcfs&#8221;][\/vc_column][\/vc_row][vc_row][vc_column width=&#8221;1\/4&#8243;][vc_single_image image=&#8221;2401&#8243; img_size=&#8221;full&#8221;][\/vc_column][vc_column width=&#8221;1\/4&#8243;][vc_single_image image=&#8221;2419&#8243; img_size=&#8221;full&#8221;][\/vc_column][vc_column width=&#8221;1\/4&#8243;][vc_single_image image=&#8221;1802&#8243; img_size=&#8221;full&#8221;][\/vc_column][vc_column width=&#8221;1\/4&#8243;][\/vc_column][\/vc_row][vc_row][vc_column][vc_empty_space height=&#8221;20px&#8221;]<div id=\"ultimate-heading-485969e9ddeb3580a\" class=\"uvc-heading ult-adjust-bottom-margin ultimate-heading-485969e9ddeb3580a uvc-7903  uvc-heading-default-font-sizes\" data-hspacer=\"no_spacer\"  data-halign=\"left\" style=\"text-align:left\"><div class=\"uvc-heading-spacer no_spacer\" style=\"top\"><\/div><div class=\"uvc-main-heading ult-responsive\"  data-ultimate-target='.uvc-heading.ultimate-heading-485969e9ddeb3580a h2'  data-responsive-json-new='{\"font-size\":\"\",\"line-height\":\"\"}' ><h2 style=\"--font-weight:theme;color:#0c1967;\">Ausbildungen<\/h2><\/div><\/div>[vc_separator color=&#8221;custom&#8221; border_width=&#8221;2&#8243; accent_color=&#8221;#0c1967&#8243;][vc_empty_space height=&#8221;8px&#8221;][vc_row_inner][vc_column_inner width=&#8221;1\/3&#8243;]<div tabindex=\"0\" class=\"ult-new-ib ult-ib-effect-style1  ult-ib-resp  \" data-min-width=\"768\" data-max-width=\"900\" style=\"background:#0c1967;\" data-opacity=\"1\" data-hover-opacity=\"0\" ><img decoding=\"async\" class=\"ult-new-ib-img\" style=\"opacity:1;\" alt=\"null\" src=\"https:\/\/aj-teriele.nl\/wp-content\/uploads\/2017\/03\/IMG_0533.jpg\"   \/><div id=\"interactive-banner-wrap-6584\" class=\"ult-new-ib-desc\" style=\"\"><h1 class=\"ult-new-ib-title ult-responsive\"  data-ultimate-target='#interactive-banner-wrap-6584 .ult-new-ib-title'  data-responsive-json-new='{\"font-size\":\"desktop:22px;\",\"line-height\":\"\"}'  style=\"font-weight:normal;\">riffel tR810<\/h1><div class=\"ult-new-ib-content ult-responsive\"  data-ultimate-target='#interactive-banner-wrap-6584 .ult-new-ib-content'  data-responsive-json-new='{\"font-size\":\"\",\"line-height\":\"\"}'  style=\"font-weight:normal;\"><p>De opleiding bestaat uit:<\/p>\n<p>- Omgang met de tR810<br \/>\n- Belangrijke punten<br \/>\n- Inspannen walsen<br \/>\n- Lengte\/Diameter kalibreren<br \/>\n- Nulpuntbepaling<br \/>\n- Data programmeren<br \/>\n- start\/stop riffelen<\/p><\/div><\/div><\/div>[\/vc_column_inner][vc_column_inner width=&#8221;1\/3&#8243;]<div tabindex=\"0\" class=\"ult-new-ib ult-ib-effect-style1  ult-ib-resp  \" data-min-width=\"768\" data-max-width=\"900\" style=\"background:#0c1967;\" data-opacity=\"1\" data-hover-opacity=\"0\" ><img decoding=\"async\" class=\"ult-new-ib-img\" style=\"opacity:1;\" alt=\"null\" src=\"https:\/\/aj-teriele.nl\/wp-content\/uploads\/2017\/03\/IMG_0540.jpg\"   \/><div id=\"interactive-banner-wrap-1839\" class=\"ult-new-ib-desc\" style=\"\"><h1 class=\"ult-new-ib-title ult-responsive\"  data-ultimate-target='#interactive-banner-wrap-1839 .ult-new-ib-title'  data-responsive-json-new='{\"font-size\":\"desktop:22px;\",\"line-height\":\"\"}'  style=\"font-weight:normal;\">Mei\u00dfelkarussell<\/h1><div class=\"ult-new-ib-content ult-responsive\"  data-ultimate-target='#interactive-banner-wrap-1839 .ult-new-ib-content'  data-responsive-json-new='{\"font-size\":\"\",\"line-height\":\"\"}'  style=\"font-weight:normal;\"><p>Gereedschappen tR810<\/p>\n<p>- Voorslijpen gereedschappen<br \/>\n- Kalibreren beitels<br \/>\n- Inspannen beitels<br \/>\n- Carrousel gebruiken<br \/>\n- programmeren carrousel<br \/>\n- Inmeten carroussel<\/p><\/div><\/div><\/div>[\/vc_column_inner][vc_column_inner width=&#8221;1\/3&#8243;]<div tabindex=\"0\" class=\"ult-new-ib ult-ib-effect-style1  ult-ib-resp  \" data-min-width=\"768\" data-max-width=\"900\" style=\"background:#0c1967;\" data-opacity=\"1\" data-hover-opacity=\"0\" ><img decoding=\"async\" class=\"ult-new-ib-img\" style=\"opacity:1;\" alt=\"null\" src=\"https:\/\/aj-teriele.nl\/wp-content\/uploads\/2017\/03\/IMG_0547.jpg\"   \/><div id=\"interactive-banner-wrap-8809\" class=\"ult-new-ib-desc\" style=\"\"><h1 class=\"ult-new-ib-title ult-responsive\"  data-ultimate-target='#interactive-banner-wrap-8809 .ult-new-ib-title'  data-responsive-json-new='{\"font-size\":\"desktop:22px;\",\"line-height\":\"\"}'  style=\"font-weight:normal;color:#ffffff;\">Schleifroboter<\/h1><div class=\"ult-new-ib-content ult-responsive\"  data-ultimate-target='#interactive-banner-wrap-8809 .ult-new-ib-content'  data-responsive-json-new='{\"font-size\":\"\",\"line-height\":\"\"}'  style=\"font-weight:normal;\"><p>Schleifroboter bedienen- Kantenwerkzeughalter- Werkzeughalter sichern- Messwerkzeughalter- Roboter einstellen- Schleifende einstellen- Sch\u00e4rfen- Kalibrieren\/Nullpunktmei\u00dfel- Riffing neu starten<\/p><\/div><\/div><\/div>[\/vc_column_inner][\/vc_row_inner][vc_empty_space][\/vc_column][\/vc_row]<\/p>\n<\/div>","protected":false},"excerpt":{"rendered":"<p>[vc_row][vc_column][vc_column_text] DPT-Netherlands BV [\/vc_column_text][\/vc_column][\/vc_row][vc_row][vc_column width=&#8221;2\/3&#8243;][vc_column_text]DPT-Netherlands BV ist auf die Verarbeitung (Profilierung) von Flockierwalzen spezialisiert. Seit 2015 besitzt die DPT-Netherlands BV eine vollautomatische Riffelmaschine, die nach den neuesten W\u00fcnschen und Innovationen konstruiert und komplett in eigener Regie gef\u00fchrt wird. Zusammen mit Rodomach, dem Besten in der Automatisierungs- und Robotertechnik und A.J. te Riele Vaassen MT baute&hellip;<\/p>\n","protected":false},"author":6,"featured_media":0,"parent":0,"menu_order":0,"comment_status":"closed","ping_status":"closed","template":"template-microsite.php","meta":{"footnotes":""},"class_list":["post-2586","page","type-page","status-publish","hentry","description-off"],"yoast_head":"<!-- This site is optimized with the Yoast SEO plugin v27.4 - https:\/\/yoast.com\/product\/yoast-seo-wordpress\/ -->\n<title>Home - DPT - A.J. te Riele<\/title>\n<meta name=\"robots\" content=\"index, follow, max-snippet:-1, max-image-preview:large, max-video-preview:-1\" \/>\n<link rel=\"canonical\" href=\"https:\/\/aj-teriele.nl\/de\/home-dpt\/\" \/>\n<meta property=\"og:locale\" content=\"de_DE\" \/>\n<meta property=\"og:type\" content=\"article\" \/>\n<meta property=\"og:title\" content=\"Home - DPT - A.J. te Riele\" \/>\n<meta property=\"og:description\" content=\"[vc_row][vc_column][vc_column_text] DPT-Netherlands BV [\/vc_column_text][\/vc_column][\/vc_row][vc_row][vc_column width=&#8221;2\/3&#8243;][vc_column_text]DPT-Netherlands BV ist auf die Verarbeitung (Profilierung) von Flockierwalzen spezialisiert. Seit 2015 besitzt die DPT-Netherlands BV eine vollautomatische Riffelmaschine, die nach den neuesten W\u00fcnschen und Innovationen konstruiert und komplett in eigener Regie gef\u00fchrt wird. Zusammen mit Rodomach, dem Besten in der Automatisierungs- und Robotertechnik und A.J. te Riele Vaassen MT baute&hellip;\" \/>\n<meta property=\"og:url\" content=\"https:\/\/aj-teriele.nl\/de\/home-dpt\/\" \/>\n<meta property=\"og:site_name\" content=\"A.J. te Riele\" \/>\n<meta property=\"article:modified_time\" content=\"2022-02-22T09:41:57+00:00\" \/>\n<meta name=\"twitter:card\" content=\"summary_large_image\" \/>\n<meta name=\"twitter:label1\" content=\"Gesch\u00e4tzte Lesezeit\" \/>\n\t<meta name=\"twitter:data1\" content=\"2\u00a0Minuten\" \/>\n<!-- \/ Yoast SEO plugin. -->","yoast_head_json":{"title":"Home - DPT - A.J. te Riele","robots":{"index":"index","follow":"follow","max-snippet":"max-snippet:-1","max-image-preview":"max-image-preview:large","max-video-preview":"max-video-preview:-1"},"canonical":"https:\/\/aj-teriele.nl\/de\/home-dpt\/","og_locale":"de_DE","og_type":"article","og_title":"Home - DPT - A.J. te Riele","og_description":"[vc_row][vc_column][vc_column_text] DPT-Netherlands BV [\/vc_column_text][\/vc_column][\/vc_row][vc_row][vc_column width=&#8221;2\/3&#8243;][vc_column_text]DPT-Netherlands BV ist auf die Verarbeitung (Profilierung) von Flockierwalzen spezialisiert. Seit 2015 besitzt die DPT-Netherlands BV eine vollautomatische Riffelmaschine, die nach den neuesten W\u00fcnschen und Innovationen konstruiert und komplett in eigener Regie gef\u00fchrt wird. Zusammen mit Rodomach, dem Besten in der Automatisierungs- und Robotertechnik und A.J. te Riele Vaassen MT baute&hellip;","og_url":"https:\/\/aj-teriele.nl\/de\/home-dpt\/","og_site_name":"A.J. te Riele","article_modified_time":"2022-02-22T09:41:57+00:00","twitter_card":"summary_large_image","twitter_misc":{"Gesch\u00e4tzte Lesezeit":"2\u00a0Minuten"},"schema":{"@context":"https:\/\/schema.org","@graph":[{"@type":"WebPage","@id":"https:\/\/aj-teriele.nl\/de\/home-dpt\/","url":"https:\/\/aj-teriele.nl\/de\/home-dpt\/","name":"Home - DPT - A.J. te Riele","isPartOf":{"@id":"https:\/\/aj-teriele.nl\/de\/#website"},"datePublished":"2021-11-25T13:42:59+00:00","dateModified":"2022-02-22T09:41:57+00:00","breadcrumb":{"@id":"https:\/\/aj-teriele.nl\/de\/home-dpt\/#breadcrumb"},"inLanguage":"de","potentialAction":[{"@type":"ReadAction","target":["https:\/\/aj-teriele.nl\/de\/home-dpt\/"]}]},{"@type":"BreadcrumbList","@id":"https:\/\/aj-teriele.nl\/de\/home-dpt\/#breadcrumb","itemListElement":[{"@type":"ListItem","position":1,"name":"Home","item":"https:\/\/aj-teriele.nl\/de\/"},{"@type":"ListItem","position":2,"name":"Home &#8211; DPT"}]},{"@type":"WebSite","@id":"https:\/\/aj-teriele.nl\/de\/#website","url":"https:\/\/aj-teriele.nl\/de\/","name":"A.J. te Riele","description":"Maalderij in Vaassen","potentialAction":[{"@type":"SearchAction","target":{"@type":"EntryPoint","urlTemplate":"https:\/\/aj-teriele.nl\/de\/?s={search_term_string}"},"query-input":{"@type":"PropertyValueSpecification","valueRequired":true,"valueName":"search_term_string"}}],"inLanguage":"de"}]}},"_links":{"self":[{"href":"https:\/\/aj-teriele.nl\/de\/wp-json\/wp\/v2\/pages\/2586","targetHints":{"allow":["GET"]}}],"collection":[{"href":"https:\/\/aj-teriele.nl\/de\/wp-json\/wp\/v2\/pages"}],"about":[{"href":"https:\/\/aj-teriele.nl\/de\/wp-json\/wp\/v2\/types\/page"}],"author":[{"embeddable":true,"href":"https:\/\/aj-teriele.nl\/de\/wp-json\/wp\/v2\/users\/6"}],"replies":[{"embeddable":true,"href":"https:\/\/aj-teriele.nl\/de\/wp-json\/wp\/v2\/comments?post=2586"}],"version-history":[{"count":5,"href":"https:\/\/aj-teriele.nl\/de\/wp-json\/wp\/v2\/pages\/2586\/revisions"}],"predecessor-version":[{"id":3029,"href":"https:\/\/aj-teriele.nl\/de\/wp-json\/wp\/v2\/pages\/2586\/revisions\/3029"}],"wp:attachment":[{"href":"https:\/\/aj-teriele.nl\/de\/wp-json\/wp\/v2\/media?parent=2586"}],"curies":[{"name":"wp","href":"https:\/\/api.w.org\/{rel}","templated":true}]}}