{"id":2593,"date":"2021-11-25T14:46:01","date_gmt":"2021-11-25T13:46:01","guid":{"rendered":"https:\/\/aj-teriele.nl\/cookies\/"},"modified":"2021-11-25T14:46:03","modified_gmt":"2021-11-25T13:46:03","slug":"cookies","status":"publish","type":"page","link":"https:\/\/aj-teriele.nl\/de\/cookies\/","title":{"rendered":"Cookies"},"content":{"rendered":"<div class=\"wpb-content-wrapper\"><p>[vc_row][vc_column][vc_column_text]<\/p>\n<h2>Cookies deaktivieren<\/h2>\n<p>Die meisten Browser sind standardm\u00e4\u00dfig so eingestellt, dass sie Cookies akzeptieren, Sie k\u00f6nnen Ihren Browser jedoch zur\u00fccksetzen, um alle Cookies abzulehnen oder anzuzeigen, wenn ein Cookie gesendet wird. Einige <strong>Funktionen<\/strong> und <strong>Dienste<\/strong> auf unseren und anderen Websites funktionieren jedoch m\u00f6glicherweise nicht richtig, wenn Cookies in Ihrem Browser deaktiviert sind.<br \/>\n119 \/ 5000 Vertaalresultaten In der unteren Leiste der Site bei A.J. te Riele Vaassen BV k\u00f6nnen Sie angeben, ob Sie die Cookies akzeptieren oder nicht.<\/p>\n<h4>Fragen und Feedback<\/h4>\n<p><strong>A.J. te Riele Vaassen BV<\/strong><\/p>\n<p>Prins Bernhardlaan 7<br \/>\n8171 PN, Vaassen<br \/>\n<a href=\"tel:0031578571316\">+31 578 571316<\/a><br \/>\n<a href=\"mailto:info@aj-teriele.test.hkbo.nl\">info@aj-teriele.test.hkbo.nl<\/a><br \/>\n<a href=\"mailto:info@dpt-netherlands.com\">info@dpt-netherlands.com<\/a>[\/vc_column_text][\/vc_column][\/vc_row]<\/p>\n<\/div>","protected":false},"excerpt":{"rendered":"<p>[vc_row][vc_column][vc_column_text] Cookies deaktivieren Die meisten Browser sind standardm\u00e4\u00dfig so eingestellt, dass sie Cookies akzeptieren, Sie k\u00f6nnen Ihren Browser jedoch zur\u00fccksetzen, um alle Cookies abzulehnen oder anzuzeigen, wenn ein Cookie gesendet wird. Einige Funktionen und Dienste auf unseren und anderen Websites funktionieren jedoch m\u00f6glicherweise nicht richtig, wenn Cookies in Ihrem Browser deaktiviert sind. 119 \/ 5000&hellip;<\/p>\n","protected":false},"author":6,"featured_media":0,"parent":0,"menu_order":0,"comment_status":"closed","ping_status":"closed","template":"","meta":{"footnotes":""},"class_list":["post-2593","page","type-page","status-publish","hentry","description-off"],"yoast_head":"<!-- This site is optimized with the Yoast SEO plugin v27.4 - https:\/\/yoast.com\/product\/yoast-seo-wordpress\/ -->\n<title>Cookies - A.J. te Riele<\/title>\n<meta name=\"robots\" content=\"index, follow, max-snippet:-1, max-image-preview:large, max-video-preview:-1\" \/>\n<link rel=\"canonical\" href=\"https:\/\/aj-teriele.nl\/de\/cookies\/\" \/>\n<meta property=\"og:locale\" content=\"de_DE\" \/>\n<meta property=\"og:type\" content=\"article\" \/>\n<meta property=\"og:title\" content=\"Cookies - A.J. te Riele\" \/>\n<meta property=\"og:description\" content=\"[vc_row][vc_column][vc_column_text] Cookies deaktivieren Die meisten Browser sind standardm\u00e4\u00dfig so eingestellt, dass sie Cookies akzeptieren, Sie k\u00f6nnen Ihren Browser jedoch zur\u00fccksetzen, um alle Cookies abzulehnen oder anzuzeigen, wenn ein Cookie gesendet wird. Einige Funktionen und Dienste auf unseren und anderen Websites funktionieren jedoch m\u00f6glicherweise nicht richtig, wenn Cookies in Ihrem Browser deaktiviert sind. 119 \/ 5000&hellip;\" \/>\n<meta property=\"og:url\" content=\"https:\/\/aj-teriele.nl\/de\/cookies\/\" \/>\n<meta property=\"og:site_name\" content=\"A.J. te Riele\" \/>\n<meta property=\"article:modified_time\" content=\"2021-11-25T13:46:03+00:00\" \/>\n<meta name=\"twitter:card\" content=\"summary_large_image\" \/>\n<meta name=\"twitter:label1\" content=\"Gesch\u00e4tzte Lesezeit\" \/>\n\t<meta name=\"twitter:data1\" content=\"1\u00a0Minute\" \/>\n<!-- \/ Yoast SEO plugin. -->","yoast_head_json":{"title":"Cookies - A.J. te Riele","robots":{"index":"index","follow":"follow","max-snippet":"max-snippet:-1","max-image-preview":"max-image-preview:large","max-video-preview":"max-video-preview:-1"},"canonical":"https:\/\/aj-teriele.nl\/de\/cookies\/","og_locale":"de_DE","og_type":"article","og_title":"Cookies - A.J. te Riele","og_description":"[vc_row][vc_column][vc_column_text] Cookies deaktivieren Die meisten Browser sind standardm\u00e4\u00dfig so eingestellt, dass sie Cookies akzeptieren, Sie k\u00f6nnen Ihren Browser jedoch zur\u00fccksetzen, um alle Cookies abzulehnen oder anzuzeigen, wenn ein Cookie gesendet wird. Einige Funktionen und Dienste auf unseren und anderen Websites funktionieren jedoch m\u00f6glicherweise nicht richtig, wenn Cookies in Ihrem Browser deaktiviert sind. 119 \/ 5000&hellip;","og_url":"https:\/\/aj-teriele.nl\/de\/cookies\/","og_site_name":"A.J. te Riele","article_modified_time":"2021-11-25T13:46:03+00:00","twitter_card":"summary_large_image","twitter_misc":{"Gesch\u00e4tzte Lesezeit":"1\u00a0Minute"},"schema":{"@context":"https:\/\/schema.org","@graph":[{"@type":"WebPage","@id":"https:\/\/aj-teriele.nl\/de\/cookies\/","url":"https:\/\/aj-teriele.nl\/de\/cookies\/","name":"Cookies - A.J. te Riele","isPartOf":{"@id":"https:\/\/aj-teriele.nl\/de\/#website"},"datePublished":"2021-11-25T13:46:01+00:00","dateModified":"2021-11-25T13:46:03+00:00","breadcrumb":{"@id":"https:\/\/aj-teriele.nl\/de\/cookies\/#breadcrumb"},"inLanguage":"de","potentialAction":[{"@type":"ReadAction","target":["https:\/\/aj-teriele.nl\/de\/cookies\/"]}]},{"@type":"BreadcrumbList","@id":"https:\/\/aj-teriele.nl\/de\/cookies\/#breadcrumb","itemListElement":[{"@type":"ListItem","position":1,"name":"Home","item":"https:\/\/aj-teriele.nl\/de\/"},{"@type":"ListItem","position":2,"name":"Cookies"}]},{"@type":"WebSite","@id":"https:\/\/aj-teriele.nl\/de\/#website","url":"https:\/\/aj-teriele.nl\/de\/","name":"A.J. te Riele","description":"Maalderij in Vaassen","potentialAction":[{"@type":"SearchAction","target":{"@type":"EntryPoint","urlTemplate":"https:\/\/aj-teriele.nl\/de\/?s={search_term_string}"},"query-input":{"@type":"PropertyValueSpecification","valueRequired":true,"valueName":"search_term_string"}}],"inLanguage":"de"}]}},"_links":{"self":[{"href":"https:\/\/aj-teriele.nl\/de\/wp-json\/wp\/v2\/pages\/2593","targetHints":{"allow":["GET"]}}],"collection":[{"href":"https:\/\/aj-teriele.nl\/de\/wp-json\/wp\/v2\/pages"}],"about":[{"href":"https:\/\/aj-teriele.nl\/de\/wp-json\/wp\/v2\/types\/page"}],"author":[{"embeddable":true,"href":"https:\/\/aj-teriele.nl\/de\/wp-json\/wp\/v2\/users\/6"}],"replies":[{"embeddable":true,"href":"https:\/\/aj-teriele.nl\/de\/wp-json\/wp\/v2\/comments?post=2593"}],"version-history":[{"count":5,"href":"https:\/\/aj-teriele.nl\/de\/wp-json\/wp\/v2\/pages\/2593\/revisions"}],"predecessor-version":[{"id":2598,"href":"https:\/\/aj-teriele.nl\/de\/wp-json\/wp\/v2\/pages\/2593\/revisions\/2598"}],"wp:attachment":[{"href":"https:\/\/aj-teriele.nl\/de\/wp-json\/wp\/v2\/media?parent=2593"}],"curies":[{"name":"wp","href":"https:\/\/api.w.org\/{rel}","templated":true}]}}