{"id":2943,"date":"2022-02-16T12:25:21","date_gmt":"2022-02-16T11:25:21","guid":{"rendered":"https:\/\/aj-teriele.nl\/kontakt-dpt\/"},"modified":"2022-02-16T12:39:52","modified_gmt":"2022-02-16T11:39:52","slug":"kontakt-dpt","status":"publish","type":"page","link":"https:\/\/aj-teriele.nl\/de\/kontakt-dpt\/","title":{"rendered":"Kontakt DPT"},"content":{"rendered":"<div class=\"wpb-content-wrapper\"><p>[vc_row][vc_column][vc_empty_space][vc_row_inner][vc_column_inner width=&#8221;1\/3&#8243;][vc_empty_space][vc_column_text]<\/p>\n<h4 style=\"text-align: center;\"><span style=\"color: #14145c;\">Fa. A.J. te Riele Vaassen MT<\/span><\/h4>\n<p style=\"text-align: center;\"><span class=\"normaltekst\" style=\"color: #4d4d4d;\">Wir sind gerne f\u00fcr Sie da.<br \/>\nWenn Sie eine Frage oder eine Bestellung haben, k\u00f6nnen Sie diese hier eingeben.<br \/>\nWir werden uns schnellstm\u00f6glich mit Ihnen in Verbindung setzen.<\/span><\/p>\n<h4 style=\"text-align: center;\"><\/h4>\n<h4 style=\"text-align: center;\"><span style=\"color: #14145c;\">Direktwerbung<\/span><\/h4>\n<p style=\"text-align: center;\"><span class=\"normaltekst\" style=\"color: #4d4d4d;\">Die Anfrage geht an unsere Info-E-Mail-Adresse.<\/span><\/p>\n<p>[\/vc_column_text][\/vc_column_inner][vc_column_inner width=&#8221;1\/3&#8243;][vc_empty_space][vc_column_text]<\/p>\n<h4 style=\"text-align: center;\"><span style=\"color: #14145c;\">Kontakt<\/span><\/h4>\n<p style=\"text-align: center;\"><span style=\"color: #4d4d4d;\">A.J. te Riele Vaassen <span class=\"normaltekst\">MT<\/span><\/span><br \/>\n<span style=\"color: #4d4d4d;\">Aalbosweg 22<\/span><br \/>\n<span style=\"color: #4d4d4d;\">8171 MA Vaassen (Eekterveld)<\/span><br \/>\n<span style=\"color: #4d4d4d;\">Telefonnummer: <a href=\"tel:0031578571316\">+31(0)578-57 13 16<\/a><\/span><br \/>\n<span style=\"color: #4d4d4d;\">Kontakt Email: <a href=\"mailto:info@aj-teriele.nl\">info@aj-teriele.nl<\/a><br \/>\nE-factuur: <a href=\"mailto:facturen@aj-teriele.nl\">facturen@aj-teriele.nl<\/a><br \/>\nOrder-entry: <a href=\"mailto:order@aj-teriele.nl\">order@aj-teriele.nl<\/a><\/span><\/p>\n<p style=\"text-align: center;\"><span style=\"color: #4d4d4d;\">Maalderij: <a href=\"mailto:maalderij@aj-teriele.nl\">maalderij@aj-teriele.nl<\/a><\/span><\/p>\n<p>[\/vc_column_text][\/vc_column_inner][vc_column_inner width=&#8221;1\/3&#8243;][vc_empty_space][vc_column_text]<\/p>\n<h4><span style=\"color: #14145c;\">Direkten Kontakt<\/span><\/h4>\n<p>[\/vc_column_text]\n<div class=\"wpcf7 no-js\" id=\"wpcf7-f2609-o1\" lang=\"de-DE\" dir=\"ltr\" data-wpcf7-id=\"2609\">\n<div class=\"screen-reader-response\"><p role=\"status\" aria-live=\"polite\" aria-atomic=\"true\"><\/p> <ul><\/ul><\/div>\n<form action=\"\/de\/wp-json\/wp\/v2\/pages\/2943#wpcf7-f2609-o1\" method=\"post\" class=\"wpcf7-form init\" aria-label=\"Kontaktformular\" novalidate=\"novalidate\" data-status=\"init\">\n<fieldset class=\"hidden-fields-container\"><input type=\"hidden\" name=\"_wpcf7\" value=\"2609\" \/><input type=\"hidden\" name=\"_wpcf7_version\" value=\"6.1.5\" \/><input type=\"hidden\" name=\"_wpcf7_locale\" value=\"de_DE\" \/><input type=\"hidden\" name=\"_wpcf7_unit_tag\" value=\"wpcf7-f2609-o1\" \/><input type=\"hidden\" name=\"_wpcf7_container_post\" value=\"0\" \/><input type=\"hidden\" name=\"_wpcf7_posted_data_hash\" value=\"\" \/><input type=\"hidden\" name=\"_wpcf7_recaptcha_response\" value=\"\" \/>\n<\/fieldset>\n<p><span id=\"wpcf7-69f31452a4b07-wrapper\" class=\"wpcf7-form-control-wrap email-661-wrap\" ><input type=\"hidden\" name=\"email-661-time-start\" value=\"1777538130\"><input type=\"hidden\" name=\"email-661-time-check\" value=\"4\"><label for=\"wpcf7-69f31452a4b07-field\" class=\"hp-message\">Bitte lasse dieses Feld leer.<\/label><input id=\"wpcf7-69f31452a4b07-field\"  class=\"wpcf7-form-control wpcf7-text\" type=\"text\" name=\"email-661\" value=\"\" size=\"40\" tabindex=\"-1\" autocomplete=\"new-password\" \/><\/span><br \/>\n<label> Name:<br \/>\n<span class=\"wpcf7-form-control-wrap\" data-name=\"your-name\"><input size=\"40\" maxlength=\"400\" class=\"wpcf7-form-control wpcf7-text wpcf7-validates-as-required\" aria-required=\"true\" aria-invalid=\"false\" value=\"\" type=\"text\" name=\"your-name\" \/><\/span> <\/label>\n<\/p>\n<p><label> Name der Firma:<br \/>\n<span class=\"wpcf7-form-control-wrap\" data-name=\"your-bedrijfsnaam\"><input size=\"40\" maxlength=\"400\" class=\"wpcf7-form-control wpcf7-text\" aria-invalid=\"false\" value=\"\" type=\"text\" name=\"your-bedrijfsnaam\" \/><\/span> <\/label>\n<\/p>\n<p><label> E-mail:<br \/>\n<span class=\"wpcf7-form-control-wrap\" data-name=\"your-email\"><input size=\"40\" maxlength=\"400\" class=\"wpcf7-form-control wpcf7-email wpcf7-validates-as-required wpcf7-text wpcf7-validates-as-email\" aria-required=\"true\" aria-invalid=\"false\" value=\"\" type=\"email\" name=\"your-email\" \/><\/span> <\/label>\n<\/p>\n<p><label> Telefon:<br \/>\n<span class=\"wpcf7-form-control-wrap\" data-name=\"tel-148\"><input size=\"40\" maxlength=\"400\" class=\"wpcf7-form-control wpcf7-tel wpcf7-validates-as-required wpcf7-text wpcf7-validates-as-tel\" aria-required=\"true\" aria-invalid=\"false\" value=\"\" type=\"tel\" name=\"tel-148\" \/><\/span> <\/label>\n<\/p>\n<p><label> Frage\/Bestellung:<br \/>\n<span class=\"wpcf7-form-control-wrap\" data-name=\"your-message\"><textarea cols=\"40\" rows=\"10\" maxlength=\"2000\" class=\"wpcf7-form-control wpcf7-textarea\" aria-invalid=\"false\" name=\"your-message\"><\/textarea><\/span> <\/label>\n<\/p>\n<p><input class=\"wpcf7-form-control wpcf7-submit has-spinner\" type=\"submit\" value=\"Verzenden\" \/>\n<\/p><div class=\"wpcf7-response-output\" aria-hidden=\"true\"><\/div>\n<\/form>\n<\/div>\n[\/vc_column_inner][\/vc_row_inner][\/vc_column][\/vc_row][vc_row][vc_column][vc_empty_space][vc_gmaps link=&#8221;#E-8_JTNDaWZyYW1lJTIwc3JjJTNEJTIyaHR0cHMlM0ElMkYlMkZ3d3cuZ29vZ2xlLmNvbSUyRm1hcHMlMkZlbWJlZCUzRnBiJTNEJTIxMW0xOCUyMTFtMTIlMjExbTMlMjExZDI0NDAuMjgyNDg2MzQzOTY0JTIxMmQ1Ljk2NTA1NzQxNjIxNDUyMSUyMTNkNTIuMjkyNzI3MDc5NzcxODElMjEybTMlMjExZjAlMjEyZjAlMjEzZjAlMjEzbTIlMjExaTEwMjQlMjEyaTc2OCUyMTRmMTMuMSUyMTNtMyUyMTFtMiUyMTFzMHg0N2M3YzY3OWI3NTJhNzk1JTI1M0EweDZhNDdmNzEwNmE0ZmIzZWUlMjEyc1ByaW5zJTJCQmVybmhhcmRsYWFuJTJCNyUyNTJDJTJCODE3MSUyQlBOJTJCVmFhc3NlbiUyMTVlMCUyMTNtMiUyMTFzbmwlMjEyc25sJTIxNHYxNDkxOTkwNjgxNTk5JTIyJTIwd2lkdGglM0QlMjIxMDAlMjUlMjIlMjBoZWlnaHQlM0QlMjI0NTAlMjIlMjBmcmFtZWJvcmRlciUzRCUyMjAlMjIlMjBzdHlsZSUzRCUyMmJvcmRlciUzQTAlMjIlMjBhbGxvd2Z1bGxzY3JlZW4lM0QlMjIlMjIlM0UlM0MlMkZpZnJhbWUlM0U=&#8221;][\/vc_column][\/vc_row]<\/p>\n<\/div>","protected":false},"excerpt":{"rendered":"<p>[vc_row][vc_column][vc_empty_space][vc_row_inner][vc_column_inner width=&#8221;1\/3&#8243;][vc_empty_space][vc_column_text] Fa. A.J. te Riele Vaassen MT Wir sind gerne f\u00fcr Sie da. Wenn Sie eine Frage oder eine Bestellung haben, k\u00f6nnen Sie diese hier eingeben. Wir werden uns schnellstm\u00f6glich mit Ihnen in Verbindung setzen. Direktwerbung Die Anfrage geht an unsere Info-E-Mail-Adresse. [\/vc_column_text][\/vc_column_inner][vc_column_inner width=&#8221;1\/3&#8243;][vc_empty_space][vc_column_text] Kontakt A.J. te Riele Vaassen MT Aalbosweg 22 8171 MA&hellip;<\/p>\n","protected":false},"author":5,"featured_media":0,"parent":0,"menu_order":0,"comment_status":"closed","ping_status":"closed","template":"","meta":{"footnotes":""},"class_list":["post-2943","page","type-page","status-publish","hentry","description-off"],"yoast_head":"<!-- This site is optimized with the Yoast SEO plugin v27.5 - https:\/\/yoast.com\/product\/yoast-seo-wordpress\/ -->\n<title>Kontakt DPT - A.J. te Riele<\/title>\n<meta name=\"robots\" content=\"index, follow, max-snippet:-1, max-image-preview:large, max-video-preview:-1\" \/>\n<link rel=\"canonical\" href=\"https:\/\/aj-teriele.nl\/de\/kontakt-dpt\/\" \/>\n<meta property=\"og:locale\" content=\"de_DE\" \/>\n<meta property=\"og:type\" content=\"article\" \/>\n<meta property=\"og:title\" content=\"Kontakt DPT - A.J. te Riele\" \/>\n<meta property=\"og:description\" content=\"[vc_row][vc_column][vc_empty_space][vc_row_inner][vc_column_inner width=&#8221;1\/3&#8243;][vc_empty_space][vc_column_text] Fa. A.J. te Riele Vaassen MT Wir sind gerne f\u00fcr Sie da. Wenn Sie eine Frage oder eine Bestellung haben, k\u00f6nnen Sie diese hier eingeben. Wir werden uns schnellstm\u00f6glich mit Ihnen in Verbindung setzen. Direktwerbung Die Anfrage geht an unsere Info-E-Mail-Adresse. [\/vc_column_text][\/vc_column_inner][vc_column_inner width=&#8221;1\/3&#8243;][vc_empty_space][vc_column_text] Kontakt A.J. te Riele Vaassen MT Aalbosweg 22 8171 MA&hellip;\" \/>\n<meta property=\"og:url\" content=\"https:\/\/aj-teriele.nl\/de\/kontakt-dpt\/\" \/>\n<meta property=\"og:site_name\" content=\"A.J. te Riele\" \/>\n<meta property=\"article:modified_time\" content=\"2022-02-16T11:39:52+00:00\" \/>\n<meta name=\"twitter:card\" content=\"summary_large_image\" \/>\n<meta name=\"twitter:label1\" content=\"Gesch\u00e4tzte Lesezeit\" \/>\n\t<meta name=\"twitter:data1\" content=\"1\u00a0Minute\" \/>\n<!-- \/ Yoast SEO plugin. -->","yoast_head_json":{"title":"Kontakt DPT - A.J. te Riele","robots":{"index":"index","follow":"follow","max-snippet":"max-snippet:-1","max-image-preview":"max-image-preview:large","max-video-preview":"max-video-preview:-1"},"canonical":"https:\/\/aj-teriele.nl\/de\/kontakt-dpt\/","og_locale":"de_DE","og_type":"article","og_title":"Kontakt DPT - A.J. te Riele","og_description":"[vc_row][vc_column][vc_empty_space][vc_row_inner][vc_column_inner width=&#8221;1\/3&#8243;][vc_empty_space][vc_column_text] Fa. A.J. te Riele Vaassen MT Wir sind gerne f\u00fcr Sie da. Wenn Sie eine Frage oder eine Bestellung haben, k\u00f6nnen Sie diese hier eingeben. Wir werden uns schnellstm\u00f6glich mit Ihnen in Verbindung setzen. Direktwerbung Die Anfrage geht an unsere Info-E-Mail-Adresse. [\/vc_column_text][\/vc_column_inner][vc_column_inner width=&#8221;1\/3&#8243;][vc_empty_space][vc_column_text] Kontakt A.J. te Riele Vaassen MT Aalbosweg 22 8171 MA&hellip;","og_url":"https:\/\/aj-teriele.nl\/de\/kontakt-dpt\/","og_site_name":"A.J. te Riele","article_modified_time":"2022-02-16T11:39:52+00:00","twitter_card":"summary_large_image","twitter_misc":{"Gesch\u00e4tzte Lesezeit":"1\u00a0Minute"},"schema":{"@context":"https:\/\/schema.org","@graph":[{"@type":"WebPage","@id":"https:\/\/aj-teriele.nl\/de\/kontakt-dpt\/","url":"https:\/\/aj-teriele.nl\/de\/kontakt-dpt\/","name":"Kontakt DPT - A.J. te Riele","isPartOf":{"@id":"https:\/\/aj-teriele.nl\/de\/#website"},"datePublished":"2022-02-16T11:25:21+00:00","dateModified":"2022-02-16T11:39:52+00:00","breadcrumb":{"@id":"https:\/\/aj-teriele.nl\/de\/kontakt-dpt\/#breadcrumb"},"inLanguage":"de","potentialAction":[{"@type":"ReadAction","target":["https:\/\/aj-teriele.nl\/de\/kontakt-dpt\/"]}]},{"@type":"BreadcrumbList","@id":"https:\/\/aj-teriele.nl\/de\/kontakt-dpt\/#breadcrumb","itemListElement":[{"@type":"ListItem","position":1,"name":"Home","item":"https:\/\/aj-teriele.nl\/de\/"},{"@type":"ListItem","position":2,"name":"Kontakt DPT"}]},{"@type":"WebSite","@id":"https:\/\/aj-teriele.nl\/de\/#website","url":"https:\/\/aj-teriele.nl\/de\/","name":"A.J. te Riele","description":"Maalderij in Vaassen","potentialAction":[{"@type":"SearchAction","target":{"@type":"EntryPoint","urlTemplate":"https:\/\/aj-teriele.nl\/de\/?s={search_term_string}"},"query-input":{"@type":"PropertyValueSpecification","valueRequired":true,"valueName":"search_term_string"}}],"inLanguage":"de"}]}},"_links":{"self":[{"href":"https:\/\/aj-teriele.nl\/de\/wp-json\/wp\/v2\/pages\/2943","targetHints":{"allow":["GET"]}}],"collection":[{"href":"https:\/\/aj-teriele.nl\/de\/wp-json\/wp\/v2\/pages"}],"about":[{"href":"https:\/\/aj-teriele.nl\/de\/wp-json\/wp\/v2\/types\/page"}],"author":[{"embeddable":true,"href":"https:\/\/aj-teriele.nl\/de\/wp-json\/wp\/v2\/users\/5"}],"replies":[{"embeddable":true,"href":"https:\/\/aj-teriele.nl\/de\/wp-json\/wp\/v2\/comments?post=2943"}],"version-history":[{"count":4,"href":"https:\/\/aj-teriele.nl\/de\/wp-json\/wp\/v2\/pages\/2943\/revisions"}],"predecessor-version":[{"id":2952,"href":"https:\/\/aj-teriele.nl\/de\/wp-json\/wp\/v2\/pages\/2943\/revisions\/2952"}],"wp:attachment":[{"href":"https:\/\/aj-teriele.nl\/de\/wp-json\/wp\/v2\/media?parent=2943"}],"curies":[{"name":"wp","href":"https:\/\/api.w.org\/{rel}","templated":true}]}}