{"id":2956,"date":"2022-02-16T13:04:52","date_gmt":"2022-02-16T12:04:52","guid":{"rendered":"https:\/\/aj-teriele.nl\/?page_id=2956"},"modified":"2022-02-16T13:14:51","modified_gmt":"2022-02-16T12:14:51","slug":"2956-2","status":"publish","type":"page","link":"https:\/\/aj-teriele.nl\/de\/home-fa-aj-te-riele-mt\/2956-2\/","title":{"rendered":"Kontakt &#8211; Fa. A.J. te Riele Vaassen MT"},"content":{"rendered":"<div class=\"wpb-content-wrapper\"><p>[vc_row][vc_column][vc_empty_space][vc_row_inner css=&#8221;.vc_custom_1491991080826{margin-bottom: 0px !important;}&#8221;][vc_column_inner width=&#8221;1\/3&#8243; offset=&#8221;vc_hidden-sm vc_hidden-xs&#8221;][vc_empty_space][vc_column_text]<\/p>\n<h4 style=\"text-align: center;\"><span style=\"color: #14145c;\">Fa. A.J. te Riele Vaassen MT<\/span><\/h4>\n<p style=\"text-align: center;\"><span class=\"normaltekst\" style=\"color: #4d4d4d;\"><br \/>\nWir sind gerne f\u00fcr Sie da.<br \/>\nWenn Sie eine Frage oder eine Bestellung haben, k\u00f6nnen Sie diese hier eingeben.<br \/>\nWir werden uns schnellstm\u00f6glich mit Ihnen in Verbindung setzen.<\/span><\/p>\n<h4 style=\"text-align: center;\"><span style=\"color: #14145c;\">\u00a0<\/span><\/h4>\n<h4 style=\"text-align: center;\"><span style=\"color: #14145c;\">Direktwerbung<\/span><\/h4>\n<p style=\"text-align: center;\"><span class=\"normaltekst\" style=\"color: #4d4d4d;\">Die Anfrage geht an unsere Info-E-Mail-Adresse.<\/span><\/p>\n<p>[\/vc_column_text][\/vc_column_inner][vc_column_inner width=&#8221;1\/3&#8243; offset=&#8221;vc_hidden-sm vc_hidden-xs&#8221;][vc_empty_space][vc_column_text css=&#8221;.vc_custom_1644936073322{margin-left: 0px !important;}&#8221;]<\/p>\n<h4 style=\"text-align: center;\"><span style=\"color: #14145c;\">Contact<\/span><\/h4>\n<p style=\"text-align: center;\"><span style=\"color: #4d4d4d;\">A.J. te Riele Vaassen <span class=\"normaltekst\">MT<\/span><\/span><br \/>\n<span style=\"color: #4d4d4d;\">Aalbosweg 22<\/span><br \/>\n<span style=\"color: #4d4d4d;\">8171 MA Vaassen (Eekterveld)<\/span><br \/>\n<span style=\"color: #4d4d4d;\">Telefoonnummer: <a href=\"tel:0031578571316\">+31(0)578-57 13 16<\/a><\/span><br \/>\n<span style=\"color: #4d4d4d;\">Contact Email: <a href=\"mailto:info@aj-teriele.nl\">info@aj-teriele.nl<\/a><br \/>\nE-factuur: <a href=\"mailto:facturen@aj-teriele.nl\">facturen@aj-teriele.nl<\/a><br \/>\nOrder-entry: <a href=\"mailto:order@aj-teriele.nl\">order@aj-teriele.nl<\/a><\/span><\/p>\n<p style=\"text-align: center;\"><span style=\"color: #4d4d4d;\">Maalderij: <a href=\"mailto:maalderij@aj-teriele.nl\">maalderij@aj-teriele.nl<\/a><br \/>\n<\/span><\/p>\n<p>[\/vc_column_text][\/vc_column_inner][vc_column_inner width=&#8221;1\/3&#8243; offset=&#8221;vc_hidden-sm vc_hidden-xs&#8221;][vc_empty_space][vc_column_text css=&#8221;.vc_custom_1491990836412{margin-bottom: 0px !important;}&#8221;]<\/p>\n<h4><span style=\"color: #14145c;\">Direkten Kontakt<\/span><\/h4>\n<p>[\/vc_column_text]\n<div class=\"wpcf7 no-js\" id=\"wpcf7-f2609-o1\" lang=\"de-DE\" dir=\"ltr\" data-wpcf7-id=\"2609\">\n<div class=\"screen-reader-response\"><p role=\"status\" aria-live=\"polite\" aria-atomic=\"true\"><\/p> <ul><\/ul><\/div>\n<form action=\"\/de\/wp-json\/wp\/v2\/pages\/2956#wpcf7-f2609-o1\" method=\"post\" class=\"wpcf7-form init\" aria-label=\"Kontaktformular\" novalidate=\"novalidate\" data-status=\"init\">\n<fieldset class=\"hidden-fields-container\"><input type=\"hidden\" name=\"_wpcf7\" value=\"2609\" \/><input type=\"hidden\" name=\"_wpcf7_version\" value=\"6.1.5\" \/><input type=\"hidden\" name=\"_wpcf7_locale\" value=\"de_DE\" \/><input type=\"hidden\" name=\"_wpcf7_unit_tag\" value=\"wpcf7-f2609-o1\" \/><input type=\"hidden\" name=\"_wpcf7_container_post\" value=\"0\" \/><input type=\"hidden\" name=\"_wpcf7_posted_data_hash\" value=\"\" \/><input type=\"hidden\" name=\"_wpcf7_recaptcha_response\" value=\"\" \/>\n<\/fieldset>\n<p><span id=\"wpcf7-69e2928f76f77-wrapper\" class=\"wpcf7-form-control-wrap email-661-wrap\" ><input type=\"hidden\" name=\"email-661-time-start\" value=\"1776456335\"><input type=\"hidden\" name=\"email-661-time-check\" value=\"4\"><label for=\"wpcf7-69e2928f76f77-field\" class=\"hp-message\">Bitte lasse dieses Feld leer.<\/label><input id=\"wpcf7-69e2928f76f77-field\"  class=\"wpcf7-form-control wpcf7-text\" type=\"text\" name=\"email-661\" value=\"\" size=\"40\" tabindex=\"-1\" autocomplete=\"new-password\" \/><\/span><br \/>\n<label> Name:<br \/>\n<span class=\"wpcf7-form-control-wrap\" data-name=\"your-name\"><input size=\"40\" maxlength=\"400\" class=\"wpcf7-form-control wpcf7-text wpcf7-validates-as-required\" aria-required=\"true\" aria-invalid=\"false\" value=\"\" type=\"text\" name=\"your-name\" \/><\/span> <\/label>\n<\/p>\n<p><label> Name der Firma:<br \/>\n<span class=\"wpcf7-form-control-wrap\" data-name=\"your-bedrijfsnaam\"><input size=\"40\" maxlength=\"400\" class=\"wpcf7-form-control wpcf7-text\" aria-invalid=\"false\" value=\"\" type=\"text\" name=\"your-bedrijfsnaam\" \/><\/span> <\/label>\n<\/p>\n<p><label> E-mail:<br \/>\n<span class=\"wpcf7-form-control-wrap\" data-name=\"your-email\"><input size=\"40\" maxlength=\"400\" class=\"wpcf7-form-control wpcf7-email wpcf7-validates-as-required wpcf7-text wpcf7-validates-as-email\" aria-required=\"true\" aria-invalid=\"false\" value=\"\" type=\"email\" name=\"your-email\" \/><\/span> <\/label>\n<\/p>\n<p><label> Telefon:<br \/>\n<span class=\"wpcf7-form-control-wrap\" data-name=\"tel-148\"><input size=\"40\" maxlength=\"400\" class=\"wpcf7-form-control wpcf7-tel wpcf7-validates-as-required wpcf7-text wpcf7-validates-as-tel\" aria-required=\"true\" aria-invalid=\"false\" value=\"\" type=\"tel\" name=\"tel-148\" \/><\/span> <\/label>\n<\/p>\n<p><label> Frage\/Bestellung:<br \/>\n<span class=\"wpcf7-form-control-wrap\" data-name=\"your-message\"><textarea cols=\"40\" rows=\"10\" maxlength=\"2000\" class=\"wpcf7-form-control wpcf7-textarea\" aria-invalid=\"false\" name=\"your-message\"><\/textarea><\/span> <\/label>\n<\/p>\n<p><input class=\"wpcf7-form-control wpcf7-submit has-spinner\" type=\"submit\" value=\"Verzenden\" \/>\n<\/p><div class=\"wpcf7-response-output\" aria-hidden=\"true\"><\/div>\n<\/form>\n<\/div>\n[\/vc_column_inner][\/vc_row_inner][vc_row_inner css=&#8221;.vc_custom_1491991080826{margin-bottom: 0px !important;}&#8221;][vc_column_inner width=&#8221;1\/3&#8243; offset=&#8221;vc_hidden-lg vc_hidden-md&#8221;][vc_empty_space][vc_column_text]<\/p>\n<h4 style=\"text-align: center;\"><span style=\"color: #14145c;\">Fa. A.J. te Riele Vaassen MT<\/span><\/h4>\n<p style=\"text-align: center;\"><span class=\"normaltekst\" style=\"color: #4d4d4d;\"><br \/>\nWir sind gerne f\u00fcr Sie da.<br \/>\nWenn Sie eine Frage oder eine Bestellung haben, k\u00f6nnen Sie diese hier eingeben.<br \/>\nWir werden uns schnellstm\u00f6glich mit Ihnen in Verbindung setzen.<\/span><\/p>\n<h4 style=\"text-align: center;\"><span style=\"color: #14145c;\">\u00a0<\/span><\/h4>\n<h4 style=\"text-align: center;\"><span style=\"color: #14145c;\">Direktwerbung<\/span><\/h4>\n<p style=\"text-align: center;\"><span class=\"normaltekst\" style=\"color: #4d4d4d;\">Die Anfrage geht an unsere Info-E-Mail-Adresse.<\/span><\/p>\n<p>[\/vc_column_text][\/vc_column_inner][vc_column_inner width=&#8221;1\/3&#8243; offset=&#8221;vc_hidden-lg vc_hidden-md&#8221;][vc_empty_space][vc_column_text css=&#8221;.vc_custom_1528296248289{margin-left: 0px !important;}&#8221;]<\/p>\n<h4 style=\"text-align: center;\"><span style=\"color: #14145c;\">Contact<\/span><\/h4>\n<p style=\"text-align: center;\"><span style=\"color: #4d4d4d;\">A.J. te Riele Vaassen b.v.<\/span><br \/>\n<span style=\"color: #4d4d4d;\">Prins Bernhardlaan 7<\/span><br \/>\n<span style=\"color: #4d4d4d;\">8171 PN Vaassen<\/span><br \/>\n<span style=\"color: #4d4d4d;\">Telefoonnummer:<br \/>\n<\/span><span style=\"color: #4d4d4d;\"> <a href=\"tel:0031578571316\">+31(0)578-57 13 16<\/a><\/span><\/p>\n<p style=\"text-align: center;\"><span style=\"color: #4d4d4d;\">Contact Email:<br \/>\n<a href=\"mailto:info@aj-teriele.test.hkbo.nl\">info@aj-teriele.test.hkbo.nl<\/a><\/span><\/p>\n<p style=\"text-align: center;\">E-factuur::<br \/>\n<a href=\"mailto:facturen@aj-teriele.test.hkbo.nl\">facturen@aj-teriele.test.hkbo.nl<\/a><\/p>\n<p style=\"text-align: center;\">Order-entry:<br \/>\n<a href=\"mailto:order@aj-teriele.test.hkbo.nl\">order@aj-teriele.test.hkbo.nl<\/a><\/p>\n<p>[\/vc_column_text][\/vc_column_inner][vc_column_inner width=&#8221;1\/3&#8243; offset=&#8221;vc_hidden-lg vc_hidden-md&#8221;][vc_empty_space][vc_column_text css=&#8221;.vc_custom_1491990836412{margin-bottom: 0px !important;}&#8221;]<\/p>\n<h4><span style=\"color: #14145c;\">Direkten Kontakt<\/span><\/h4>\n<p>[\/vc_column_text]\n<div class=\"wpcf7 no-js\" id=\"wpcf7-f2608-o2\" lang=\"de-DE\" dir=\"ltr\" data-wpcf7-id=\"2608\">\n<div class=\"screen-reader-response\"><p role=\"status\" aria-live=\"polite\" aria-atomic=\"true\"><\/p> <ul><\/ul><\/div>\n<form action=\"\/de\/wp-json\/wp\/v2\/pages\/2956#wpcf7-f2608-o2\" method=\"post\" class=\"wpcf7-form init\" aria-label=\"Kontaktformular\" novalidate=\"novalidate\" data-status=\"init\">\n<fieldset class=\"hidden-fields-container\"><input type=\"hidden\" name=\"_wpcf7\" value=\"2608\" \/><input type=\"hidden\" name=\"_wpcf7_version\" value=\"6.1.5\" \/><input type=\"hidden\" name=\"_wpcf7_locale\" value=\"de_DE\" \/><input type=\"hidden\" name=\"_wpcf7_unit_tag\" value=\"wpcf7-f2608-o2\" \/><input type=\"hidden\" name=\"_wpcf7_container_post\" value=\"0\" \/><input type=\"hidden\" name=\"_wpcf7_posted_data_hash\" value=\"\" \/><input type=\"hidden\" name=\"_wpcf7_recaptcha_response\" value=\"\" \/>\n<\/fieldset>\n<p><span id=\"wpcf7-69e2928f785a2-wrapper\" class=\"wpcf7-form-control-wrap email-661-wrap\" ><input type=\"hidden\" name=\"email-661-time-start\" value=\"1776456335\"><input type=\"hidden\" name=\"email-661-time-check\" value=\"4\"><label for=\"wpcf7-69e2928f785a2-field\" class=\"hp-message\">Bitte lasse dieses Feld leer.<\/label><input id=\"wpcf7-69e2928f785a2-field\"  class=\"wpcf7-form-control wpcf7-text\" type=\"text\" name=\"email-661\" value=\"\" size=\"40\" tabindex=\"-1\" autocomplete=\"new-password\" \/><\/span><br \/>\n\t<font color=\"14145c\" original=\"PGg0Pg==\">\n\t<\/font>\n<\/p>\n<p>Name:<br\/h4 \/><br \/>\n<span class=\"wpcf7-form-control-wrap\" data-name=\"your-name\"><input size=\"40\" maxlength=\"400\" class=\"wpcf7-form-control wpcf7-text wpcf7-validates-as-required\" aria-required=\"true\" aria-invalid=\"false\" value=\"\" type=\"text\" name=\"your-name\" \/><\/span>\n<\/p>\n<p>Name der Firma:\n<\/p>\n<p><span class=\"wpcf7-form-control-wrap\" data-name=\"Bedrijfsnaam\"><input size=\"40\" maxlength=\"400\" class=\"wpcf7-form-control wpcf7-text wpcf7-validates-as-required\" aria-required=\"true\" aria-invalid=\"false\" value=\"\" type=\"text\" name=\"Bedrijfsnaam\" \/><\/span>\n<\/p>\n<p>E-mail:\n<\/p>\n<p><span class=\"wpcf7-form-control-wrap\" data-name=\"your-email\"><input size=\"40\" maxlength=\"400\" class=\"wpcf7-form-control wpcf7-email wpcf7-validates-as-required wpcf7-text wpcf7-validates-as-email\" aria-required=\"true\" aria-invalid=\"false\" value=\"\" type=\"email\" name=\"your-email\" \/><\/span>\n<\/p>\n<p>Telefon:\n<\/p>\n<p><span class=\"wpcf7-form-control-wrap\" data-name=\"your-email\"><input size=\"40\" maxlength=\"400\" class=\"wpcf7-form-control wpcf7-text wpcf7-validates-as-required\" aria-required=\"true\" aria-invalid=\"false\" value=\"\" type=\"text\" name=\"your-email\" \/><\/span>\n<\/p>\n<p>Frage\/Bestellung:<br \/>\n<br \/>\n<span class=\"wpcf7-form-control-wrap\" data-name=\"your-message\"><textarea cols=\"40\" rows=\"10\" maxlength=\"2000\" class=\"wpcf7-form-control wpcf7-textarea\" aria-invalid=\"false\" name=\"your-message\"><\/textarea><\/span>\n<\/p>\n<p><input class=\"wpcf7-form-control wpcf7-submit has-spinner\" type=\"submit\" value=\"Verzenden\" \/>\n<\/p><div class=\"wpcf7-response-output\" aria-hidden=\"true\"><\/div>\n<\/form>\n<\/div>\n[\/vc_column_inner][\/vc_row_inner][vc_row_inner][vc_column_inner width=&#8221;2\/3&#8243; offset=&#8221;vc_hidden-md vc_hidden-sm vc_hidden-xs&#8221;][vc_empty_space][vc_single_image image=&#8221;2775&#8243; img_size=&#8221;full&#8221;][\/vc_column_inner][\/vc_row_inner][\/vc_column][\/vc_row][vc_row][vc_column][vc_gmaps link=&#8221;#E-8_JTNDaWZyYW1lJTIwc3JjJTNEJTIyaHR0cHMlM0ElMkYlMkZ3d3cuZ29vZ2xlLmNvbSUyRm1hcHMlMkZlbWJlZCUzRnBiJTNEJTIxMW0xOCUyMTFtMTIlMjExbTMlMjExZDI0NDAuMjgyNDg2MzQzOTY0JTIxMmQ1Ljk2NTA1NzQxNjIxNDUyMSUyMTNkNTIuMjkyNzI3MDc5NzcxODElMjEybTMlMjExZjAlMjEyZjAlMjEzZjAlMjEzbTIlMjExaTEwMjQlMjEyaTc2OCUyMTRmMTMuMSUyMTNtMyUyMTFtMiUyMTFzMHg0N2M3YzY3OWI3NTJhNzk1JTI1M0EweDZhNDdmNzEwNmE0ZmIzZWUlMjEyc1ByaW5zJTJCQmVybmhhcmRsYWFuJTJCNyUyNTJDJTJCODE3MSUyQlBOJTJCVmFhc3NlbiUyMTVlMCUyMTNtMiUyMTFzbmwlMjEyc25sJTIxNHYxNDkxOTkwNjgxNTk5JTIyJTIwd2lkdGglM0QlMjIxMDAlMjUlMjIlMjBoZWlnaHQlM0QlMjI0NTAlMjIlMjBmcmFtZWJvcmRlciUzRCUyMjAlMjIlMjBzdHlsZSUzRCUyMmJvcmRlciUzQTAlMjIlMjBhbGxvd2Z1bGxzY3JlZW4lM0UlM0MlMkZpZnJhbWUlM0U=&#8221;][\/vc_column][\/vc_row]<\/p>\n<\/div>","protected":false},"excerpt":{"rendered":"<p>[vc_row][vc_column][vc_empty_space][vc_row_inner css=&#8221;.vc_custom_1491991080826{margin-bottom: 0px !important;}&#8221;][vc_column_inner width=&#8221;1\/3&#8243; offset=&#8221;vc_hidden-sm vc_hidden-xs&#8221;][vc_empty_space][vc_column_text] Fa. A.J. te Riele Vaassen MT Wir sind gerne f\u00fcr Sie da. Wenn Sie eine Frage oder eine Bestellung haben, k\u00f6nnen Sie diese hier eingeben. Wir werden uns schnellstm\u00f6glich mit Ihnen in Verbindung setzen. \u00a0 Direktwerbung Die Anfrage geht an unsere Info-E-Mail-Adresse. [\/vc_column_text][\/vc_column_inner][vc_column_inner width=&#8221;1\/3&#8243; offset=&#8221;vc_hidden-sm vc_hidden-xs&#8221;][vc_empty_space][vc_column_text css=&#8221;.vc_custom_1644936073322{margin-left: 0px&hellip;<\/p>\n","protected":false},"author":6,"featured_media":0,"parent":2473,"menu_order":0,"comment_status":"closed","ping_status":"closed","template":"template-microsite.php","meta":{"footnotes":""},"class_list":["post-2956","page","type-page","status-publish","hentry","description-off"],"yoast_head":"<!-- This site is optimized with the Yoast SEO plugin v27.4 - https:\/\/yoast.com\/product\/yoast-seo-wordpress\/ -->\n<title>Kontakt - Fa. A.J. te Riele Vaassen MT - A.J. te Riele<\/title>\n<meta name=\"robots\" content=\"index, follow, max-snippet:-1, max-image-preview:large, max-video-preview:-1\" \/>\n<link rel=\"canonical\" href=\"https:\/\/aj-teriele.nl\/de\/home-fa-aj-te-riele-mt\/2956-2\/\" \/>\n<meta property=\"og:locale\" content=\"de_DE\" \/>\n<meta property=\"og:type\" content=\"article\" \/>\n<meta property=\"og:title\" content=\"Kontakt - Fa. A.J. te Riele Vaassen MT - A.J. te Riele\" \/>\n<meta property=\"og:description\" content=\"[vc_row][vc_column][vc_empty_space][vc_row_inner css=&#8221;.vc_custom_1491991080826{margin-bottom: 0px !important;}&#8221;][vc_column_inner width=&#8221;1\/3&#8243; offset=&#8221;vc_hidden-sm vc_hidden-xs&#8221;][vc_empty_space][vc_column_text] Fa. A.J. te Riele Vaassen MT Wir sind gerne f\u00fcr Sie da. Wenn Sie eine Frage oder eine Bestellung haben, k\u00f6nnen Sie diese hier eingeben. Wir werden uns schnellstm\u00f6glich mit Ihnen in Verbindung setzen. \u00a0 Direktwerbung Die Anfrage geht an unsere Info-E-Mail-Adresse. [\/vc_column_text][\/vc_column_inner][vc_column_inner width=&#8221;1\/3&#8243; offset=&#8221;vc_hidden-sm vc_hidden-xs&#8221;][vc_empty_space][vc_column_text css=&#8221;.vc_custom_1644936073322{margin-left: 0px&hellip;\" \/>\n<meta property=\"og:url\" content=\"https:\/\/aj-teriele.nl\/de\/home-fa-aj-te-riele-mt\/2956-2\/\" \/>\n<meta property=\"og:site_name\" content=\"A.J. te Riele\" \/>\n<meta property=\"article:modified_time\" content=\"2022-02-16T12:14:51+00:00\" \/>\n<meta name=\"twitter:card\" content=\"summary_large_image\" \/>\n<meta name=\"twitter:label1\" content=\"Gesch\u00e4tzte Lesezeit\" \/>\n\t<meta name=\"twitter:data1\" content=\"2\u00a0Minuten\" \/>\n<!-- \/ Yoast SEO plugin. -->","yoast_head_json":{"title":"Kontakt - Fa. A.J. te Riele Vaassen MT - A.J. te Riele","robots":{"index":"index","follow":"follow","max-snippet":"max-snippet:-1","max-image-preview":"max-image-preview:large","max-video-preview":"max-video-preview:-1"},"canonical":"https:\/\/aj-teriele.nl\/de\/home-fa-aj-te-riele-mt\/2956-2\/","og_locale":"de_DE","og_type":"article","og_title":"Kontakt - Fa. A.J. te Riele Vaassen MT - A.J. te Riele","og_description":"[vc_row][vc_column][vc_empty_space][vc_row_inner css=&#8221;.vc_custom_1491991080826{margin-bottom: 0px !important;}&#8221;][vc_column_inner width=&#8221;1\/3&#8243; offset=&#8221;vc_hidden-sm vc_hidden-xs&#8221;][vc_empty_space][vc_column_text] Fa. A.J. te Riele Vaassen MT Wir sind gerne f\u00fcr Sie da. Wenn Sie eine Frage oder eine Bestellung haben, k\u00f6nnen Sie diese hier eingeben. Wir werden uns schnellstm\u00f6glich mit Ihnen in Verbindung setzen. \u00a0 Direktwerbung Die Anfrage geht an unsere Info-E-Mail-Adresse. [\/vc_column_text][\/vc_column_inner][vc_column_inner width=&#8221;1\/3&#8243; offset=&#8221;vc_hidden-sm vc_hidden-xs&#8221;][vc_empty_space][vc_column_text css=&#8221;.vc_custom_1644936073322{margin-left: 0px&hellip;","og_url":"https:\/\/aj-teriele.nl\/de\/home-fa-aj-te-riele-mt\/2956-2\/","og_site_name":"A.J. te Riele","article_modified_time":"2022-02-16T12:14:51+00:00","twitter_card":"summary_large_image","twitter_misc":{"Gesch\u00e4tzte Lesezeit":"2\u00a0Minuten"},"schema":{"@context":"https:\/\/schema.org","@graph":[{"@type":"WebPage","@id":"https:\/\/aj-teriele.nl\/de\/home-fa-aj-te-riele-mt\/2956-2\/","url":"https:\/\/aj-teriele.nl\/de\/home-fa-aj-te-riele-mt\/2956-2\/","name":"Kontakt - Fa. A.J. te Riele Vaassen MT - A.J. te Riele","isPartOf":{"@id":"https:\/\/aj-teriele.nl\/de\/#website"},"datePublished":"2022-02-16T12:04:52+00:00","dateModified":"2022-02-16T12:14:51+00:00","breadcrumb":{"@id":"https:\/\/aj-teriele.nl\/de\/home-fa-aj-te-riele-mt\/2956-2\/#breadcrumb"},"inLanguage":"de","potentialAction":[{"@type":"ReadAction","target":["https:\/\/aj-teriele.nl\/de\/home-fa-aj-te-riele-mt\/2956-2\/"]}]},{"@type":"BreadcrumbList","@id":"https:\/\/aj-teriele.nl\/de\/home-fa-aj-te-riele-mt\/2956-2\/#breadcrumb","itemListElement":[{"@type":"ListItem","position":1,"name":"Home","item":"https:\/\/aj-teriele.nl\/de\/"},{"@type":"ListItem","position":2,"name":"Home Fa. AJ te Riele MT","item":"https:\/\/aj-teriele.nl\/de\/home-aj-te-riele\/"},{"@type":"ListItem","position":3,"name":"Kontakt &#8211; Fa. A.J. te Riele Vaassen MT"}]},{"@type":"WebSite","@id":"https:\/\/aj-teriele.nl\/de\/#website","url":"https:\/\/aj-teriele.nl\/de\/","name":"A.J. te Riele","description":"Maalderij in Vaassen","potentialAction":[{"@type":"SearchAction","target":{"@type":"EntryPoint","urlTemplate":"https:\/\/aj-teriele.nl\/de\/?s={search_term_string}"},"query-input":{"@type":"PropertyValueSpecification","valueRequired":true,"valueName":"search_term_string"}}],"inLanguage":"de"}]}},"_links":{"self":[{"href":"https:\/\/aj-teriele.nl\/de\/wp-json\/wp\/v2\/pages\/2956","targetHints":{"allow":["GET"]}}],"collection":[{"href":"https:\/\/aj-teriele.nl\/de\/wp-json\/wp\/v2\/pages"}],"about":[{"href":"https:\/\/aj-teriele.nl\/de\/wp-json\/wp\/v2\/types\/page"}],"author":[{"embeddable":true,"href":"https:\/\/aj-teriele.nl\/de\/wp-json\/wp\/v2\/users\/6"}],"replies":[{"embeddable":true,"href":"https:\/\/aj-teriele.nl\/de\/wp-json\/wp\/v2\/comments?post=2956"}],"version-history":[{"count":5,"href":"https:\/\/aj-teriele.nl\/de\/wp-json\/wp\/v2\/pages\/2956\/revisions"}],"predecessor-version":[{"id":2967,"href":"https:\/\/aj-teriele.nl\/de\/wp-json\/wp\/v2\/pages\/2956\/revisions\/2967"}],"up":[{"embeddable":true,"href":"https:\/\/aj-teriele.nl\/de\/wp-json\/wp\/v2\/pages\/2473"}],"wp:attachment":[{"href":"https:\/\/aj-teriele.nl\/de\/wp-json\/wp\/v2\/media?parent=2956"}],"curies":[{"name":"wp","href":"https:\/\/api.w.org\/{rel}","templated":true}]}}