{"id":2371,"date":"2021-11-25T09:57:28","date_gmt":"2021-11-25T08:57:28","guid":{"rendered":"https:\/\/aj-teriele.nl\/montaje-en-el-lugar\/"},"modified":"2022-01-04T14:20:33","modified_gmt":"2022-01-04T13:20:33","slug":"montaje-en-el-lugar","status":"publish","type":"page","link":"https:\/\/aj-teriele.nl\/es\/home-fa-aj-te-riele-mt\/montaje-en-el-lugar\/","title":{"rendered":"Montaje en el lugar"},"content":{"rendered":"<div class=\"wpb-content-wrapper\"><p>[vc_row][vc_column][vc_empty_space]<div id=\"ultimate-heading-626569e9dbafd01dd\" class=\"uvc-heading ult-adjust-bottom-margin ultimate-heading-626569e9dbafd01dd uvc-6253  uvc-heading-default-font-sizes\" data-hspacer=\"no_spacer\"  data-halign=\"left\" style=\"text-align:left\"><div class=\"uvc-heading-spacer no_spacer\" style=\"top\"><\/div><div class=\"uvc-main-heading ult-responsive\"  data-ultimate-target='.uvc-heading.ultimate-heading-626569e9dbafd01dd h2'  data-responsive-json-new='{\"font-size\":\"\",\"line-height\":\"\"}' ><h2 style=\"--font-weight:theme;color:#0c1967;\">Montaje en el lugar<\/h2><\/div><\/div>[vc_empty_space height=&#8221;12px&#8221;][vc_separator color=&#8221;custom&#8221; border_width=&#8221;2&#8243; accent_color=&#8221;#0c1967&#8243;][vc_empty_space height=&#8221;15px&#8221;][\/vc_column][\/vc_row][vc_row][vc_column width=&#8221;2\/3&#8243;][vc_column_text]Contamos con colegas especializados para todas las actividades en su ubicaci\u00f3n. Realizamos las siguientes actividades, entre otras:<\/p>\n<ul>\n<li>desmontaje y montaje de rodillos;<\/li>\n<li>desmontaje y montaje de cojinetes y carcasas de cojinetes;<\/li>\n<li>ajustar y configurar el ajuste autom\u00e1tico del paso de la amoladora;<\/li>\n<li>conversi\u00f3n de ajuste de trinquete de amoladora servocontrolado manual a autom\u00e1tico;<\/li>\n<li>conversi\u00f3n de transmisi\u00f3n por correa trapezoidal a transmisi\u00f3n por correa dentada doble;<\/li>\n<li>reemplazar las piezas de desgaste (solo utilizamos materiales originales);<\/li>\n<li>conversi\u00f3n de alimentaci\u00f3n por agitador a alimentaci\u00f3n por rollo.<\/li>\n<\/ul>\n<p>[\/vc_column_text][\/vc_column][vc_column width=&#8221;1\/3&#8243;][vc_single_image image=&#8221;2381&#8243; img_size=&#8221;full&#8221;][\/vc_column][\/vc_row][vc_row][vc_column][vc_column_text][\/vc_column_text][\/vc_column][\/vc_row][vc_row full_width=&#8221;stretch_row_content_no_spaces&#8221; bg_type=&#8221;image&#8221; parallax_style=&#8221;vcpb-default&#8221; bg_image_repeat=&#8221;no-repeat&#8221; bg_img_attach=&#8221;fixed&#8221; bg_override=&#8221;ex-full&#8221;][vc_column width=&#8221;1\/6&#8243; css=&#8221;.vc_custom_1491981268892{margin-bottom: 0px !important;}&#8221;][vc_single_image image=&#8221;2558&#8243;][\/vc_column][vc_column width=&#8221;2\/3&#8243;][vc_single_image image=&#8221;2390&#8243; img_size=&#8221;full&#8221; alignment=&#8221;center&#8221; image_hovers=&#8221;false&#8221;][\/vc_column][vc_column width=&#8221;1\/6&#8243;][vc_single_image image=&#8221;2522&#8243;][\/vc_column][\/vc_row]<\/p>\n<\/div>","protected":false},"excerpt":{"rendered":"<p>[vc_row][vc_column][vc_empty_space][vc_empty_space height=&#8221;12px&#8221;][vc_separator color=&#8221;custom&#8221; border_width=&#8221;2&#8243; accent_color=&#8221;#0c1967&#8243;][vc_empty_space height=&#8221;15px&#8221;][\/vc_column][\/vc_row][vc_row][vc_column width=&#8221;2\/3&#8243;][vc_column_text]Contamos con colegas especializados para todas las actividades en su ubicaci\u00f3n. Realizamos las siguientes actividades, entre otras: desmontaje y montaje de rodillos; desmontaje y montaje de cojinetes y carcasas de cojinetes; ajustar y configurar el ajuste autom\u00e1tico del paso de la amoladora; conversi\u00f3n de ajuste de trinquete de amoladora&hellip;<\/p>\n","protected":false},"author":6,"featured_media":0,"parent":2377,"menu_order":0,"comment_status":"closed","ping_status":"closed","template":"template-microsite.php","meta":{"footnotes":""},"class_list":["post-2371","page","type-page","status-publish","hentry","description-off"],"yoast_head":"<!-- This site is optimized with the Yoast SEO plugin v27.4 - https:\/\/yoast.com\/product\/yoast-seo-wordpress\/ -->\n<title>Montaje en el lugar - A.J. te Riele<\/title>\n<meta name=\"robots\" content=\"index, follow, max-snippet:-1, max-image-preview:large, max-video-preview:-1\" \/>\n<link rel=\"canonical\" href=\"https:\/\/aj-teriele.nl\/es\/home-fa-aj-te-riele-mt\/montaje-en-el-lugar\/\" \/>\n<meta property=\"og:locale\" content=\"es_ES\" \/>\n<meta property=\"og:type\" content=\"article\" \/>\n<meta property=\"og:title\" content=\"Montaje en el lugar - A.J. te Riele\" \/>\n<meta property=\"og:description\" content=\"[vc_row][vc_column][vc_empty_space][vc_empty_space height=&#8221;12px&#8221;][vc_separator color=&#8221;custom&#8221; border_width=&#8221;2&#8243; accent_color=&#8221;#0c1967&#8243;][vc_empty_space height=&#8221;15px&#8221;][\/vc_column][\/vc_row][vc_row][vc_column width=&#8221;2\/3&#8243;][vc_column_text]Contamos con colegas especializados para todas las actividades en su ubicaci\u00f3n. Realizamos las siguientes actividades, entre otras: desmontaje y montaje de rodillos; desmontaje y montaje de cojinetes y carcasas de cojinetes; ajustar y configurar el ajuste autom\u00e1tico del paso de la amoladora; conversi\u00f3n de ajuste de trinquete de amoladora&hellip;\" \/>\n<meta property=\"og:url\" content=\"https:\/\/aj-teriele.nl\/es\/home-fa-aj-te-riele-mt\/montaje-en-el-lugar\/\" \/>\n<meta property=\"og:site_name\" content=\"A.J. te Riele\" \/>\n<meta property=\"article:modified_time\" content=\"2022-01-04T13:20:33+00:00\" \/>\n<meta name=\"twitter:card\" content=\"summary_large_image\" \/>\n<meta name=\"twitter:label1\" content=\"Tiempo de lectura\" \/>\n\t<meta name=\"twitter:data1\" content=\"1 minuto\" \/>\n<!-- \/ Yoast SEO plugin. -->","yoast_head_json":{"title":"Montaje en el lugar - A.J. te Riele","robots":{"index":"index","follow":"follow","max-snippet":"max-snippet:-1","max-image-preview":"max-image-preview:large","max-video-preview":"max-video-preview:-1"},"canonical":"https:\/\/aj-teriele.nl\/es\/home-fa-aj-te-riele-mt\/montaje-en-el-lugar\/","og_locale":"es_ES","og_type":"article","og_title":"Montaje en el lugar - A.J. te Riele","og_description":"[vc_row][vc_column][vc_empty_space][vc_empty_space height=&#8221;12px&#8221;][vc_separator color=&#8221;custom&#8221; border_width=&#8221;2&#8243; accent_color=&#8221;#0c1967&#8243;][vc_empty_space height=&#8221;15px&#8221;][\/vc_column][\/vc_row][vc_row][vc_column width=&#8221;2\/3&#8243;][vc_column_text]Contamos con colegas especializados para todas las actividades en su ubicaci\u00f3n. Realizamos las siguientes actividades, entre otras: desmontaje y montaje de rodillos; desmontaje y montaje de cojinetes y carcasas de cojinetes; ajustar y configurar el ajuste autom\u00e1tico del paso de la amoladora; conversi\u00f3n de ajuste de trinquete de amoladora&hellip;","og_url":"https:\/\/aj-teriele.nl\/es\/home-fa-aj-te-riele-mt\/montaje-en-el-lugar\/","og_site_name":"A.J. te Riele","article_modified_time":"2022-01-04T13:20:33+00:00","twitter_card":"summary_large_image","twitter_misc":{"Tiempo de lectura":"1 minuto"},"schema":{"@context":"https:\/\/schema.org","@graph":[{"@type":"WebPage","@id":"https:\/\/aj-teriele.nl\/es\/home-fa-aj-te-riele-mt\/montaje-en-el-lugar\/","url":"https:\/\/aj-teriele.nl\/es\/home-fa-aj-te-riele-mt\/montaje-en-el-lugar\/","name":"Montaje en el lugar - A.J. te Riele","isPartOf":{"@id":"https:\/\/aj-teriele.nl\/es\/#website"},"datePublished":"2021-11-25T08:57:28+00:00","dateModified":"2022-01-04T13:20:33+00:00","breadcrumb":{"@id":"https:\/\/aj-teriele.nl\/es\/home-fa-aj-te-riele-mt\/montaje-en-el-lugar\/#breadcrumb"},"inLanguage":"es","potentialAction":[{"@type":"ReadAction","target":["https:\/\/aj-teriele.nl\/es\/home-fa-aj-te-riele-mt\/montaje-en-el-lugar\/"]}]},{"@type":"BreadcrumbList","@id":"https:\/\/aj-teriele.nl\/es\/home-fa-aj-te-riele-mt\/montaje-en-el-lugar\/#breadcrumb","itemListElement":[{"@type":"ListItem","position":1,"name":"Home","item":"https:\/\/aj-teriele.nl\/es\/"},{"@type":"ListItem","position":2,"name":"Home Fa. AJ te Riele MT","item":"https:\/\/aj-teriele.nl\/es\/home-fa-aj-te-riele-mt\/"},{"@type":"ListItem","position":3,"name":"Montaje en el lugar"}]},{"@type":"WebSite","@id":"https:\/\/aj-teriele.nl\/es\/#website","url":"https:\/\/aj-teriele.nl\/es\/","name":"A.J. te Riele","description":"Maalderij in Vaassen","potentialAction":[{"@type":"SearchAction","target":{"@type":"EntryPoint","urlTemplate":"https:\/\/aj-teriele.nl\/es\/?s={search_term_string}"},"query-input":{"@type":"PropertyValueSpecification","valueRequired":true,"valueName":"search_term_string"}}],"inLanguage":"es"}]}},"_links":{"self":[{"href":"https:\/\/aj-teriele.nl\/es\/wp-json\/wp\/v2\/pages\/2371","targetHints":{"allow":["GET"]}}],"collection":[{"href":"https:\/\/aj-teriele.nl\/es\/wp-json\/wp\/v2\/pages"}],"about":[{"href":"https:\/\/aj-teriele.nl\/es\/wp-json\/wp\/v2\/types\/page"}],"author":[{"embeddable":true,"href":"https:\/\/aj-teriele.nl\/es\/wp-json\/wp\/v2\/users\/6"}],"replies":[{"embeddable":true,"href":"https:\/\/aj-teriele.nl\/es\/wp-json\/wp\/v2\/comments?post=2371"}],"version-history":[{"count":5,"href":"https:\/\/aj-teriele.nl\/es\/wp-json\/wp\/v2\/pages\/2371\/revisions"}],"predecessor-version":[{"id":2844,"href":"https:\/\/aj-teriele.nl\/es\/wp-json\/wp\/v2\/pages\/2371\/revisions\/2844"}],"up":[{"embeddable":true,"href":"https:\/\/aj-teriele.nl\/es\/wp-json\/wp\/v2\/pages\/2377"}],"wp:attachment":[{"href":"https:\/\/aj-teriele.nl\/es\/wp-json\/wp\/v2\/media?parent=2371"}],"curies":[{"name":"wp","href":"https:\/\/api.w.org\/{rel}","templated":true}]}}