{"id":2377,"date":"2021-11-25T10:06:31","date_gmt":"2021-11-25T09:06:31","guid":{"rendered":"https:\/\/aj-teriele.nl\/home-fa-aj-te-riele-mt\/"},"modified":"2022-02-16T13:44:47","modified_gmt":"2022-02-16T12:44:47","slug":"home-fa-aj-te-riele-mt","status":"publish","type":"page","link":"https:\/\/aj-teriele.nl\/es\/home-fa-aj-te-riele-mt\/","title":{"rendered":"Home Fa. AJ te Riele MT"},"content":{"rendered":"<div class=\"wpb-content-wrapper\"><p>[vc_row][vc_column][vc_column_text]<\/p>\n<h1><span style=\"color: #0c1967;\">Refinado y Montaje de rodillos<\/span><\/h1>\n<p>[\/vc_column_text][vc_separator color=&#8221;custom&#8221; align=&#8221;align_left&#8221; border_width=&#8221;2&#8243; accent_color=&#8221;#14145c&#8221; css=&#8221;.vc_custom_1492004894107{margin-top: -20px !important;}&#8221;][\/vc_column][\/vc_row][vc_row][vc_column width=&#8221;1\/3&#8243;][vc_single_image image=&#8221;2090&#8243; img_size=&#8221;large&#8221; alignment=&#8221;center&#8221;][vc_column_text]<\/p>\n<h4><strong>Dispositivo de molienda y estriado de rodillos<\/strong><\/h4>\n<p>[\/vc_column_text][vc_empty_space][vc_column_text]<span class=\"normaltekst\">A.J. te Riele Vaassen BV es una empresa especializada en el rectificado, perfilado y montaje de <\/span><span class=\"normaltekst\">rodillos para moler todos los productos diferentes.<br \/>\n<\/span><span class=\"normaltekst\">Para el procesamiento de rollos de trituraci\u00f3n y escamas, le remitimos a la p\u00e1gina DPT-Netherlands BV.<br \/>\nAdem\u00e1s del rectificado y re-perfilado, tambi\u00e9n nos ocupamos de las condiciones t\u00e9cnicas previas tales como:<br \/>\n<\/span><\/p>\n<ul>\n<li><span class=\"normaltekst\">(Des) montaje de cojinetes (seg\u00fan las condiciones de SKF);<\/span><\/li>\n<li><span class=\"normaltekst\">Instalar y quitar los rodillos y colocarlos en la ubicaci\u00f3n +.<\/span><\/li>\n<\/ul>\n<p>[\/vc_column_text][\/vc_column][vc_column width=&#8221;1\/3&#8243;][vc_single_image image=&#8221;2095&#8243; img_size=&#8221;large&#8221; alignment=&#8221;center&#8221;][vc_column_text]<\/p>\n<h4><strong>Fresadoras de revisi\u00f3n<\/strong><\/h4>\n<p>[\/vc_column_text][vc_empty_space][vc_column_text]Renovaci\u00f3n de piezas de desgaste y montaje, ajuste y preparaci\u00f3n de su asiento con ruedas \/ desmenuzadora para su funcionamiento. Otras m\u00e1quinas de molienda tambi\u00e9n son obra de nuestro personal de campo especializado.<\/p>\n<p>El personal de campo est\u00e1 capacitado con VCA + y BHV. Tambi\u00e9n est\u00e1n en posesi\u00f3n de un certificado de carretilla elevadora.[\/vc_column_text][\/vc_column][vc_column width=&#8221;1\/3&#8243;][vc_single_image image=&#8221;2615&#8243; img_size=&#8221;large&#8221; alignment=&#8221;center&#8221;][vc_column_text]<\/p>\n<h4><strong>Ajuste de las instalaciones del molino<\/strong><\/h4>\n<p>[\/vc_column_text][vc_empty_space height=&#8221;30px&#8221;][vc_column_text]A.J. te Riele Vaassen BV se encarga de ajustar su diagrama e instalar las m\u00e1quinas necesarias para usted. Le ayudamos con la puesta en marcha, formamos a sus operadores y le orientamos en el ajuste de la m\u00e1quina. Esto es para nuestro trabajo diario.[\/vc_column_text][\/vc_column][\/vc_row][vc_row type=&#8221;vc_default&#8221; full_width=&#8221;stretch_row_content_no_spaces&#8221; full_width_row=&#8221;true&#8221; bg_type=&#8221;image&#8221; parallax_style=&#8221;vcpb-default&#8221; bg_image_new=&#8221;id^1755|url^http:\/\/aj-teriele.nl\/wp-content\/uploads\/2017\/03\/IMG_0540.jpg|caption^null|alt^null|title^IMG_0540|description^null&#8221; bg_image_repeat=&#8221;no-repeat&#8221; bg_img_attach=&#8221;fixed&#8221; bg_override=&#8221;ex-full&#8221;][vc_column][vc_empty_space height=&#8221;250px&#8221;][\/vc_column][\/vc_row][vc_row][vc_column][vc_empty_space height=&#8221;20px&#8221;]<div id=\"ultimate-heading-32869e7300bc652a\" class=\"uvc-heading ult-adjust-bottom-margin ultimate-heading-32869e7300bc652a uvc-6674  uvc-heading-default-font-sizes\" data-hspacer=\"no_spacer\"  data-halign=\"left\" style=\"text-align:left\"><div class=\"uvc-heading-spacer no_spacer\" style=\"top\"><\/div><div class=\"uvc-main-heading ult-responsive\"  data-ultimate-target='.uvc-heading.ultimate-heading-32869e7300bc652a h2'  data-responsive-json-new='{\"font-size\":\"\",\"line-height\":\"\"}' ><h2 style=\"--font-weight:theme;color:#0c1967;\">Entrenamiento de montaje de rodamientos<\/h2><\/div><\/div>[vc_separator color=&#8221;custom&#8221; border_width=&#8221;2&#8243; accent_color=&#8221;#0c1967&#8243;][vc_empty_space height=&#8221;8px&#8221;][vc_row_inner][vc_column_inner width=&#8221;1\/3&#8243;]<div tabindex=\"0\" class=\"ult-new-ib ult-ib-effect-style1  ult-ib-resp ult-ib2-min-height \" data-min-width=\"768\" data-max-width=\"900\" style=\"background:#0c1967; opacity:0; \" data-opacity=\"1\" data-hover-opacity=\"0\"  data-min-height=\"300\" ><img decoding=\"async\" class=\"ult-new-ib-img\" style=\"opacity:1;\" alt=\"null\" src=\"https:\/\/aj-teriele.nl\/wp-content\/uploads\/2017\/04\/SKF1-2-e1526045328578.png\"  data-min-height=\"300\"   \/><div id=\"interactive-banner-wrap-2917\" class=\"ult-new-ib-desc\" style=\"\"><h1 class=\"ult-new-ib-title ult-responsive\"  data-ultimate-target='#interactive-banner-wrap-2917 .ult-new-ib-title'  data-responsive-json-new='{\"font-size\":\"desktop:22px;\",\"line-height\":\"\"}'  style=\"font-weight:normal;\">Montaje de cojinetes<\/h1><div class=\"ult-new-ib-content ult-responsive\"  data-ultimate-target='#interactive-banner-wrap-2917 .ult-new-ib-content'  data-responsive-json-new='{\"font-size\":\"\",\"line-height\":\"\"}'  style=\"font-weight:normal;\"><p>- Inspecci\u00f3n de los cojinetes- c\u00e1lculos- Medidas de holgura- Manipulaci\u00f3n de montaje hidr\u00e1ulico- Preimpresi\u00f3n y configuraci\u00f3n- Montaje de cojinetes- Lubricar cojinete-Montar y lubricar un rodamiento es un paso crucial en una m\u00e1quina que funciona de manera \u00f3ptima.Con el m\u00e9todo de prensado hidr\u00e1ulico SKF, puede contar con un m\u00e9todo de montaje perfecto m\u00e1ximo y una garant\u00eda durante la vida \u00fatil y las horas de funcionamiento de un rodamiento.Mediante este m\u00e9todo es posible utilizar el rodamiento varias veces sin perder sus propiedades de giro.<\/p><\/div><\/div><a class=\"ult-new-ib-link\" href=\"#\" title=\"Programma opdrive methode\"  ><\/a><\/div>[\/vc_column_inner][vc_column_inner width=&#8221;1\/3&#8243;]<div tabindex=\"0\" class=\"ult-new-ib ult-ib-effect-style1  ult-ib-resp ult-ib2-min-height \" data-min-width=\"768\" data-max-width=\"900\" style=\"background:#0c1967; opacity:0; \" data-opacity=\"1\" data-hover-opacity=\"0\"  data-min-height=\"300\" ><img decoding=\"async\" class=\"ult-new-ib-img\" style=\"opacity:1;\" alt=\"null\" src=\"https:\/\/aj-teriele.nl\/wp-content\/uploads\/2017\/04\/SKF2-2-1-e1526377727760.png\"  data-min-height=\"300\"   \/><div id=\"interactive-banner-wrap-4443\" class=\"ult-new-ib-desc\" style=\"\"><h1 class=\"ult-new-ib-title ult-responsive\"  data-ultimate-target='#interactive-banner-wrap-4443 .ult-new-ib-title'  data-responsive-json-new='{\"font-size\":\"desktop:22px;\",\"line-height\":\"\"}'  style=\"font-weight:normal;\">Reproducibilidad<\/h1><div class=\"ult-new-ib-content ult-responsive\"  data-ultimate-target='#interactive-banner-wrap-4443 .ult-new-ib-content'  data-responsive-json-new='{\"font-size\":\"\",\"line-height\":\"\"}'  style=\"font-weight:normal;\"><p>Debido al m\u00e9todo de prensado hidr\u00e1ulico, todos logran el mismo resultado.Se garantiza la reproducibilidad del m\u00e9todo de montaje del rodamiento.El c\u00e1lculo a trav\u00e9s del programa SKF garantiza una calidad continua del m\u00e9todo de elevaci\u00f3n.Donde uno se detiene, el otro puede continuar en las mismas condiciones.<\/p><\/div><\/div><a class=\"ult-new-ib-link\" href=\"#\"  ><\/a><\/div>[\/vc_column_inner][vc_column_inner width=&#8221;1\/3&#8243;]<div tabindex=\"0\" class=\"ult-new-ib ult-ib-effect-style1  ult-ib-resp ult-ib2-min-height \" data-min-width=\"768\" data-max-width=\"900\" style=\"background:#0c1967; opacity:0; \" data-opacity=\"1\" data-hover-opacity=\"0\"  data-min-height=\"300\" ><img decoding=\"async\" class=\"ult-new-ib-img\" style=\"opacity:1;\" alt=\"null\" src=\"https:\/\/aj-teriele.nl\/wp-content\/uploads\/2018\/05\/IMG_6855JPG-e1526212874621.jpg\"  data-min-height=\"300\"   \/><div id=\"interactive-banner-wrap-8872\" class=\"ult-new-ib-desc\" style=\"\"><h1 class=\"ult-new-ib-title ult-responsive\"  data-ultimate-target='#interactive-banner-wrap-8872 .ult-new-ib-title'  data-responsive-json-new='{\"font-size\":\"desktop:22px;\",\"line-height\":\"\"}'  style=\"font-weight:normal;color:#ffffff;\">Resultado final<\/h1><div class=\"ult-new-ib-content ult-responsive\"  data-ultimate-target='#interactive-banner-wrap-8872 .ult-new-ib-content'  data-responsive-json-new='{\"font-size\":\"mobile:11px;\",\"line-height\":\"\"}'  style=\"font-weight:normal;\"><p>Sus rodillos est\u00e1n preparados para ser colocados en la m\u00e1quina sin ning\u00fan procesamiento adicional.A.J. te Riele Vaassen BV lleva a\u00f1os trabajando con bastidores de transporte.Beneficio:- Los marcos son apilables- Hasta 1500 kg en 1 cuadro, con pesos superiores se utiliza 1 rodillo por cuadro- Los marcos son todos del mismo tama\u00f1o.- Debido al tama\u00f1o y apilabilidad, se ahorran costes en transporte (metros de carga)- Almacenamiento y transporte t\u00e9cnicamente responsable de ARBO- Si lo desea asegurado con una correa de amarre<\/p><\/div><\/div><a class=\"ult-new-ib-link\" href=\"#\"  ><\/a><\/div>[\/vc_column_inner][\/vc_row_inner][vc_empty_space][\/vc_column][\/vc_row]<\/p>\n<\/div>","protected":false},"excerpt":{"rendered":"<p>[vc_row][vc_column][vc_column_text] Refinado y Montaje de rodillos [\/vc_column_text][vc_separator color=&#8221;custom&#8221; align=&#8221;align_left&#8221; border_width=&#8221;2&#8243; accent_color=&#8221;#14145c&#8221; css=&#8221;.vc_custom_1492004894107{margin-top: -20px !important;}&#8221;][\/vc_column][\/vc_row][vc_row][vc_column width=&#8221;1\/3&#8243;][vc_single_image image=&#8221;2090&#8243; img_size=&#8221;large&#8221; alignment=&#8221;center&#8221;][vc_column_text] Dispositivo de molienda y estriado de rodillos [\/vc_column_text][vc_empty_space][vc_column_text]A.J. te Riele Vaassen BV es una empresa especializada en el rectificado, perfilado y montaje de rodillos para moler todos los productos diferentes. Para el procesamiento de rollos de trituraci\u00f3n&hellip;<\/p>\n","protected":false},"author":6,"featured_media":0,"parent":0,"menu_order":0,"comment_status":"closed","ping_status":"closed","template":"template-microsite.php","meta":{"footnotes":""},"class_list":["post-2377","page","type-page","status-publish","hentry","description-off"],"yoast_head":"<!-- This site is optimized with the Yoast SEO plugin v27.4 - https:\/\/yoast.com\/product\/yoast-seo-wordpress\/ -->\n<title>Home Fa. AJ te Riele MT - A.J. te Riele<\/title>\n<meta name=\"robots\" content=\"index, follow, max-snippet:-1, max-image-preview:large, max-video-preview:-1\" \/>\n<link rel=\"canonical\" href=\"https:\/\/aj-teriele.nl\/es\/home-fa-aj-te-riele-mt\/\" \/>\n<meta property=\"og:locale\" content=\"es_ES\" \/>\n<meta property=\"og:type\" content=\"article\" \/>\n<meta property=\"og:title\" content=\"Home Fa. AJ te Riele MT - A.J. te Riele\" \/>\n<meta property=\"og:description\" content=\"[vc_row][vc_column][vc_column_text] Refinado y Montaje de rodillos [\/vc_column_text][vc_separator color=&#8221;custom&#8221; align=&#8221;align_left&#8221; border_width=&#8221;2&#8243; accent_color=&#8221;#14145c&#8221; css=&#8221;.vc_custom_1492004894107{margin-top: -20px !important;}&#8221;][\/vc_column][\/vc_row][vc_row][vc_column width=&#8221;1\/3&#8243;][vc_single_image image=&#8221;2090&#8243; img_size=&#8221;large&#8221; alignment=&#8221;center&#8221;][vc_column_text] Dispositivo de molienda y estriado de rodillos [\/vc_column_text][vc_empty_space][vc_column_text]A.J. te Riele Vaassen BV es una empresa especializada en el rectificado, perfilado y montaje de rodillos para moler todos los productos diferentes. Para el procesamiento de rollos de trituraci\u00f3n&hellip;\" \/>\n<meta property=\"og:url\" content=\"https:\/\/aj-teriele.nl\/es\/home-fa-aj-te-riele-mt\/\" \/>\n<meta property=\"og:site_name\" content=\"A.J. te Riele\" \/>\n<meta property=\"article:modified_time\" content=\"2022-02-16T12:44:47+00:00\" \/>\n<meta name=\"twitter:card\" content=\"summary_large_image\" \/>\n<meta name=\"twitter:label1\" content=\"Tiempo de lectura\" \/>\n\t<meta name=\"twitter:data1\" content=\"5 minutos\" \/>\n<!-- \/ Yoast SEO plugin. -->","yoast_head_json":{"title":"Home Fa. AJ te Riele MT - A.J. te Riele","robots":{"index":"index","follow":"follow","max-snippet":"max-snippet:-1","max-image-preview":"max-image-preview:large","max-video-preview":"max-video-preview:-1"},"canonical":"https:\/\/aj-teriele.nl\/es\/home-fa-aj-te-riele-mt\/","og_locale":"es_ES","og_type":"article","og_title":"Home Fa. AJ te Riele MT - A.J. te Riele","og_description":"[vc_row][vc_column][vc_column_text] Refinado y Montaje de rodillos [\/vc_column_text][vc_separator color=&#8221;custom&#8221; align=&#8221;align_left&#8221; border_width=&#8221;2&#8243; accent_color=&#8221;#14145c&#8221; css=&#8221;.vc_custom_1492004894107{margin-top: -20px !important;}&#8221;][\/vc_column][\/vc_row][vc_row][vc_column width=&#8221;1\/3&#8243;][vc_single_image image=&#8221;2090&#8243; img_size=&#8221;large&#8221; alignment=&#8221;center&#8221;][vc_column_text] Dispositivo de molienda y estriado de rodillos [\/vc_column_text][vc_empty_space][vc_column_text]A.J. te Riele Vaassen BV es una empresa especializada en el rectificado, perfilado y montaje de rodillos para moler todos los productos diferentes. Para el procesamiento de rollos de trituraci\u00f3n&hellip;","og_url":"https:\/\/aj-teriele.nl\/es\/home-fa-aj-te-riele-mt\/","og_site_name":"A.J. te Riele","article_modified_time":"2022-02-16T12:44:47+00:00","twitter_card":"summary_large_image","twitter_misc":{"Tiempo de lectura":"5 minutos"},"schema":{"@context":"https:\/\/schema.org","@graph":[{"@type":"WebPage","@id":"https:\/\/aj-teriele.nl\/es\/home-fa-aj-te-riele-mt\/","url":"https:\/\/aj-teriele.nl\/es\/home-fa-aj-te-riele-mt\/","name":"Home Fa. AJ te Riele MT - A.J. te Riele","isPartOf":{"@id":"https:\/\/aj-teriele.nl\/es\/#website"},"datePublished":"2021-11-25T09:06:31+00:00","dateModified":"2022-02-16T12:44:47+00:00","breadcrumb":{"@id":"https:\/\/aj-teriele.nl\/es\/home-fa-aj-te-riele-mt\/#breadcrumb"},"inLanguage":"es","potentialAction":[{"@type":"ReadAction","target":["https:\/\/aj-teriele.nl\/es\/home-fa-aj-te-riele-mt\/"]}]},{"@type":"BreadcrumbList","@id":"https:\/\/aj-teriele.nl\/es\/home-fa-aj-te-riele-mt\/#breadcrumb","itemListElement":[{"@type":"ListItem","position":1,"name":"Home","item":"https:\/\/aj-teriele.nl\/es\/"},{"@type":"ListItem","position":2,"name":"Home Fa. AJ te Riele MT"}]},{"@type":"WebSite","@id":"https:\/\/aj-teriele.nl\/es\/#website","url":"https:\/\/aj-teriele.nl\/es\/","name":"A.J. te Riele","description":"Maalderij in Vaassen","potentialAction":[{"@type":"SearchAction","target":{"@type":"EntryPoint","urlTemplate":"https:\/\/aj-teriele.nl\/es\/?s={search_term_string}"},"query-input":{"@type":"PropertyValueSpecification","valueRequired":true,"valueName":"search_term_string"}}],"inLanguage":"es"}]}},"_links":{"self":[{"href":"https:\/\/aj-teriele.nl\/es\/wp-json\/wp\/v2\/pages\/2377","targetHints":{"allow":["GET"]}}],"collection":[{"href":"https:\/\/aj-teriele.nl\/es\/wp-json\/wp\/v2\/pages"}],"about":[{"href":"https:\/\/aj-teriele.nl\/es\/wp-json\/wp\/v2\/types\/page"}],"author":[{"embeddable":true,"href":"https:\/\/aj-teriele.nl\/es\/wp-json\/wp\/v2\/users\/6"}],"replies":[{"embeddable":true,"href":"https:\/\/aj-teriele.nl\/es\/wp-json\/wp\/v2\/comments?post=2377"}],"version-history":[{"count":5,"href":"https:\/\/aj-teriele.nl\/es\/wp-json\/wp\/v2\/pages\/2377\/revisions"}],"predecessor-version":[{"id":2974,"href":"https:\/\/aj-teriele.nl\/es\/wp-json\/wp\/v2\/pages\/2377\/revisions\/2974"}],"wp:attachment":[{"href":"https:\/\/aj-teriele.nl\/es\/wp-json\/wp\/v2\/media?parent=2377"}],"curies":[{"name":"wp","href":"https:\/\/api.w.org\/{rel}","templated":true}]}}