{"id":2389,"date":"2021-11-25T10:20:21","date_gmt":"2021-11-25T09:20:21","guid":{"rendered":"https:\/\/aj-teriele.nl\/home-molino\/entorno-del-molino\/"},"modified":"2021-11-25T10:20:22","modified_gmt":"2021-11-25T09:20:22","slug":"entorno-del-molino","status":"publish","type":"page","link":"https:\/\/aj-teriele.nl\/es\/home-molino\/entorno-del-molino\/","title":{"rendered":"Entorno del Molino"},"content":{"rendered":"<div class=\"wpb-content-wrapper\"><p>[vc_row type=&#8221;vc_default&#8221; full_width=&#8221;stretch_row&#8221;][vc_column][vc_empty_space]<div id=\"ultimate-heading-31369e731730157c\" class=\"uvc-heading ult-adjust-bottom-margin ultimate-heading-31369e731730157c uvc-9984  uvc-heading-default-font-sizes\" data-hspacer=\"no_spacer\"  data-halign=\"left\" style=\"text-align:left\"><div class=\"uvc-heading-spacer no_spacer\" style=\"top\"><\/div><div class=\"uvc-main-heading ult-responsive\"  data-ultimate-target='.uvc-heading.ultimate-heading-31369e731730157c h2'  data-responsive-json-new='{\"font-size\":\"\",\"line-height\":\"\"}' ><h2 style=\"--font-weight:theme;color:#0c1967;\">Alrededores<\/h2><\/div><\/div>[vc_separator color=&#8221;custom&#8221; border_width=&#8221;2&#8243; accent_color=&#8221;#0c1967&#8243;][vc_empty_space][vc_row_inner][vc_column_inner][vc_column_text]<\/p>\n<h3>Cannenburgh-Vaassen y te Riele, donde lo antiguo y lo ultramoderno van de la mano.<\/h3>\n<p>Asientos de rodillos, molinos de rodillos y desmenuzadores: todos tienen dos, cuatro o seis rodillos. Rodillos que se desgastan por el uso y ya no pueden hacer su trabajo correctamente: trabajo por hacer para Te Riele en Vaassen! Sol\u00eda \u200b\u200bser un trabajo manual prolongado; y ahora, mucho m\u00e1s tarde, presa de una m\u00e1quina totalmente automatizada. Es hora de comprobar esto![\/vc_column_text][\/vc_column_inner][\/vc_row_inner][vc_row_inner][vc_column_inner width=&#8221;1\/4&#8243;][vc_single_image image=&#8221;1809&#8243; img_size=&#8221;full&#8221;][\/vc_column_inner][vc_column_inner width=&#8221;3\/4&#8243;][vc_column_text]De Cannenburgh, 1386, no puedes ignorarlo: la antigua finca con el hermoso castillo de Vaassen. Esta es tambi\u00e9n la base de operaciones de te Riele! Acogedor, tradicional, modesto y completamente absorto en el bello entorno aut\u00e9ntico. La rueda del molino de agua gira en primavera como en los viejos tiempos. Las lavander\u00edas y los molinos se peleaban por el agua corriente. El letrero adjunto dice: \u201c<em>Los altos niveles de agua subterr\u00e1nea a lo largo de los bordes del Veluwe ha tenido una gran influencia en la econom\u00eda local durante siglos. Se excavaron lugares h\u00famedos para traer agua adicional a trav\u00e9s de arroyos para alimentar molinos de agua.<\/em>&#8221;<\/p>\n<p>La historia de Cannenburgh se remonta al siglo XIV<sup>e<\/sup>.[\/vc_column_text][\/vc_column_inner][\/vc_row_inner][vc_row_inner][vc_column_inner][vc_column_text]A partir de entonces hubo un molino de agua en el castillo. El molino se utiliz\u00f3 principalmente como molino harinero. En 1761 esto sucedi\u00f3 incluso con dos ruedas. En 1872 el molino pas\u00f3 a manos de Gait te Riele. En el duro invierno de 1940, el molino de madera se quem\u00f3 por completo y se reconstruy\u00f3 inmediatamente uno de ladrillo. El molino estaba equipado con una turbina, que es \u00fanica en Veluwe. En 2010 se restaur\u00f3 el molino y se restauraron la turbina y el canal\u00f3n del molino, incluida la rueda del molino.[\/vc_column_text][\/vc_column_inner][\/vc_row_inner][\/vc_column][\/vc_row][vc_row type=&#8221;vc_default&#8221; full_width=&#8221;stretch_row_content_no_spaces&#8221;][vc_column][vc_separator color=&#8221;custom&#8221; style=&#8221;dashed&#8221; border_width=&#8221;2&#8243; accent_color=&#8221;#0c1967&#8243;][\/vc_column][\/vc_row][vc_row][vc_column][vc_row_inner][vc_column_inner width=&#8221;2\/3&#8243;][vc_column_text]El molino se convirti\u00f3 en la base de la empresa actual. A lo largo de los siglos, la molienda de ma\u00edz en piedras fue reemplazada por t\u00e9cnicas modernas. En el antiguo sitio de Riele, todav\u00eda est\u00e1 ocupado con trigo sarraceno y otros molidos asalariados. Un trabajo de uno de los tres descendientes te Riele. Quinta Generaci\u00f3n! El segundo en Riele, ahora se puede encontrar en el taller de molienda, pero normalmente en ruta para el montaje y renovaci\u00f3n de molinos de rodillos y desmenuzadores en el lugar.<\/p>\n<p>Molienda y perfilado, una actividad que se retom\u00f3 como fuente alternativa de ingresos hace 75 a\u00f1os, cuando la molienda tradicional fue superada por el tiempo. Conduciendo por muelas y \u201cnalgas\u201d, b\u00e1sicamente afilando las ranuras nuevamente para frotar la veta, se cambi\u00f3 a rodillos de metal, que logran el mismo efecto.[\/vc_column_text][\/vc_column_inner][vc_column_inner width=&#8221;1\/3&#8243;][vc_single_image image=&#8221;1808&#8243; img_size=&#8221;medium&#8221;][\/vc_column_inner][\/vc_row_inner][vc_row_inner][vc_column_inner width=&#8221;1\/4&#8243;][vc_single_image image=&#8221;1807&#8243; img_size=&#8221;full&#8221;][\/vc_column_inner][vc_column_inner width=&#8221;3\/4&#8243;][vc_column_text]\u201cPuede reducir los cereales y otros productos de varias formas eligiendo el perfil adecuado\u201d, Anton te Riele se encuentra brevemente en su papel de profesor. \u201cPon dos perfiles &#8216;perezosos&#8217; uno contra el otro y obtienes una part\u00edcula vulnerable debido a su longitud. Aj\u00fastelo todo ligeramente y obtendr\u00e1 un &#8216;Wybertje&#8217; m\u00e1s fuerte \u201d(ver dibujo). \u201cPor lo general, las empresas vendedoras vienen en nombre de los usuarios para discutir cu\u00e1l es una buena opci\u00f3n. M\u00e1s tarde, los rodillos vuelven aqu\u00ed cuando est\u00e1n desafilados y, por lo tanto, ya no hacen su trabajo correctamente&#8221;.<\/p>\n<p>Es claro, los rodillos da\u00f1ados y desgastados vuelven a Vaassen y se rectifican y perfilan. \u201cTenemos empleados de montaje y reparaci\u00f3n nosotros mismos y operamos en todo el mundo\u201d, dice Anton.[\/vc_column_text][\/vc_column_inner][\/vc_row_inner][\/vc_column][\/vc_row][vc_row type=&#8221;vc_default&#8221; full_width=&#8221;stretch_row_content_no_spaces&#8221;][vc_column][vc_separator color=&#8221;custom&#8221; style=&#8221;dashed&#8221; border_width=&#8221;2&#8243; accent_color=&#8221;#0c1967&#8243;][\/vc_column][\/vc_row][vc_row][vc_column][vc_row_inner][vc_column_inner][vc_column_text]Los cojinetes, mu\u00f1ones del eje, sellos y ajustes tambi\u00e9n son muy importantes. Autom\u00e1ticamente se llega al tema de &#8220;conocimiento y formaci\u00f3n&#8221; y Anton informa inmediatamente que los usuarios finales, por ejemplo, los productores de piensos o los molinos de trigo, son generalmente conservadores. \u201cUna vez que la m\u00e1quina con el perfil de rodillo seleccionado est\u00e1 all\u00ed, en realidad es demasiado tarde. Eche un buen vistazo a las posibilidades de antemano (qu\u00e9 implica? Qu\u00e9 queremos como producto final? Con qu\u00e9 capacidad?). &#8220;Tenemos las instalaciones aqu\u00ed para adquirir conocimientos y capacitarnos. \u00a1Incluso es posible incluir nuestras actividades y posibilidades en una salida para el personal! Durante esta salida para el personal, vemos el Cannenburgh y colocamos la barbacoa aqu\u00ed &#8230;&#8221;[\/vc_column_text][\/vc_column_inner][\/vc_row_inner][vc_row_inner][vc_column_inner width=&#8221;1\/3&#8243;][vc_single_image image=&#8221;2063&#8243; img_size=&#8221;full&#8221;][\/vc_column_inner][vc_column_inner width=&#8221;1\/3&#8243;][vc_single_image image=&#8221;2068&#8243; img_size=&#8221;full&#8221;][\/vc_column_inner][vc_column_inner width=&#8221;1\/3&#8243;][vc_single_image image=&#8221;2090&#8243; img_size=&#8221;full&#8221;][\/vc_column_inner][\/vc_row_inner][vc_row_inner][vc_column_inner][vc_column_text]En el patio, con el mismo estilo modesto, hay un edificio con no menos de trece dispositivos de molienda y agitaci\u00f3n. Donde en el pasado los rodillos ten\u00edan que ser reparados con sangre, sudor y l\u00e1grimas, ahora es una cuesti\u00f3n de poner deseos en el sistema de control y verificar de vez en cuando si todo sigue funcionando como se esperaba. Un cincel corta el resto del perfil en una carrera r\u00e1pida y larga. \u201cSol\u00eda \u200b\u200bser hidr\u00e1ulico, ruidoso y desigual, ahora todo es silencioso y suave gracias al servodrive\u201d. Eso todav\u00eda no es suficiente: \u201cNo se puede ignorar, las capacidades de las f\u00e1bricas de piensos est\u00e1n aumentando, incluido el tama\u00f1o de las m\u00e1quinas y por lo tanto tambi\u00e9n los rodillos\u201d, dice el n\u00famero tres, Anton, te Riele. \u201cDurante mucho tiempo, los rodillos fueron razonables de manejar, pero ahora estamos alcanzando un peso de seis toneladas y eso ya no ser\u00e1 posible en las m\u00e1quinas m\u00e1s antiguas\u201d.[\/vc_column_text][\/vc_column_inner][\/vc_row_inner][vc_row_inner][vc_column_inner width=&#8221;1\/4&#8243;][vc_single_image image=&#8221;1802&#8243; img_size=&#8221;246&#215;145&#8243;][\/vc_column_inner][vc_column_inner width=&#8221;3\/4&#8243;][vc_column_text]Esta empresa familiar, tan importante para la industria del rectificado, ha adquirido una nave en el pol\u00edgono industrial de Vaassen, que contiene lo \u00faltimo en perfilado con rodillos. \u201cAqu\u00ed, en este pabell\u00f3n, DPT-Netherlands como el nombre de la empresa, un cami\u00f3n puede conducir hacia atr\u00e1s. Con la gr\u00faa p\u00f3rtico de 6,5 toneladas, podemos descargar los rodillos para su procesamiento\u201d. Detr\u00e1s de las vallas protectoras hay una m\u00e1quina inmensa, la obra maestra y el preludio de la &#8220;liga superior&#8221;, la tR810! Niza, Rodomach, una empresa holandesa de vanguardia especializada en automatizaci\u00f3n y rob\u00f3tica, ha construido este tR810.[\/vc_column_text][\/vc_column_inner][\/vc_row_inner][\/vc_column][\/vc_row][vc_row type=&#8221;vc_default&#8221; full_width=&#8221;stretch_row_content_no_spaces&#8221;][vc_column][vc_separator color=&#8221;custom&#8221; style=&#8221;dashed&#8221; border_width=&#8221;2&#8243; accent_color=&#8221;#0c1967&#8243;][\/vc_column][\/vc_row][vc_row][vc_column][vc_row_inner][vc_column_inner width=&#8221;2\/3&#8243;][vc_column_text]Se escucha un leve chirrido. El afilado y la medici\u00f3n se realiza en un carrusel con doce cinceles. Constantemente se adelanta una piedra de afilar para actualizar el siguiente cincel. Los resultados se visualizan en mil\u00e9simas de mil\u00edmetro bajo demanda. \u201cLa desviaci\u00f3n se tiene en cuenta para cada perfil a tratar\u201d, dice Anton con orgullo. &#8220;El soporte en el que se coloca el carrusel con cinceles compensa la diferencia&#8221;. Entonces es el momento, la cabeza del riffle se coloca frente al rodillo y hace su trabajo en un solo golpe! A una velocidad a\u00fan mayor, el brazo se dispara hacia atr\u00e1s y toma el siguiente surco&#8230;[\/vc_column_text][\/vc_column_inner][vc_column_inner width=&#8221;1\/3&#8243;][vc_single_image image=&#8221;1801&#8243; img_size=&#8221;263&#215;166&#8243;][\/vc_column_inner][\/vc_row_inner][vc_row_inner][vc_column_inner][vc_column_text]Se pueden manipular rodillos de hasta tres metros de largo. Qu\u00e9 r\u00e1pido? eso depende del operador para determinarlo. \u201cPuede funcionar hasta cuatro veces m\u00e1s r\u00e1pido que el anterior: \u00fatil para trabajos urgentes\u201d. Toda la operaci\u00f3n se puede seguir y controlar en una pantalla de video o en un \u201ctel\u00e9fono inteligente\u201d. La tecnolog\u00eda no significa nada en estos d\u00edas. Dicho esto, Anton apaga la luz y cierra la puerta. El tR810 contin\u00faa sin tripulaci\u00f3n &#8220;Veremos ma\u00f1ana &#8230;&#8221;[\/vc_column_text][\/vc_column_inner][\/vc_row_inner][vc_row_inner][vc_column_inner width=&#8221;1\/2&#8243;][vc_single_image image=&#8221;1753&#8243; img_size=&#8221;490&#215;300&#8243;][\/vc_column_inner][vc_column_inner width=&#8221;1\/2&#8243;][vc_single_image image=&#8221;1799&#8243; img_size=&#8221;490&#215;300&#8221;][\/vc_column_inner][\/vc_row_inner][\/vc_column][\/vc_row]<\/p>\n<\/div>","protected":false},"excerpt":{"rendered":"<p>[vc_row type=&#8221;vc_default&#8221; full_width=&#8221;stretch_row&#8221;][vc_column][vc_empty_space][vc_separator color=&#8221;custom&#8221; border_width=&#8221;2&#8243; accent_color=&#8221;#0c1967&#8243;][vc_empty_space][vc_row_inner][vc_column_inner][vc_column_text] Cannenburgh-Vaassen y te Riele, donde lo antiguo y lo ultramoderno van de la mano. Asientos de rodillos, molinos de rodillos y desmenuzadores: todos tienen dos, cuatro o seis rodillos. Rodillos que se desgastan por el uso y ya no pueden hacer su trabajo correctamente: trabajo por hacer para Te&hellip;<\/p>\n","protected":false},"author":6,"featured_media":0,"parent":2366,"menu_order":2,"comment_status":"closed","ping_status":"closed","template":"template-microsite.php","meta":{"footnotes":""},"class_list":["post-2389","page","type-page","status-publish","hentry","description-off"],"yoast_head":"<!-- This site is optimized with the Yoast SEO plugin v27.4 - https:\/\/yoast.com\/product\/yoast-seo-wordpress\/ -->\n<title>Entorno del Molino - A.J. te Riele<\/title>\n<meta name=\"robots\" content=\"index, follow, max-snippet:-1, max-image-preview:large, max-video-preview:-1\" \/>\n<link rel=\"canonical\" href=\"https:\/\/aj-teriele.nl\/es\/home-molino\/entorno-del-molino\/\" \/>\n<meta property=\"og:locale\" content=\"es_ES\" \/>\n<meta property=\"og:type\" content=\"article\" \/>\n<meta property=\"og:title\" content=\"Entorno del Molino - A.J. te Riele\" \/>\n<meta property=\"og:description\" content=\"[vc_row type=&#8221;vc_default&#8221; full_width=&#8221;stretch_row&#8221;][vc_column][vc_empty_space][vc_separator color=&#8221;custom&#8221; border_width=&#8221;2&#8243; accent_color=&#8221;#0c1967&#8243;][vc_empty_space][vc_row_inner][vc_column_inner][vc_column_text] Cannenburgh-Vaassen y te Riele, donde lo antiguo y lo ultramoderno van de la mano. Asientos de rodillos, molinos de rodillos y desmenuzadores: todos tienen dos, cuatro o seis rodillos. Rodillos que se desgastan por el uso y ya no pueden hacer su trabajo correctamente: trabajo por hacer para Te&hellip;\" \/>\n<meta property=\"og:url\" content=\"https:\/\/aj-teriele.nl\/es\/home-molino\/entorno-del-molino\/\" \/>\n<meta property=\"og:site_name\" content=\"A.J. te Riele\" \/>\n<meta property=\"article:modified_time\" content=\"2021-11-25T09:20:22+00:00\" \/>\n<meta name=\"twitter:card\" content=\"summary_large_image\" \/>\n<meta name=\"twitter:label1\" content=\"Tiempo de lectura\" \/>\n\t<meta name=\"twitter:data1\" content=\"8 minutos\" \/>\n<!-- \/ Yoast SEO plugin. -->","yoast_head_json":{"title":"Entorno del Molino - A.J. te Riele","robots":{"index":"index","follow":"follow","max-snippet":"max-snippet:-1","max-image-preview":"max-image-preview:large","max-video-preview":"max-video-preview:-1"},"canonical":"https:\/\/aj-teriele.nl\/es\/home-molino\/entorno-del-molino\/","og_locale":"es_ES","og_type":"article","og_title":"Entorno del Molino - A.J. te Riele","og_description":"[vc_row type=&#8221;vc_default&#8221; full_width=&#8221;stretch_row&#8221;][vc_column][vc_empty_space][vc_separator color=&#8221;custom&#8221; border_width=&#8221;2&#8243; accent_color=&#8221;#0c1967&#8243;][vc_empty_space][vc_row_inner][vc_column_inner][vc_column_text] Cannenburgh-Vaassen y te Riele, donde lo antiguo y lo ultramoderno van de la mano. Asientos de rodillos, molinos de rodillos y desmenuzadores: todos tienen dos, cuatro o seis rodillos. Rodillos que se desgastan por el uso y ya no pueden hacer su trabajo correctamente: trabajo por hacer para Te&hellip;","og_url":"https:\/\/aj-teriele.nl\/es\/home-molino\/entorno-del-molino\/","og_site_name":"A.J. te Riele","article_modified_time":"2021-11-25T09:20:22+00:00","twitter_card":"summary_large_image","twitter_misc":{"Tiempo de lectura":"8 minutos"},"schema":{"@context":"https:\/\/schema.org","@graph":[{"@type":"WebPage","@id":"https:\/\/aj-teriele.nl\/es\/home-molino\/entorno-del-molino\/","url":"https:\/\/aj-teriele.nl\/es\/home-molino\/entorno-del-molino\/","name":"Entorno del Molino - A.J. te Riele","isPartOf":{"@id":"https:\/\/aj-teriele.nl\/es\/#website"},"datePublished":"2021-11-25T09:20:21+00:00","dateModified":"2021-11-25T09:20:22+00:00","breadcrumb":{"@id":"https:\/\/aj-teriele.nl\/es\/home-molino\/entorno-del-molino\/#breadcrumb"},"inLanguage":"es","potentialAction":[{"@type":"ReadAction","target":["https:\/\/aj-teriele.nl\/es\/home-molino\/entorno-del-molino\/"]}]},{"@type":"BreadcrumbList","@id":"https:\/\/aj-teriele.nl\/es\/home-molino\/entorno-del-molino\/#breadcrumb","itemListElement":[{"@type":"ListItem","position":1,"name":"Home","item":"https:\/\/aj-teriele.nl\/es\/"},{"@type":"ListItem","position":2,"name":"Home molino","item":"https:\/\/aj-teriele.nl\/es\/home-molino\/"},{"@type":"ListItem","position":3,"name":"Entorno del Molino"}]},{"@type":"WebSite","@id":"https:\/\/aj-teriele.nl\/es\/#website","url":"https:\/\/aj-teriele.nl\/es\/","name":"A.J. te Riele","description":"Maalderij in Vaassen","potentialAction":[{"@type":"SearchAction","target":{"@type":"EntryPoint","urlTemplate":"https:\/\/aj-teriele.nl\/es\/?s={search_term_string}"},"query-input":{"@type":"PropertyValueSpecification","valueRequired":true,"valueName":"search_term_string"}}],"inLanguage":"es"}]}},"_links":{"self":[{"href":"https:\/\/aj-teriele.nl\/es\/wp-json\/wp\/v2\/pages\/2389","targetHints":{"allow":["GET"]}}],"collection":[{"href":"https:\/\/aj-teriele.nl\/es\/wp-json\/wp\/v2\/pages"}],"about":[{"href":"https:\/\/aj-teriele.nl\/es\/wp-json\/wp\/v2\/types\/page"}],"author":[{"embeddable":true,"href":"https:\/\/aj-teriele.nl\/es\/wp-json\/wp\/v2\/users\/6"}],"replies":[{"embeddable":true,"href":"https:\/\/aj-teriele.nl\/es\/wp-json\/wp\/v2\/comments?post=2389"}],"version-history":[{"count":5,"href":"https:\/\/aj-teriele.nl\/es\/wp-json\/wp\/v2\/pages\/2389\/revisions"}],"predecessor-version":[{"id":2396,"href":"https:\/\/aj-teriele.nl\/es\/wp-json\/wp\/v2\/pages\/2389\/revisions\/2396"}],"up":[{"embeddable":true,"href":"https:\/\/aj-teriele.nl\/es\/wp-json\/wp\/v2\/pages\/2366"}],"wp:attachment":[{"href":"https:\/\/aj-teriele.nl\/es\/wp-json\/wp\/v2\/media?parent=2389"}],"curies":[{"name":"wp","href":"https:\/\/api.w.org\/{rel}","templated":true}]}}