{"id":2397,"date":"2021-11-25T10:28:13","date_gmt":"2021-11-25T09:28:13","guid":{"rendered":"https:\/\/aj-teriele.nl\/home-molino\/taller-de-laminacion\/"},"modified":"2022-02-16T13:53:31","modified_gmt":"2022-02-16T12:53:31","slug":"taller-de-laminacion","status":"publish","type":"page","link":"https:\/\/aj-teriele.nl\/es\/home-molino\/taller-de-laminacion\/","title":{"rendered":"Taller de laminaci\u00f3n"},"content":{"rendered":"<div class=\"wpb-content-wrapper\"><p>[vc_row][vc_column][vc_empty_space]<div id=\"ultimate-heading-176969f45a44eef9e\" class=\"uvc-heading ult-adjust-bottom-margin ultimate-heading-176969f45a44eef9e uvc-2437  uvc-heading-default-font-sizes\" data-hspacer=\"no_spacer\"  data-halign=\"left\" style=\"text-align:left\"><div class=\"uvc-heading-spacer no_spacer\" style=\"top\"><\/div><div class=\"uvc-main-heading ult-responsive\"  data-ultimate-target='.uvc-heading.ultimate-heading-176969f45a44eef9e h2'  data-responsive-json-new='{\"font-size\":\"\",\"line-height\":\"\"}' ><h2 style=\"--font-weight:theme;color:#0c1967;\">Rodillos, rodillos trituradores y rodillos trituradores<\/h2><\/div><\/div>[vc_separator color=&#8221;custom&#8221; border_width=&#8221;2&#8243; accent_color=&#8221;#0c1967&#8243;][vc_empty_space height=&#8221;16px&#8221;][\/vc_column][\/vc_row][vc_row][vc_column width=&#8221;1\/3&#8243;]<div tabindex=\"0\" class=\"ult-new-ib ult-ib-effect-style11  ult-ib-resp  \" data-min-width=\"768\" data-max-width=\"900\" style=\"\" data-opacity=\"1\" data-hover-opacity=\"1\" ><img decoding=\"async\" class=\"ult-new-ib-img\" style=\"opacity:1;\" alt=\"null\" src=\"https:\/\/aj-teriele.nl\/wp-content\/uploads\/2017\/02\/IMG_0451.jpg\"   \/><div id=\"interactive-banner-wrap-3338\" class=\"ult-new-ib-desc\" style=\"\"><h2 class=\"ult-new-ib-title ult-responsive\"  data-ultimate-target='#interactive-banner-wrap-3338 .ult-new-ib-title'  data-responsive-json-new='{\"font-size\":\"desktop:22px;\",\"line-height\":\"\"}'  style=\"font-weight:bold;color:#0c1967;\">Molino harinero tipo molino<\/h2><\/div><\/div>[\/vc_column][vc_column width=&#8221;1\/3&#8243;]<div tabindex=\"0\" class=\"ult-new-ib ult-ib-effect-style11  ult-ib-resp  \" data-min-width=\"768\" data-max-width=\"900\" style=\"\" data-opacity=\"1\" data-hover-opacity=\"1\" ><img decoding=\"async\" class=\"ult-new-ib-img\" style=\"opacity:1;\" alt=\"null\" src=\"https:\/\/aj-teriele.nl\/wp-content\/uploads\/2015\/05\/IMG_0451.jpg\"   \/><div id=\"interactive-banner-wrap-4932\" class=\"ult-new-ib-desc\" style=\"\"><h2 class=\"ult-new-ib-title ult-responsive\"  data-ultimate-target='#interactive-banner-wrap-4932 .ult-new-ib-title'  data-responsive-json-new='{\"font-size\":\"desktop:22px;\",\"line-height\":\"\"}'  style=\"font-weight:bold;color:#0c1967;\">Tipo de rodillo de granulaci\u00f3n<\/h2><\/div><\/div>[\/vc_column][vc_column width=&#8221;1\/3&#8243;]<div tabindex=\"0\" class=\"ult-new-ib ult-ib-effect-style11  ult-ib-resp  \" data-min-width=\"768\" data-max-width=\"900\" style=\"\" data-opacity=\"1\" data-hover-opacity=\"1\" ><img decoding=\"async\" class=\"ult-new-ib-img\" style=\"opacity:1;\" alt=\"null\" src=\"https:\/\/aj-teriele.nl\/wp-content\/uploads\/2017\/02\/IMG_0451.jpg\"   \/><div id=\"interactive-banner-wrap-7016\" class=\"ult-new-ib-desc\" style=\"\"><h2 class=\"ult-new-ib-title ult-responsive\"  data-ultimate-target='#interactive-banner-wrap-7016 .ult-new-ib-title'  data-responsive-json-new='{\"font-size\":\"desktop:22px;\",\"line-height\":\"\"}'  style=\"font-weight:bold;color:#0c1967;\">Tipo Rodillo de escamas<\/h2><\/div><\/div>[\/vc_column][\/vc_row][vc_row][vc_column][vc_empty_space height=&#8221;12px&#8221;][vc_column_text]En todo el mundo, se utilizan muchos tipos de molinos de rodillos para triturar diversos productos.<\/p>\n<p>Los tipos principales se pueden dividir en tres categor\u00edas:<\/p>\n<ul>\n<li>molienda de cereales para la industria del pan;<\/li>\n<li>granulaci\u00f3n para otros productos;<\/li>\n<li>aplanar \/ aplastar.<\/li>\n<\/ul>\n<p><strong><em>Trituraci\u00f3n de granos y semillas para materias primas de panader\u00eda<\/em><\/strong>.<\/p>\n<p>Donde en el pasado el grano se mol\u00eda en harina en 1 piedra de molino, ahora conocemos un diagrama de varios pares de rodillos, que muelen el grano en &#8220;harina&#8221;. La gran diferencia en este principio es la separaci\u00f3n del salvado, los g\u00e9rmenes y el cuerpo de la harina, por ejemplo:<br \/>\nEn el pasado: el grano integral se reduc\u00eda a harina de trigo integral de una sola vez.<br \/>\nPresente: la harina (150 micrones) se crea por medio de varios tipos de perfiles y por tamizado \/ separaci\u00f3n y luego mezclada en, por ejemplo, medio \/ harina de trigo integral.<\/p>\n<p>El &#8220;diagrama&#8221; (la composici\u00f3n de la l\u00ednea de molienda y las mallas de la pantalla) es el coraz\u00f3n del molino. Esta composici\u00f3n es diferente para cada molino, determina la calidad y la extracci\u00f3n. Cada molino mantiene este diagrama en secreto, este conocimiento no se divulga ni se comparte con otros.<\/p>\n<p><em><strong>Granular otros productos.<\/strong><\/em><\/p>\n<p>Muchos productos son adecuados para esta aplicaci\u00f3n.<\/p>\n<p>Productos individuales:<\/p>\n<ul>\n<li>forraje;<\/li>\n<li>az\u00facar;<\/li>\n<li>caf\u00e9;<\/li>\n<li>reciclaje;<\/li>\n<li>sal;<\/li>\n<li>verduras secas;<\/li>\n<li>especias;<\/li>\n<li>especias.<\/li>\n<\/ul>\n<p>El n\u00famero de perfiles y su inclinaci\u00f3n determinan la calidad del granulado. La base se basa en 2 rodillos riffler longitudinales con al menos un 8% de drall y un \u00e1ngulo de 20\/60 grados. Este perfil tiene una buena relaci\u00f3n calidad \/ cantidad. Si jugamos con la relaci\u00f3n, el resultado ser\u00e1:<\/p>\n<ul>\n<li>aumentar la calidad disminuye la cantidad;<\/li>\n<li>bajar la calidad aumenta la cantidad.<\/li>\n<\/ul>\n<p>A.J. te Riele Vaassen BV tiene el conocimiento para resolver sus deseos espec\u00edficos y brindarle buenos consejos.<\/p>\n<p><strong><i>Flak o platos.<\/i><\/strong><\/p>\n<p>El aplanamiento o aplanamiento tiene lugar entre rollos de gran di\u00e1metro. El di\u00e1metro proporciona una superficie de contacto m\u00e1s larga con el producto. El gran di\u00e1metro tambi\u00e9n da mayor peso a los rodillos. La declaraci\u00f3n dice:<\/p>\n<p>Presi\u00f3n x moler = resultado<br \/>\nCuanto mayor sea la presi\u00f3n de molienda y m\u00e1s larga sea la trayectoria de molienda, el resultado es una escama m\u00e1s delgada. La diferencia de velocidad entre los dos rodillos y la distancia (trinquete de fresado) juega un papel importante aqu\u00ed. Naturalmente, el material de entrada es un factor importante (propiedades naturales, humedad y fragilidad).[\/vc_column_text][\/vc_column][\/vc_row][vc_row][vc_column][vc_empty_space][vc_row_inner][vc_column_inner width=&#8221;1\/3&#8243;][\/vc_column_inner][vc_column_inner width=&#8221;1\/3&#8243;][vc_single_image image=&#8221;2180&#8243; img_size=&#8221;full&#8221; alignment=&#8221;center&#8221;][\/vc_column_inner][vc_column_inner width=&#8221;1\/3&#8243;][\/vc_column_inner][\/vc_row_inner][\/vc_column][\/vc_row]<\/p>\n<\/div>","protected":false},"excerpt":{"rendered":"<p>[vc_row][vc_column][vc_empty_space][vc_separator color=&#8221;custom&#8221; border_width=&#8221;2&#8243; accent_color=&#8221;#0c1967&#8243;][vc_empty_space height=&#8221;16px&#8221;][\/vc_column][\/vc_row][vc_row][vc_column width=&#8221;1\/3&#8243;][\/vc_column][vc_column width=&#8221;1\/3&#8243;][\/vc_column][vc_column width=&#8221;1\/3&#8243;][\/vc_column][\/vc_row][vc_row][vc_column][vc_empty_space height=&#8221;12px&#8221;][vc_column_text]En todo el mundo, se utilizan muchos tipos de molinos de rodillos para triturar diversos productos. Los tipos principales se pueden dividir en tres categor\u00edas: molienda de cereales para la industria del pan; granulaci\u00f3n para otros productos; aplanar \/ aplastar. Trituraci\u00f3n de granos y semillas para materias&hellip;<\/p>\n","protected":false},"author":6,"featured_media":0,"parent":2366,"menu_order":0,"comment_status":"closed","ping_status":"closed","template":"template-microsite.php","meta":{"footnotes":""},"class_list":["post-2397","page","type-page","status-publish","hentry","description-off"],"yoast_head":"<!-- This site is optimized with the Yoast SEO plugin v27.5 - https:\/\/yoast.com\/product\/yoast-seo-wordpress\/ -->\n<title>Taller de laminaci\u00f3n - A.J. te Riele<\/title>\n<meta name=\"robots\" content=\"index, follow, max-snippet:-1, max-image-preview:large, max-video-preview:-1\" \/>\n<link rel=\"canonical\" href=\"https:\/\/aj-teriele.nl\/es\/home-molino\/taller-de-laminacion\/\" \/>\n<meta property=\"og:locale\" content=\"es_ES\" \/>\n<meta property=\"og:type\" content=\"article\" \/>\n<meta property=\"og:title\" content=\"Taller de laminaci\u00f3n - A.J. te Riele\" \/>\n<meta property=\"og:description\" content=\"[vc_row][vc_column][vc_empty_space][vc_separator color=&#8221;custom&#8221; border_width=&#8221;2&#8243; accent_color=&#8221;#0c1967&#8243;][vc_empty_space height=&#8221;16px&#8221;][\/vc_column][\/vc_row][vc_row][vc_column width=&#8221;1\/3&#8243;][\/vc_column][vc_column width=&#8221;1\/3&#8243;][\/vc_column][vc_column width=&#8221;1\/3&#8243;][\/vc_column][\/vc_row][vc_row][vc_column][vc_empty_space height=&#8221;12px&#8221;][vc_column_text]En todo el mundo, se utilizan muchos tipos de molinos de rodillos para triturar diversos productos. Los tipos principales se pueden dividir en tres categor\u00edas: molienda de cereales para la industria del pan; granulaci\u00f3n para otros productos; aplanar \/ aplastar. Trituraci\u00f3n de granos y semillas para materias&hellip;\" \/>\n<meta property=\"og:url\" content=\"https:\/\/aj-teriele.nl\/es\/home-molino\/taller-de-laminacion\/\" \/>\n<meta property=\"og:site_name\" content=\"A.J. te Riele\" \/>\n<meta property=\"article:modified_time\" content=\"2022-02-16T12:53:31+00:00\" \/>\n<meta name=\"twitter:card\" content=\"summary_large_image\" \/>\n<meta name=\"twitter:label1\" content=\"Tiempo de lectura\" \/>\n\t<meta name=\"twitter:data1\" content=\"4 minutos\" \/>\n<!-- \/ Yoast SEO plugin. -->","yoast_head_json":{"title":"Taller de laminaci\u00f3n - A.J. te Riele","robots":{"index":"index","follow":"follow","max-snippet":"max-snippet:-1","max-image-preview":"max-image-preview:large","max-video-preview":"max-video-preview:-1"},"canonical":"https:\/\/aj-teriele.nl\/es\/home-molino\/taller-de-laminacion\/","og_locale":"es_ES","og_type":"article","og_title":"Taller de laminaci\u00f3n - A.J. te Riele","og_description":"[vc_row][vc_column][vc_empty_space][vc_separator color=&#8221;custom&#8221; border_width=&#8221;2&#8243; accent_color=&#8221;#0c1967&#8243;][vc_empty_space height=&#8221;16px&#8221;][\/vc_column][\/vc_row][vc_row][vc_column width=&#8221;1\/3&#8243;][\/vc_column][vc_column width=&#8221;1\/3&#8243;][\/vc_column][vc_column width=&#8221;1\/3&#8243;][\/vc_column][\/vc_row][vc_row][vc_column][vc_empty_space height=&#8221;12px&#8221;][vc_column_text]En todo el mundo, se utilizan muchos tipos de molinos de rodillos para triturar diversos productos. Los tipos principales se pueden dividir en tres categor\u00edas: molienda de cereales para la industria del pan; granulaci\u00f3n para otros productos; aplanar \/ aplastar. Trituraci\u00f3n de granos y semillas para materias&hellip;","og_url":"https:\/\/aj-teriele.nl\/es\/home-molino\/taller-de-laminacion\/","og_site_name":"A.J. te Riele","article_modified_time":"2022-02-16T12:53:31+00:00","twitter_card":"summary_large_image","twitter_misc":{"Tiempo de lectura":"4 minutos"},"schema":{"@context":"https:\/\/schema.org","@graph":[{"@type":"WebPage","@id":"https:\/\/aj-teriele.nl\/es\/home-molino\/taller-de-laminacion\/","url":"https:\/\/aj-teriele.nl\/es\/home-molino\/taller-de-laminacion\/","name":"Taller de laminaci\u00f3n - A.J. te Riele","isPartOf":{"@id":"https:\/\/aj-teriele.nl\/es\/#website"},"datePublished":"2021-11-25T09:28:13+00:00","dateModified":"2022-02-16T12:53:31+00:00","breadcrumb":{"@id":"https:\/\/aj-teriele.nl\/es\/home-molino\/taller-de-laminacion\/#breadcrumb"},"inLanguage":"es","potentialAction":[{"@type":"ReadAction","target":["https:\/\/aj-teriele.nl\/es\/home-molino\/taller-de-laminacion\/"]}]},{"@type":"BreadcrumbList","@id":"https:\/\/aj-teriele.nl\/es\/home-molino\/taller-de-laminacion\/#breadcrumb","itemListElement":[{"@type":"ListItem","position":1,"name":"Home","item":"https:\/\/aj-teriele.nl\/es\/"},{"@type":"ListItem","position":2,"name":"Home molino","item":"https:\/\/aj-teriele.nl\/es\/home-molino\/"},{"@type":"ListItem","position":3,"name":"Taller de laminaci\u00f3n"}]},{"@type":"WebSite","@id":"https:\/\/aj-teriele.nl\/es\/#website","url":"https:\/\/aj-teriele.nl\/es\/","name":"A.J. te Riele","description":"Maalderij in Vaassen","potentialAction":[{"@type":"SearchAction","target":{"@type":"EntryPoint","urlTemplate":"https:\/\/aj-teriele.nl\/es\/?s={search_term_string}"},"query-input":{"@type":"PropertyValueSpecification","valueRequired":true,"valueName":"search_term_string"}}],"inLanguage":"es"}]}},"_links":{"self":[{"href":"https:\/\/aj-teriele.nl\/es\/wp-json\/wp\/v2\/pages\/2397","targetHints":{"allow":["GET"]}}],"collection":[{"href":"https:\/\/aj-teriele.nl\/es\/wp-json\/wp\/v2\/pages"}],"about":[{"href":"https:\/\/aj-teriele.nl\/es\/wp-json\/wp\/v2\/types\/page"}],"author":[{"embeddable":true,"href":"https:\/\/aj-teriele.nl\/es\/wp-json\/wp\/v2\/users\/6"}],"replies":[{"embeddable":true,"href":"https:\/\/aj-teriele.nl\/es\/wp-json\/wp\/v2\/comments?post=2397"}],"version-history":[{"count":5,"href":"https:\/\/aj-teriele.nl\/es\/wp-json\/wp\/v2\/pages\/2397\/revisions"}],"predecessor-version":[{"id":2402,"href":"https:\/\/aj-teriele.nl\/es\/wp-json\/wp\/v2\/pages\/2397\/revisions\/2402"}],"up":[{"embeddable":true,"href":"https:\/\/aj-teriele.nl\/es\/wp-json\/wp\/v2\/pages\/2366"}],"wp:attachment":[{"href":"https:\/\/aj-teriele.nl\/es\/wp-json\/wp\/v2\/media?parent=2397"}],"curies":[{"name":"wp","href":"https:\/\/api.w.org\/{rel}","templated":true}]}}