{"id":2403,"date":"2021-11-25T10:31:56","date_gmt":"2021-11-25T09:31:56","guid":{"rendered":"https:\/\/aj-teriele.nl\/home-molino\/contacto-mill\/"},"modified":"2022-02-15T15:52:12","modified_gmt":"2022-02-15T14:52:12","slug":"contacto-mill","status":"publish","type":"page","link":"https:\/\/aj-teriele.nl\/es\/home-molino\/contacto-mill\/","title":{"rendered":"Contacto &#8211; Mill"},"content":{"rendered":"<div class=\"wpb-content-wrapper\"><p>[vc_row][vc_column][vc_empty_space][vc_row_inner css=&#8221;.vc_custom_1491991080826{margin-bottom: 0px !important;}&#8221;][vc_column_inner width=&#8221;1\/2&#8243;][vc_empty_space]<div id=\"ultimate-heading-723269e7448654209\" class=\"uvc-heading ult-adjust-bottom-margin ultimate-heading-723269e7448654209 uvc-2751 \" data-hspacer=\"no_spacer\"  data-halign=\"center\" style=\"text-align:center\"><div class=\"uvc-heading-spacer no_spacer\" style=\"top\"><\/div><div class=\"uvc-main-heading ult-responsive\"  data-ultimate-target='.uvc-heading.ultimate-heading-723269e7448654209 h2'  data-responsive-json-new='{\"font-size\":\"desktop:22px;\",\"line-height\":\"\"}' ><h2 style=\"--font-weight:theme;color:#0c1967;\">Cannenburgh's mill Vaassen<\/h2><\/div><\/div>[vc_separator color=&#8221;custom&#8221; border_width=&#8221;2&#8243; accent_color=&#8221;#0c1967&#8243;][vc_column_text]<\/p>\n<p style=\"text-align: left;\">Estamos felices de poder servirle.<br \/>\nSi tiene una pregunta o un pedido, puede ingresarlo aqu\u00ed.<br \/>\nNos pondremos en contacto con usted tan pronto como sea posible.<\/p>\n<p>[\/vc_column_text][\/vc_column_inner][vc_column_inner width=&#8221;1\/2&#8243; offset=&#8221;vc_hidden-sm vc_hidden-xs&#8221;][vc_empty_space]<div id=\"ultimate-heading-406569e74486542cf\" class=\"uvc-heading ult-adjust-bottom-margin ultimate-heading-406569e74486542cf uvc-6119 \" data-hspacer=\"no_spacer\"  data-halign=\"center\" style=\"text-align:center\"><div class=\"uvc-heading-spacer no_spacer\" style=\"top\"><\/div><div class=\"uvc-main-heading ult-responsive\"  data-ultimate-target='.uvc-heading.ultimate-heading-406569e74486542cf h2'  data-responsive-json-new='{\"font-size\":\"desktop:22px;\",\"line-height\":\"\"}' ><h2 style=\"--font-weight:theme;color:#0c1967;\">Contacto directo<\/h2><\/div><\/div>[vc_separator color=&#8221;custom&#8221; border_width=&#8221;2&#8243; accent_color=&#8221;#0c1967&#8243;]\n<div class=\"wpcf7 no-js\" id=\"wpcf7-f2454-o1\" lang=\"es-ES\" dir=\"ltr\" data-wpcf7-id=\"2454\">\n<div class=\"screen-reader-response\"><p role=\"status\" aria-live=\"polite\" aria-atomic=\"true\"><\/p> <ul><\/ul><\/div>\n<form action=\"\/es\/wp-json\/wp\/v2\/pages\/2403#wpcf7-f2454-o1\" method=\"post\" class=\"wpcf7-form init\" aria-label=\"Formulario de contacto\" novalidate=\"novalidate\" data-status=\"init\">\n<fieldset class=\"hidden-fields-container\"><input type=\"hidden\" name=\"_wpcf7\" value=\"2454\" \/><input type=\"hidden\" name=\"_wpcf7_version\" value=\"6.1.5\" \/><input type=\"hidden\" name=\"_wpcf7_locale\" value=\"es_ES\" \/><input type=\"hidden\" name=\"_wpcf7_unit_tag\" value=\"wpcf7-f2454-o1\" \/><input type=\"hidden\" name=\"_wpcf7_container_post\" value=\"0\" \/><input type=\"hidden\" name=\"_wpcf7_posted_data_hash\" value=\"\" \/><input type=\"hidden\" name=\"_wpcf7_recaptcha_response\" value=\"\" \/>\n<\/fieldset>\n<p><span id=\"wpcf7-69e7448656824-wrapper\" class=\"wpcf7-form-control-wrap email-661-wrap\" ><input type=\"hidden\" name=\"email-661-time-start\" value=\"1776764038\"><input type=\"hidden\" name=\"email-661-time-check\" value=\"4\"><label for=\"wpcf7-69e7448656824-field\" class=\"hp-message\">Por favor, deja este campo vac\u00edo.<\/label><input id=\"wpcf7-69e7448656824-field\"  class=\"wpcf7-form-control wpcf7-text\" type=\"text\" name=\"email-661\" value=\"\" size=\"40\" tabindex=\"-1\" autocomplete=\"new-password\" \/><\/span><br \/>\n\t<font color=\"14145c\" original=\"PGg0Pg==\">\n\t<\/font>\n<\/p>\n<p>Nombre:<br\/h4 \/><br \/>\n<span class=\"wpcf7-form-control-wrap\" data-name=\"your-name\"><input size=\"40\" maxlength=\"400\" class=\"wpcf7-form-control wpcf7-text wpcf7-validates-as-required\" aria-required=\"true\" aria-invalid=\"false\" value=\"\" type=\"text\" name=\"your-name\" \/><\/span>\n<\/p>\n<p>Nombre de empresa:\n<\/p>\n<p><span class=\"wpcf7-form-control-wrap\" data-name=\"Bedrijfsnaam\"><input size=\"40\" maxlength=\"400\" class=\"wpcf7-form-control wpcf7-text wpcf7-validates-as-required\" aria-required=\"true\" aria-invalid=\"false\" value=\"\" type=\"text\" name=\"Bedrijfsnaam\" \/><\/span>\n<\/p>\n<p>E-mail:\n<\/p>\n<p><span class=\"wpcf7-form-control-wrap\" data-name=\"your-email\"><input size=\"40\" maxlength=\"400\" class=\"wpcf7-form-control wpcf7-email wpcf7-validates-as-required wpcf7-text wpcf7-validates-as-email\" aria-required=\"true\" aria-invalid=\"false\" value=\"\" type=\"email\" name=\"your-email\" \/><\/span>\n<\/p>\n<p>Tel\u00e9fono:\n<\/p>\n<p><span class=\"wpcf7-form-control-wrap\" data-name=\"your-email\"><input size=\"40\" maxlength=\"400\" class=\"wpcf7-form-control wpcf7-text wpcf7-validates-as-required\" aria-required=\"true\" aria-invalid=\"false\" value=\"\" type=\"text\" name=\"your-email\" \/><\/span>\n<\/p>\n<p>Pregunta \/ orden:<br \/>\n<br \/>\n<span class=\"wpcf7-form-control-wrap\" data-name=\"your-message\"><textarea cols=\"40\" rows=\"10\" maxlength=\"2000\" class=\"wpcf7-form-control wpcf7-textarea\" aria-invalid=\"false\" name=\"your-message\"><\/textarea><\/span>\n<\/p>\n<p><input class=\"wpcf7-form-control wpcf7-submit has-spinner\" type=\"submit\" value=\"Verzenden\" \/>\n<\/p><div class=\"wpcf7-response-output\" aria-hidden=\"true\"><\/div>\n<\/form>\n<\/div>\n[\/vc_column_inner][\/vc_row_inner][vc_row_inner][vc_column_inner el_class=&#8221;top&#8221; width=&#8221;1\/2&#8243; offset=&#8221;vc_hidden-sm vc_hidden-xs&#8221;]<div id=\"ultimate-heading-643669e7448656b71\" class=\"uvc-heading ult-adjust-bottom-margin ultimate-heading-643669e7448656b71 uvc-5476 \" data-hspacer=\"no_spacer\"  data-halign=\"center\" style=\"text-align:center\"><div class=\"uvc-heading-spacer no_spacer\" style=\"top\"><\/div><div class=\"uvc-main-heading ult-responsive\"  data-ultimate-target='.uvc-heading.ultimate-heading-643669e7448656b71 h2'  data-responsive-json-new='{\"font-size\":\"desktop:22px;\",\"line-height\":\"\"}' ><h2 style=\"--font-weight:theme;color:#0c1967;\">correo directo<\/h2><\/div><\/div>[vc_separator color=&#8221;custom&#8221; border_width=&#8221;2&#8243; accent_color=&#8221;#0c1967&#8243;][vc_column_text]<\/p>\n<p style=\"text-align: left;\"><span class=\"normaltekst\" style=\"color: #4d4d4d;\">La solicitud se env\u00eda a la direcci\u00f3n de correo electr\u00f3nico de nuestra f\u00e1brica.<\/span><\/p>\n<p>[\/vc_column_text][\/vc_column_inner][\/vc_row_inner][vc_row_inner][vc_column_inner el_class=&#8221;height&#8221; width=&#8221;1\/2&#8243; offset=&#8221;vc_hidden-sm vc_hidden-xs&#8221;]<div id=\"ultimate-heading-540769e7448656c2a\" class=\"uvc-heading ult-adjust-bottom-margin ultimate-heading-540769e7448656c2a uvc-5186 \" data-hspacer=\"no_spacer\"  data-halign=\"center\" style=\"text-align:center\"><div class=\"uvc-heading-spacer no_spacer\" style=\"top\"><\/div><div class=\"uvc-main-heading ult-responsive\"  data-ultimate-target='.uvc-heading.ultimate-heading-540769e7448656c2a h2'  data-responsive-json-new='{\"font-size\":\"desktop:22px;\",\"line-height\":\"\"}' ><h2 style=\"--font-weight:theme;color:#0c1967;\">Contacto<\/h2><\/div><\/div>[vc_separator color=&#8221;custom&#8221; border_width=&#8221;2&#8243; accent_color=&#8221;#0c1967&#8243;][vc_column_text css=&#8221;.vc_custom_1644936727728{margin-left: 0px !important;}&#8221;]<\/p>\n<p style=\"text-align: left;\"><span style=\"color: #4d4d4d;\">A.J. te Riele Vaassen MT<\/span><br \/>\n<span style=\"color: #4d4d4d;\">Prins Bernhardlaan 7<\/span><br \/>\n<span style=\"color: #4d4d4d;\">8171 PN Vaassen<\/span><br \/>\n<span style=\"color: #4d4d4d;\">N\u00famero de tel\u00e9fono: <a href=\"tel:0031578571316\">+31(0)578-57 13 16<\/a><\/span><br \/>\n<span style=\"color: #4d4d4d;\">Email: <a href=\"mailto:maalderij@aj-teriele.nl\">maalderij@aj-teriele.nl<\/a><\/span><\/p>\n<p>[\/vc_column_text][\/vc_column_inner][\/vc_row_inner][vc_row_inner][vc_column_inner width=&#8221;1\/2&#8243; offset=&#8221;vc_hidden-lg vc_hidden-md&#8221;]<div id=\"ultimate-heading-10069e7448656c86\" class=\"uvc-heading ult-adjust-bottom-margin ultimate-heading-10069e7448656c86 uvc-6047 \" data-hspacer=\"no_spacer\"  data-halign=\"center\" style=\"text-align:center\"><div class=\"uvc-heading-spacer no_spacer\" style=\"top\"><\/div><div class=\"uvc-main-heading ult-responsive\"  data-ultimate-target='.uvc-heading.ultimate-heading-10069e7448656c86 h2'  data-responsive-json-new='{\"font-size\":\"desktop:22px;\",\"line-height\":\"\"}' ><h2 style=\"--font-weight:theme;color:#0c1967;\">correo directo<\/h2><\/div><\/div>[vc_separator color=&#8221;custom&#8221; border_width=&#8221;2&#8243; accent_color=&#8221;#0c1967&#8243;][vc_column_text]<\/p>\n<p style=\"text-align: left;\"><span class=\"normaltekst\" style=\"color: #4d4d4d;\">La solicitud va a nuestra direcci\u00f3n de correo de informaci\u00f3n.<\/span><\/p>\n<p>[\/vc_column_text][\/vc_column_inner][vc_column_inner width=&#8221;1\/2&#8243; offset=&#8221;vc_hidden-lg vc_hidden-md&#8221;]<div id=\"ultimate-heading-957769e7448656cdc\" class=\"uvc-heading ult-adjust-bottom-margin ultimate-heading-957769e7448656cdc uvc-6390 \" data-hspacer=\"no_spacer\"  data-halign=\"center\" style=\"text-align:center\"><div class=\"uvc-heading-spacer no_spacer\" style=\"top\"><\/div><div class=\"uvc-main-heading ult-responsive\"  data-ultimate-target='.uvc-heading.ultimate-heading-957769e7448656cdc h2'  data-responsive-json-new='{\"font-size\":\"desktop:22px;\",\"line-height\":\"\"}' ><h2 style=\"--font-weight:theme;color:#0c1967;\">Contacto<\/h2><\/div><\/div>[vc_separator color=&#8221;custom&#8221; border_width=&#8221;2&#8243; accent_color=&#8221;#0c1967&#8243;][vc_column_text css=&#8221;.vc_custom_1528295794466{margin-left: 0px !important;}&#8221;]<\/p>\n<p style=\"text-align: left;\"><span style=\"color: #4d4d4d;\">A.J. te Riele Vaassen b.v.<\/span><br \/>\n<span style=\"color: #4d4d4d;\">Prins Bernhardlaan 7<\/span><br \/>\n<span style=\"color: #4d4d4d;\">8171 PN Vaassen<\/span><br \/>\n<span style=\"color: #4d4d4d;\">N\u00famero de tel\u00e9fono: <a href=\"tel:0031578571316\">+31(0)578-57 13 16<\/a><\/span><br \/>\n<span style=\"color: #4d4d4d;\">Fax: <a href=\"fax:0578571316\">0578-57 43 00<\/a><\/span><br \/>\n<span style=\"color: #4d4d4d;\">Email: <a href=\"mailto:info@aj-teriele.test.hkbo.nl\">info@aj-teriele.test.hkbo.nl<\/a><\/span><\/p>\n<p>[\/vc_column_text][\/vc_column_inner][\/vc_row_inner][vc_row_inner][vc_column_inner width=&#8221;1\/2&#8243; offset=&#8221;vc_hidden-lg vc_hidden-md&#8221;][\/vc_column_inner][vc_column_inner width=&#8221;1\/2&#8243; offset=&#8221;vc_hidden-lg vc_hidden-md&#8221;]<div id=\"ultimate-heading-734169e7448656d36\" class=\"uvc-heading ult-adjust-bottom-margin ultimate-heading-734169e7448656d36 uvc-1166 \" data-hspacer=\"no_spacer\"  data-halign=\"center\" style=\"text-align:center\"><div class=\"uvc-heading-spacer no_spacer\" style=\"top\"><\/div><div class=\"uvc-main-heading ult-responsive\"  data-ultimate-target='.uvc-heading.ultimate-heading-734169e7448656d36 h2'  data-responsive-json-new='{\"font-size\":\"desktop:22px;\",\"line-height\":\"\"}' ><h2 style=\"--font-weight:theme;color:#0c1967;\">Contacto directo<\/h2><\/div><\/div>[vc_separator color=&#8221;custom&#8221; border_width=&#8221;2&#8243; accent_color=&#8221;#0c1967&#8243;]\n<div class=\"wpcf7 no-js\" id=\"wpcf7-f2454-o2\" lang=\"es-ES\" dir=\"ltr\" data-wpcf7-id=\"2454\">\n<div class=\"screen-reader-response\"><p role=\"status\" aria-live=\"polite\" aria-atomic=\"true\"><\/p> <ul><\/ul><\/div>\n<form action=\"\/es\/wp-json\/wp\/v2\/pages\/2403#wpcf7-f2454-o2\" method=\"post\" class=\"wpcf7-form init\" aria-label=\"Formulario de contacto\" novalidate=\"novalidate\" data-status=\"init\">\n<fieldset class=\"hidden-fields-container\"><input type=\"hidden\" name=\"_wpcf7\" value=\"2454\" \/><input type=\"hidden\" name=\"_wpcf7_version\" value=\"6.1.5\" \/><input type=\"hidden\" name=\"_wpcf7_locale\" value=\"es_ES\" \/><input type=\"hidden\" name=\"_wpcf7_unit_tag\" value=\"wpcf7-f2454-o2\" \/><input type=\"hidden\" name=\"_wpcf7_container_post\" value=\"0\" \/><input type=\"hidden\" name=\"_wpcf7_posted_data_hash\" value=\"\" \/><input type=\"hidden\" name=\"_wpcf7_recaptcha_response\" value=\"\" \/>\n<\/fieldset>\n<p><span id=\"wpcf7-69e74486576a9-wrapper\" class=\"wpcf7-form-control-wrap email-661-wrap\" ><input type=\"hidden\" name=\"email-661-time-start\" value=\"1776764038\"><input type=\"hidden\" name=\"email-661-time-check\" value=\"4\"><label for=\"wpcf7-69e74486576a9-field\" class=\"hp-message\">Por favor, deja este campo vac\u00edo.<\/label><input id=\"wpcf7-69e74486576a9-field\"  class=\"wpcf7-form-control wpcf7-text\" type=\"text\" name=\"email-661\" value=\"\" size=\"40\" tabindex=\"-1\" autocomplete=\"new-password\" \/><\/span><br \/>\n\t<font color=\"14145c\" original=\"PGg0Pg==\">\n\t<\/font>\n<\/p>\n<p>Nombre:<br\/h4 \/><br \/>\n<span class=\"wpcf7-form-control-wrap\" data-name=\"your-name\"><input size=\"40\" maxlength=\"400\" class=\"wpcf7-form-control wpcf7-text wpcf7-validates-as-required\" aria-required=\"true\" aria-invalid=\"false\" value=\"\" type=\"text\" name=\"your-name\" \/><\/span>\n<\/p>\n<p>Nombre de empresa:\n<\/p>\n<p><span class=\"wpcf7-form-control-wrap\" data-name=\"Bedrijfsnaam\"><input size=\"40\" maxlength=\"400\" class=\"wpcf7-form-control wpcf7-text wpcf7-validates-as-required\" aria-required=\"true\" aria-invalid=\"false\" value=\"\" type=\"text\" name=\"Bedrijfsnaam\" \/><\/span>\n<\/p>\n<p>E-mail:\n<\/p>\n<p><span class=\"wpcf7-form-control-wrap\" data-name=\"your-email\"><input size=\"40\" maxlength=\"400\" class=\"wpcf7-form-control wpcf7-email wpcf7-validates-as-required wpcf7-text wpcf7-validates-as-email\" aria-required=\"true\" aria-invalid=\"false\" value=\"\" type=\"email\" name=\"your-email\" \/><\/span>\n<\/p>\n<p>Tel\u00e9fono:\n<\/p>\n<p><span class=\"wpcf7-form-control-wrap\" data-name=\"your-email\"><input size=\"40\" maxlength=\"400\" class=\"wpcf7-form-control wpcf7-text wpcf7-validates-as-required\" aria-required=\"true\" aria-invalid=\"false\" value=\"\" type=\"text\" name=\"your-email\" \/><\/span>\n<\/p>\n<p>Pregunta \/ orden:<br \/>\n<br \/>\n<span class=\"wpcf7-form-control-wrap\" data-name=\"your-message\"><textarea cols=\"40\" rows=\"10\" maxlength=\"2000\" class=\"wpcf7-form-control wpcf7-textarea\" aria-invalid=\"false\" name=\"your-message\"><\/textarea><\/span>\n<\/p>\n<p><input class=\"wpcf7-form-control wpcf7-submit has-spinner\" type=\"submit\" value=\"Verzenden\" \/>\n<\/p><div class=\"wpcf7-response-output\" aria-hidden=\"true\"><\/div>\n<\/form>\n<\/div>\n[\/vc_column_inner][\/vc_row_inner][\/vc_column][\/vc_row][vc_row][vc_column][vc_gmaps link=&#8221;#E-8_JTNDaWZyYW1lJTIwc3JjJTNEJTIyaHR0cHMlM0ElMkYlMkZ3d3cuZ29vZ2xlLmNvbSUyRm1hcHMlMkZlbWJlZCUzRnBiJTNEJTIxMW0xOCUyMTFtMTIlMjExbTMlMjExZDI0NDAuMjgyNDg2MzQzOTY0JTIxMmQ1Ljk2NTA1NzQxNjIxNDUyMSUyMTNkNTIuMjkyNzI3MDc5NzcxODElMjEybTMlMjExZjAlMjEyZjAlMjEzZjAlMjEzbTIlMjExaTEwMjQlMjEyaTc2OCUyMTRmMTMuMSUyMTNtMyUyMTFtMiUyMTFzMHg0N2M3YzY3OWI3NTJhNzk1JTI1M0EweDZhNDdmNzEwNmE0ZmIzZWUlMjEyc1ByaW5zJTJCQmVybmhhcmRsYWFuJTJCNyUyNTJDJTJCODE3MSUyQlBOJTJCVmFhc3NlbiUyMTVlMCUyMTNtMiUyMTFzbmwlMjEyc25sJTIxNHYxNDkxOTkwNjgxNTk5JTIyJTIwd2lkdGglM0QlMjIxMDAlMjUlMjIlMjBoZWlnaHQlM0QlMjI0NTAlMjIlMjBmcmFtZWJvcmRlciUzRCUyMjAlMjIlMjBzdHlsZSUzRCUyMmJvcmRlciUzQTAlMjIlMjBhbGxvd2Z1bGxzY3JlZW4lM0UlM0MlMkZpZnJhbWUlM0U=&#8221;][\/vc_column][\/vc_row]<\/p>\n<\/div>","protected":false},"excerpt":{"rendered":"<p>[vc_row][vc_column][vc_empty_space][vc_row_inner css=&#8221;.vc_custom_1491991080826{margin-bottom: 0px !important;}&#8221;][vc_column_inner width=&#8221;1\/2&#8243;][vc_empty_space][vc_separator color=&#8221;custom&#8221; border_width=&#8221;2&#8243; accent_color=&#8221;#0c1967&#8243;][vc_column_text] Estamos felices de poder servirle. Si tiene una pregunta o un pedido, puede ingresarlo aqu\u00ed. Nos pondremos en contacto con usted tan pronto como sea posible. [\/vc_column_text][\/vc_column_inner][vc_column_inner width=&#8221;1\/2&#8243; offset=&#8221;vc_hidden-sm vc_hidden-xs&#8221;][vc_empty_space][vc_separator color=&#8221;custom&#8221; border_width=&#8221;2&#8243; accent_color=&#8221;#0c1967&#8243;][\/vc_column_inner][\/vc_row_inner][vc_row_inner][vc_column_inner el_class=&#8221;top&#8221; width=&#8221;1\/2&#8243; offset=&#8221;vc_hidden-sm vc_hidden-xs&#8221;][vc_separator color=&#8221;custom&#8221; border_width=&#8221;2&#8243; accent_color=&#8221;#0c1967&#8243;][vc_column_text] La solicitud se env\u00eda a la direcci\u00f3n&hellip;<\/p>\n","protected":false},"author":6,"featured_media":0,"parent":2366,"menu_order":0,"comment_status":"closed","ping_status":"closed","template":"template-microsite.php","meta":{"footnotes":""},"class_list":["post-2403","page","type-page","status-publish","hentry","description-off"],"yoast_head":"<!-- This site is optimized with the Yoast SEO plugin v27.4 - https:\/\/yoast.com\/product\/yoast-seo-wordpress\/ -->\n<title>Contacto - Mill - A.J. te Riele<\/title>\n<meta name=\"robots\" content=\"index, follow, max-snippet:-1, max-image-preview:large, max-video-preview:-1\" \/>\n<link rel=\"canonical\" href=\"https:\/\/aj-teriele.nl\/es\/home-molino\/contacto-mill\/\" \/>\n<meta property=\"og:locale\" content=\"es_ES\" \/>\n<meta property=\"og:type\" content=\"article\" \/>\n<meta property=\"og:title\" content=\"Contacto - Mill - A.J. te Riele\" \/>\n<meta property=\"og:description\" content=\"[vc_row][vc_column][vc_empty_space][vc_row_inner css=&#8221;.vc_custom_1491991080826{margin-bottom: 0px !important;}&#8221;][vc_column_inner width=&#8221;1\/2&#8243;][vc_empty_space][vc_separator color=&#8221;custom&#8221; border_width=&#8221;2&#8243; accent_color=&#8221;#0c1967&#8243;][vc_column_text] Estamos felices de poder servirle. Si tiene una pregunta o un pedido, puede ingresarlo aqu\u00ed. Nos pondremos en contacto con usted tan pronto como sea posible. [\/vc_column_text][\/vc_column_inner][vc_column_inner width=&#8221;1\/2&#8243; offset=&#8221;vc_hidden-sm vc_hidden-xs&#8221;][vc_empty_space][vc_separator color=&#8221;custom&#8221; border_width=&#8221;2&#8243; accent_color=&#8221;#0c1967&#8243;][\/vc_column_inner][\/vc_row_inner][vc_row_inner][vc_column_inner el_class=&#8221;top&#8221; width=&#8221;1\/2&#8243; offset=&#8221;vc_hidden-sm vc_hidden-xs&#8221;][vc_separator color=&#8221;custom&#8221; border_width=&#8221;2&#8243; accent_color=&#8221;#0c1967&#8243;][vc_column_text] La solicitud se env\u00eda a la direcci\u00f3n&hellip;\" \/>\n<meta property=\"og:url\" content=\"https:\/\/aj-teriele.nl\/es\/home-molino\/contacto-mill\/\" \/>\n<meta property=\"og:site_name\" content=\"A.J. te Riele\" \/>\n<meta property=\"article:modified_time\" content=\"2022-02-15T14:52:12+00:00\" \/>\n<meta name=\"twitter:card\" content=\"summary_large_image\" \/>\n<meta name=\"twitter:label1\" content=\"Tiempo de lectura\" \/>\n\t<meta name=\"twitter:data1\" content=\"1 minuto\" \/>\n<!-- \/ Yoast SEO plugin. -->","yoast_head_json":{"title":"Contacto - Mill - A.J. te Riele","robots":{"index":"index","follow":"follow","max-snippet":"max-snippet:-1","max-image-preview":"max-image-preview:large","max-video-preview":"max-video-preview:-1"},"canonical":"https:\/\/aj-teriele.nl\/es\/home-molino\/contacto-mill\/","og_locale":"es_ES","og_type":"article","og_title":"Contacto - Mill - A.J. te Riele","og_description":"[vc_row][vc_column][vc_empty_space][vc_row_inner css=&#8221;.vc_custom_1491991080826{margin-bottom: 0px !important;}&#8221;][vc_column_inner width=&#8221;1\/2&#8243;][vc_empty_space][vc_separator color=&#8221;custom&#8221; border_width=&#8221;2&#8243; accent_color=&#8221;#0c1967&#8243;][vc_column_text] Estamos felices de poder servirle. Si tiene una pregunta o un pedido, puede ingresarlo aqu\u00ed. Nos pondremos en contacto con usted tan pronto como sea posible. [\/vc_column_text][\/vc_column_inner][vc_column_inner width=&#8221;1\/2&#8243; offset=&#8221;vc_hidden-sm vc_hidden-xs&#8221;][vc_empty_space][vc_separator color=&#8221;custom&#8221; border_width=&#8221;2&#8243; accent_color=&#8221;#0c1967&#8243;][\/vc_column_inner][\/vc_row_inner][vc_row_inner][vc_column_inner el_class=&#8221;top&#8221; width=&#8221;1\/2&#8243; offset=&#8221;vc_hidden-sm vc_hidden-xs&#8221;][vc_separator color=&#8221;custom&#8221; border_width=&#8221;2&#8243; accent_color=&#8221;#0c1967&#8243;][vc_column_text] La solicitud se env\u00eda a la direcci\u00f3n&hellip;","og_url":"https:\/\/aj-teriele.nl\/es\/home-molino\/contacto-mill\/","og_site_name":"A.J. te Riele","article_modified_time":"2022-02-15T14:52:12+00:00","twitter_card":"summary_large_image","twitter_misc":{"Tiempo de lectura":"1 minuto"},"schema":{"@context":"https:\/\/schema.org","@graph":[{"@type":"WebPage","@id":"https:\/\/aj-teriele.nl\/es\/home-molino\/contacto-mill\/","url":"https:\/\/aj-teriele.nl\/es\/home-molino\/contacto-mill\/","name":"Contacto - Mill - A.J. te Riele","isPartOf":{"@id":"https:\/\/aj-teriele.nl\/es\/#website"},"datePublished":"2021-11-25T09:31:56+00:00","dateModified":"2022-02-15T14:52:12+00:00","breadcrumb":{"@id":"https:\/\/aj-teriele.nl\/es\/home-molino\/contacto-mill\/#breadcrumb"},"inLanguage":"es","potentialAction":[{"@type":"ReadAction","target":["https:\/\/aj-teriele.nl\/es\/home-molino\/contacto-mill\/"]}]},{"@type":"BreadcrumbList","@id":"https:\/\/aj-teriele.nl\/es\/home-molino\/contacto-mill\/#breadcrumb","itemListElement":[{"@type":"ListItem","position":1,"name":"Home","item":"https:\/\/aj-teriele.nl\/es\/"},{"@type":"ListItem","position":2,"name":"Home molino","item":"https:\/\/aj-teriele.nl\/es\/home-molino\/"},{"@type":"ListItem","position":3,"name":"Contacto &#8211; Mill"}]},{"@type":"WebSite","@id":"https:\/\/aj-teriele.nl\/es\/#website","url":"https:\/\/aj-teriele.nl\/es\/","name":"A.J. te Riele","description":"Maalderij in Vaassen","potentialAction":[{"@type":"SearchAction","target":{"@type":"EntryPoint","urlTemplate":"https:\/\/aj-teriele.nl\/es\/?s={search_term_string}"},"query-input":{"@type":"PropertyValueSpecification","valueRequired":true,"valueName":"search_term_string"}}],"inLanguage":"es"}]}},"_links":{"self":[{"href":"https:\/\/aj-teriele.nl\/es\/wp-json\/wp\/v2\/pages\/2403","targetHints":{"allow":["GET"]}}],"collection":[{"href":"https:\/\/aj-teriele.nl\/es\/wp-json\/wp\/v2\/pages"}],"about":[{"href":"https:\/\/aj-teriele.nl\/es\/wp-json\/wp\/v2\/types\/page"}],"author":[{"embeddable":true,"href":"https:\/\/aj-teriele.nl\/es\/wp-json\/wp\/v2\/users\/6"}],"replies":[{"embeddable":true,"href":"https:\/\/aj-teriele.nl\/es\/wp-json\/wp\/v2\/comments?post=2403"}],"version-history":[{"count":5,"href":"https:\/\/aj-teriele.nl\/es\/wp-json\/wp\/v2\/pages\/2403\/revisions"}],"predecessor-version":[{"id":2899,"href":"https:\/\/aj-teriele.nl\/es\/wp-json\/wp\/v2\/pages\/2403\/revisions\/2899"}],"up":[{"embeddable":true,"href":"https:\/\/aj-teriele.nl\/es\/wp-json\/wp\/v2\/pages\/2366"}],"wp:attachment":[{"href":"https:\/\/aj-teriele.nl\/es\/wp-json\/wp\/v2\/media?parent=2403"}],"curies":[{"name":"wp","href":"https:\/\/api.w.org\/{rel}","templated":true}]}}