{"id":2410,"date":"2021-11-25T10:38:43","date_gmt":"2021-11-25T09:38:43","guid":{"rendered":"https:\/\/aj-teriele.nl\/home-dpt\/"},"modified":"2022-02-15T15:57:21","modified_gmt":"2022-02-15T14:57:21","slug":"home-dpt","status":"publish","type":"page","link":"https:\/\/aj-teriele.nl\/es\/home-dpt\/","title":{"rendered":"Home &#8211; DPT"},"content":{"rendered":"<div class=\"wpb-content-wrapper\"><p>[vc_row][vc_column][vc_column_text]<\/p>\n<h1><span style=\"color: #0c1967;\">DPT-Netherlands BV<\/span><\/h1>\n<p>[\/vc_column_text][\/vc_column][\/vc_row][vc_row][vc_column width=&#8221;2\/3&#8243;][vc_column_text]DPT-Netherlands BV est\u00e1 especializada en el procesamiento (perfilado) de rollos de escamas.<\/p>\n<p>Desde 2015, DPT-Netherlands BV ha estado en posesi\u00f3n de una m\u00e1quina de riffling completamente autom\u00e1tica, dise\u00f1ada de acuerdo con los \u00faltimos deseos e innovaciones y completamente bajo su propia gesti\u00f3n. Junto con Rodomach, lo mejor en automatizaci\u00f3n y tecnolog\u00eda rob\u00f3tica, construy\u00f3 una m\u00e1quina A.J. te Riele Vaassen MT que demostrar\u00e1 su rendimiento en el futuro.<\/p>\n<p>El tR810 tiene capacidad para rodillos con un di\u00e1metro de 810 mm, una longitud de hasta 3000 mm y un peso de hasta 6&#8217;500 kg. Las velocidades de perfilado de estos pesados \u200b\u200brollos alcanzan muy por encima de los 22 m \/ min y 105 m \/ min en el retorno.<\/p>\n<p>Un carrusel con 12 cinceles garantiza un procesamiento continuo sin fricci\u00f3n del rollo. La velocidad y el n\u00famero de cinceles utilizados dependen de la dureza y la resistencia al desgaste del material del que est\u00e1 hecho el rollo. Cuando los 12 bits del carrusel se gastan, un robot los afila y el perfilado puede continuar desde donde se detuvo.[\/vc_column_text][vc_empty_space][\/vc_column][vc_column width=&#8221;1\/3&#8243;][vc_video link=&#8221;https:\/\/youtu.be\/LEGoX8gkcfs&#8221;][\/vc_column][\/vc_row][vc_row][vc_column width=&#8221;1\/4&#8243;][vc_single_image image=&#8221;2402&#8243; img_size=&#8221;full&#8221;][\/vc_column][vc_column width=&#8221;1\/4&#8243;][vc_single_image image=&#8221;1755&#8243; img_size=&#8221;full&#8221;][\/vc_column][vc_column width=&#8221;1\/4&#8243;][vc_single_image image=&#8221;1802&#8243; img_size=&#8221;full&#8221;][\/vc_column][vc_column width=&#8221;1\/4&#8243;][\/vc_column][\/vc_row][vc_row][vc_column][vc_empty_space height=&#8221;20px&#8221;]<div id=\"ultimate-heading-439269f707db767a9\" class=\"uvc-heading ult-adjust-bottom-margin ultimate-heading-439269f707db767a9 uvc-2078  uvc-heading-default-font-sizes\" data-hspacer=\"no_spacer\"  data-halign=\"left\" style=\"text-align:left\"><div class=\"uvc-heading-spacer no_spacer\" style=\"top\"><\/div><div class=\"uvc-main-heading ult-responsive\"  data-ultimate-target='.uvc-heading.ultimate-heading-439269f707db767a9 h2'  data-responsive-json-new='{\"font-size\":\"\",\"line-height\":\"\"}' ><h2 style=\"--font-weight:theme;color:#0c1967;\">educaciones<\/h2><\/div><\/div>[vc_separator color=&#8221;custom&#8221; border_width=&#8221;2&#8243; accent_color=&#8221;#0c1967&#8243;][vc_empty_space height=&#8221;8px&#8221;][vc_row_inner][vc_column_inner width=&#8221;1\/3&#8243;]<div tabindex=\"0\" class=\"ult-new-ib ult-ib-effect-style1  ult-ib-resp  \" data-min-width=\"768\" data-max-width=\"900\" style=\"background:#0c1967;\" data-opacity=\"1\" data-hover-opacity=\"0\" ><img decoding=\"async\" class=\"ult-new-ib-img\" style=\"opacity:1;\" alt=\"null\" src=\"https:\/\/aj-teriele.nl\/wp-content\/uploads\/2017\/03\/IMG_0533.jpg\"   \/><div id=\"interactive-banner-wrap-2186\" class=\"ult-new-ib-desc\" style=\"\"><h1 class=\"ult-new-ib-title ult-responsive\"  data-ultimate-target='#interactive-banner-wrap-2186 .ult-new-ib-title'  data-responsive-json-new='{\"font-size\":\"desktop:22px;\",\"line-height\":\"\"}'  style=\"font-weight:normal;\">riffle tR810<\/h1><div class=\"ult-new-ib-content ult-responsive\"  data-ultimate-target='#interactive-banner-wrap-2186 .ult-new-ib-content'  data-responsive-json-new='{\"font-size\":\"\",\"line-height\":\"\"}'  style=\"font-weight:normal;\"><p>La formaci\u00f3n consta de:<\/p>\n<p>- Manejo del tR810<br \/>\n- Puntos importantes<br \/>\n- Esfuerzo rodando<br \/>\n- Calibrar longitud \/ di\u00e1metro<br \/>\n- Determinaci\u00f3n cero<br \/>\n- Datos de programaci\u00f3n<br \/>\n- iniciar \/ detener riffing<\/p><\/div><\/div><\/div>[\/vc_column_inner][vc_column_inner width=&#8221;1\/3&#8243;]<div tabindex=\"0\" class=\"ult-new-ib ult-ib-effect-style1  ult-ib-resp  \" data-min-width=\"768\" data-max-width=\"900\" style=\"background:#0c1967;\" data-opacity=\"1\" data-hover-opacity=\"0\" ><img decoding=\"async\" class=\"ult-new-ib-img\" style=\"opacity:1;\" alt=\"null\" src=\"https:\/\/aj-teriele.nl\/wp-content\/uploads\/2017\/03\/IMG_0540.jpg\"   \/><div id=\"interactive-banner-wrap-9346\" class=\"ult-new-ib-desc\" style=\"\"><h1 class=\"ult-new-ib-title ult-responsive\"  data-ultimate-target='#interactive-banner-wrap-9346 .ult-new-ib-title'  data-responsive-json-new='{\"font-size\":\"desktop:22px;\",\"line-height\":\"\"}'  style=\"font-weight:normal;\">carrusel de cincel<\/h1><div class=\"ult-new-ib-content ult-responsive\"  data-ultimate-target='#interactive-banner-wrap-9346 .ult-new-ib-content'  data-responsive-json-new='{\"font-size\":\"\",\"line-height\":\"\"}'  style=\"font-weight:normal;\"><p>Herramientas tR810<\/p>\n<p>- Herramientas de molienda previa<br \/>\n- Calibrar cinceles<br \/>\n- Cinceles para cantear<br \/>\n- Usando carrusel<br \/>\n- carrusel de programaci\u00f3n<br \/>\n- Carrusel de medidas<\/p><\/div><\/div><\/div>[\/vc_column_inner][vc_column_inner width=&#8221;1\/3&#8243;]<div tabindex=\"0\" class=\"ult-new-ib ult-ib-effect-style1  ult-ib-resp  \" data-min-width=\"768\" data-max-width=\"900\" style=\"background:#0c1967;\" data-opacity=\"1\" data-hover-opacity=\"0\" ><img decoding=\"async\" class=\"ult-new-ib-img\" style=\"opacity:1;\" alt=\"null\" src=\"https:\/\/aj-teriele.nl\/wp-content\/uploads\/2017\/03\/IMG_0547.jpg\"   \/><div id=\"interactive-banner-wrap-8826\" class=\"ult-new-ib-desc\" style=\"\"><h1 class=\"ult-new-ib-title ult-responsive\"  data-ultimate-target='#interactive-banner-wrap-8826 .ult-new-ib-title'  data-responsive-json-new='{\"font-size\":\"desktop:22px;\",\"line-height\":\"\"}'  style=\"font-weight:normal;color:#ffffff;\">Robot de pulido<\/h1><div class=\"ult-new-ib-content ult-responsive\"  data-ultimate-target='#interactive-banner-wrap-8826 .ult-new-ib-content'  data-responsive-json-new='{\"font-size\":\"\",\"line-height\":\"\"}'  style=\"font-weight:normal;\"><p>Operar robot de pulido<\/p>\n<p>- Portaherramientas para cantear<br \/>\n- Fijaci\u00f3n de portaherramientas<br \/>\n- Portaherramientas de medici\u00f3n<br \/>\n- Establecer robot<br \/>\n- Ajustar el acabado de pulido<br \/>\n- Afilar<br \/>\n- Cinceles de calibraci\u00f3n \/ punto cero<br \/>\n- Reiniciar riffing<\/p><\/div><\/div><\/div>[\/vc_column_inner][\/vc_row_inner][vc_empty_space][\/vc_column][\/vc_row]<\/p>\n<\/div>","protected":false},"excerpt":{"rendered":"<p>[vc_row][vc_column][vc_column_text] DPT-Netherlands BV [\/vc_column_text][\/vc_column][\/vc_row][vc_row][vc_column width=&#8221;2\/3&#8243;][vc_column_text]DPT-Netherlands BV est\u00e1 especializada en el procesamiento (perfilado) de rollos de escamas. Desde 2015, DPT-Netherlands BV ha estado en posesi\u00f3n de una m\u00e1quina de riffling completamente autom\u00e1tica, dise\u00f1ada de acuerdo con los \u00faltimos deseos e innovaciones y completamente bajo su propia gesti\u00f3n. Junto con Rodomach, lo mejor en automatizaci\u00f3n y tecnolog\u00eda&hellip;<\/p>\n","protected":false},"author":6,"featured_media":0,"parent":0,"menu_order":0,"comment_status":"closed","ping_status":"closed","template":"template-microsite.php","meta":{"footnotes":""},"class_list":["post-2410","page","type-page","status-publish","hentry","description-off"],"yoast_head":"<!-- This site is optimized with the Yoast SEO plugin v27.5 - https:\/\/yoast.com\/product\/yoast-seo-wordpress\/ -->\n<title>Home - DPT - A.J. te Riele<\/title>\n<meta name=\"robots\" content=\"index, follow, max-snippet:-1, max-image-preview:large, max-video-preview:-1\" \/>\n<link rel=\"canonical\" href=\"https:\/\/aj-teriele.nl\/es\/home-dpt\/\" \/>\n<meta property=\"og:locale\" content=\"es_ES\" \/>\n<meta property=\"og:type\" content=\"article\" \/>\n<meta property=\"og:title\" content=\"Home - DPT - A.J. te Riele\" \/>\n<meta property=\"og:description\" content=\"[vc_row][vc_column][vc_column_text] DPT-Netherlands BV [\/vc_column_text][\/vc_column][\/vc_row][vc_row][vc_column width=&#8221;2\/3&#8243;][vc_column_text]DPT-Netherlands BV est\u00e1 especializada en el procesamiento (perfilado) de rollos de escamas. Desde 2015, DPT-Netherlands BV ha estado en posesi\u00f3n de una m\u00e1quina de riffling completamente autom\u00e1tica, dise\u00f1ada de acuerdo con los \u00faltimos deseos e innovaciones y completamente bajo su propia gesti\u00f3n. Junto con Rodomach, lo mejor en automatizaci\u00f3n y tecnolog\u00eda&hellip;\" \/>\n<meta property=\"og:url\" content=\"https:\/\/aj-teriele.nl\/es\/home-dpt\/\" \/>\n<meta property=\"og:site_name\" content=\"A.J. te Riele\" \/>\n<meta property=\"article:modified_time\" content=\"2022-02-15T14:57:21+00:00\" \/>\n<meta name=\"twitter:card\" content=\"summary_large_image\" \/>\n<meta name=\"twitter:label1\" content=\"Tiempo de lectura\" \/>\n\t<meta name=\"twitter:data1\" content=\"2 minutos\" \/>\n<!-- \/ Yoast SEO plugin. -->","yoast_head_json":{"title":"Home - DPT - A.J. te Riele","robots":{"index":"index","follow":"follow","max-snippet":"max-snippet:-1","max-image-preview":"max-image-preview:large","max-video-preview":"max-video-preview:-1"},"canonical":"https:\/\/aj-teriele.nl\/es\/home-dpt\/","og_locale":"es_ES","og_type":"article","og_title":"Home - DPT - A.J. te Riele","og_description":"[vc_row][vc_column][vc_column_text] DPT-Netherlands BV [\/vc_column_text][\/vc_column][\/vc_row][vc_row][vc_column width=&#8221;2\/3&#8243;][vc_column_text]DPT-Netherlands BV est\u00e1 especializada en el procesamiento (perfilado) de rollos de escamas. Desde 2015, DPT-Netherlands BV ha estado en posesi\u00f3n de una m\u00e1quina de riffling completamente autom\u00e1tica, dise\u00f1ada de acuerdo con los \u00faltimos deseos e innovaciones y completamente bajo su propia gesti\u00f3n. Junto con Rodomach, lo mejor en automatizaci\u00f3n y tecnolog\u00eda&hellip;","og_url":"https:\/\/aj-teriele.nl\/es\/home-dpt\/","og_site_name":"A.J. te Riele","article_modified_time":"2022-02-15T14:57:21+00:00","twitter_card":"summary_large_image","twitter_misc":{"Tiempo de lectura":"2 minutos"},"schema":{"@context":"https:\/\/schema.org","@graph":[{"@type":"WebPage","@id":"https:\/\/aj-teriele.nl\/es\/home-dpt\/","url":"https:\/\/aj-teriele.nl\/es\/home-dpt\/","name":"Home - DPT - A.J. te Riele","isPartOf":{"@id":"https:\/\/aj-teriele.nl\/es\/#website"},"datePublished":"2021-11-25T09:38:43+00:00","dateModified":"2022-02-15T14:57:21+00:00","breadcrumb":{"@id":"https:\/\/aj-teriele.nl\/es\/home-dpt\/#breadcrumb"},"inLanguage":"es","potentialAction":[{"@type":"ReadAction","target":["https:\/\/aj-teriele.nl\/es\/home-dpt\/"]}]},{"@type":"BreadcrumbList","@id":"https:\/\/aj-teriele.nl\/es\/home-dpt\/#breadcrumb","itemListElement":[{"@type":"ListItem","position":1,"name":"Home","item":"https:\/\/aj-teriele.nl\/es\/"},{"@type":"ListItem","position":2,"name":"Home &#8211; DPT"}]},{"@type":"WebSite","@id":"https:\/\/aj-teriele.nl\/es\/#website","url":"https:\/\/aj-teriele.nl\/es\/","name":"A.J. te Riele","description":"Maalderij in Vaassen","potentialAction":[{"@type":"SearchAction","target":{"@type":"EntryPoint","urlTemplate":"https:\/\/aj-teriele.nl\/es\/?s={search_term_string}"},"query-input":{"@type":"PropertyValueSpecification","valueRequired":true,"valueName":"search_term_string"}}],"inLanguage":"es"}]}},"_links":{"self":[{"href":"https:\/\/aj-teriele.nl\/es\/wp-json\/wp\/v2\/pages\/2410","targetHints":{"allow":["GET"]}}],"collection":[{"href":"https:\/\/aj-teriele.nl\/es\/wp-json\/wp\/v2\/pages"}],"about":[{"href":"https:\/\/aj-teriele.nl\/es\/wp-json\/wp\/v2\/types\/page"}],"author":[{"embeddable":true,"href":"https:\/\/aj-teriele.nl\/es\/wp-json\/wp\/v2\/users\/6"}],"replies":[{"embeddable":true,"href":"https:\/\/aj-teriele.nl\/es\/wp-json\/wp\/v2\/comments?post=2410"}],"version-history":[{"count":5,"href":"https:\/\/aj-teriele.nl\/es\/wp-json\/wp\/v2\/pages\/2410\/revisions"}],"predecessor-version":[{"id":2904,"href":"https:\/\/aj-teriele.nl\/es\/wp-json\/wp\/v2\/pages\/2410\/revisions\/2904"}],"wp:attachment":[{"href":"https:\/\/aj-teriele.nl\/es\/wp-json\/wp\/v2\/media?parent=2410"}],"curies":[{"name":"wp","href":"https:\/\/api.w.org\/{rel}","templated":true}]}}